{"id":3,"date":"2022-02-08T12:58:19","date_gmt":"2022-02-08T10:58:19","guid":{"rendered":"https:\/\/me.yrittajat.fi\/elinvoimaa\/etusivu\/"},"modified":"2026-04-20T08:24:16","modified_gmt":"2026-04-20T05:24:16","slug":"etusivu","status":"publish","type":"page","link":"https:\/\/me.yrittajat.fi\/elinvoimaa\/","title":{"rendered":"Etusivu"},"content":{"rendered":"\n\t<div id=\"gb-background-block_049e617a74f93ed639195cd49c1c4508\" class=\"gb-background gb-background-block_049e617a74f93ed639195cd49c1c4508 bg-black\">\n\t\t<div class=\"container\">\n\t\t\t<div class=\"gutenberg-content\">\n\t\t\t\t\t\t\t\t\n\n<h2 class=\"wp-block-heading has-text-align-center\">Elinvoiman rakennuspalikat<\/h2>\n\n\n\n<p class=\"has-text-align-center\">Kokoamme&nbsp;kuntavaikuttajat, asiantuntijat&nbsp;ja yritt\u00e4j\u00e4t perinteiseen elinvoimaseminaariin verkostoitumaan, kuulemaan ajankohtaisia puheenvuoroja sek\u00e4 kehitt\u00e4m\u00e4\u00e4n yhteisty\u00f6t\u00e4 Pirkanmaan elinvoimaisuuden edist\u00e4miseksi.&nbsp;<\/p>\n\n\n\n<p class=\"has-text-align-center\">Seminaari pidet\u00e4\u00e4n <strong>Tampere-talossa<\/strong><br>(Yliopistonkatu 55, Tampere).<\/p>\n\n\n\n<p class=\"has-text-align-center\">Seminaarin teemana on kuntien elinvoimaisuuden kehitt\u00e4minen <br>ja kulttuurin merkitys. <\/p>\n\n\n\n<p class=\"has-text-align-center\"><strong>Tervetuloa!<br><\/strong>Kuvat: Laura Vanzo. Video: Visit Tampere.<\/p>\n\n\n\n<p class=\"has-text-align-center\"><strong>Tapahtuman yhteisty\u00f6kumppani:<\/strong><\/p>\n\n\n\n<div class=\"wp-block-columns is-layout-flex wp-container-core-columns-is-layout-1 wp-block-columns-is-layout-flex\">\n<div class=\"wp-block-column is-layout-flow wp-block-column-is-layout-flow\" style=\"flex-basis:25%\"><\/div>\n\n\n\n<div class=\"wp-block-column is-layout-flow wp-block-column-is-layout-flow\" style=\"flex-basis:50%\">\n<figure class=\"wp-block-image size-large\"><a href=\"https:\/\/skr.fi\/\" target=\"_blank\" rel=\" noreferrer noopener\"><img loading=\"lazy\" decoding=\"async\" width=\"931\" height=\"1024\" src=\"https:\/\/me.yrittajat.fi\/app\/uploads\/sites\/40\/2026\/02\/SKR_Vertical_Two_Row_white-931x1024.png\" alt=\"\" class=\"wp-image-408\" srcset=\"https:\/\/me.yrittajat.fi\/app\/uploads\/sites\/40\/2026\/02\/SKR_Vertical_Two_Row_white-931x1024.png 931w, https:\/\/me.yrittajat.fi\/app\/uploads\/sites\/40\/2026\/02\/SKR_Vertical_Two_Row_white-273x300.png 273w, https:\/\/me.yrittajat.fi\/app\/uploads\/sites\/40\/2026\/02\/SKR_Vertical_Two_Row_white-768x845.png 768w, https:\/\/me.yrittajat.fi\/app\/uploads\/sites\/40\/2026\/02\/SKR_Vertical_Two_Row_white-1396x1536.png 1396w, https:\/\/me.yrittajat.fi\/app\/uploads\/sites\/40\/2026\/02\/SKR_Vertical_Two_Row_white.png 1479w\" sizes=\"auto, (max-width: 931px) 100vw, 931px\" \/><\/a><\/figure>\n<\/div>\n\n\n\n<div class=\"wp-block-column is-layout-flow wp-block-column-is-layout-flow\" style=\"flex-basis:25%\"><\/div>\n<\/div>\n\n\n\n<div class=\"wp-block-columns is-layout-flex wp-container-core-columns-is-layout-2 wp-block-columns-is-layout-flex\">\n<div class=\"wp-block-column is-layout-flow wp-block-column-is-layout-flow\"><div class=\"wp-block-image\">\n<figure class=\"aligncenter size-large\"><img loading=\"lazy\" decoding=\"async\" width=\"1024\" height=\"576\" src=\"https:\/\/me.yrittajat.fi\/app\/uploads\/sites\/40\/2026\/02\/Tampere-Hall-by-night-Valoviikot-Laura-Vanzo-8-1-1024x576.jpg\" alt=\"\" class=\"wp-image-380\" srcset=\"https:\/\/me.yrittajat.fi\/app\/uploads\/sites\/40\/2026\/02\/Tampere-Hall-by-night-Valoviikot-Laura-Vanzo-8-1-1024x576.jpg 1024w, https:\/\/me.yrittajat.fi\/app\/uploads\/sites\/40\/2026\/02\/Tampere-Hall-by-night-Valoviikot-Laura-Vanzo-8-1-300x169.jpg 300w, https:\/\/me.yrittajat.fi\/app\/uploads\/sites\/40\/2026\/02\/Tampere-Hall-by-night-Valoviikot-Laura-Vanzo-8-1-768x432.jpg 768w, https:\/\/me.yrittajat.fi\/app\/uploads\/sites\/40\/2026\/02\/Tampere-Hall-by-night-Valoviikot-Laura-Vanzo-8-1-1536x864.jpg 1536w, https:\/\/me.yrittajat.fi\/app\/uploads\/sites\/40\/2026\/02\/Tampere-Hall-by-night-Valoviikot-Laura-Vanzo-8-1-2048x1152.jpg 2048w, https:\/\/me.yrittajat.fi\/app\/uploads\/sites\/40\/2026\/02\/Tampere-Hall-by-night-Valoviikot-Laura-Vanzo-8-1-318x178.jpg 318w, https:\/\/me.yrittajat.fi\/app\/uploads\/sites\/40\/2026\/02\/Tampere-Hall-by-night-Valoviikot-Laura-Vanzo-8-1-1364x768.jpg 1364w\" sizes=\"auto, (max-width: 1024px) 100vw, 1024px\" \/><\/figure><\/div><\/div>\n\n\n\n<div class=\"wp-block-column is-layout-flow wp-block-column-is-layout-flow\">\n<figure class=\"wp-block-embed is-type-video is-provider-youtube wp-block-embed-youtube wp-embed-aspect-16-9 wp-has-aspect-ratio\"><div class=\"wp-block-embed__wrapper\">\n<iframe loading=\"lazy\" title=\"Visit Tampere, Finland\" width=\"500\" height=\"281\" src=\"https:\/\/www.youtube.com\/embed\/POLBTxoEQ_0?feature=oembed\" frameborder=\"0\" allow=\"accelerometer; autoplay; clipboard-write; encrypted-media; gyroscope; picture-in-picture; web-share\" referrerpolicy=\"strict-origin-when-cross-origin\" allowfullscreen><\/iframe>\n<\/div><\/figure>\n<\/div>\n<\/div>\n\n\n\t\t\t<\/div>\n\t\t<\/div>\n\t<\/div>\n\n\n\n\n<div class=\"wp-block-columns is-layout-flex wp-container-core-columns-is-layout-3 wp-block-columns-is-layout-flex\">\n<div class=\"wp-block-column is-layout-flow wp-block-column-is-layout-flow\">\n<h2 class=\"wp-block-heading has-text-align-center\">Ohjelma<\/h2>\n\n\n\n<p class=\"has-text-align-center\">Tapahtuman alustava ohjelma.<\/p>\n<\/div>\n<\/div>\n\n\n\n<section id=\"gb-accordion-block_cc4ddde0732f02f96ee7e3cf1cf5e08e\" class=\"gb-accordion gb-accordion-block_cc4ddde0732f02f96ee7e3cf1cf5e08e\">\n\t<div class=\"handorgel\">\n\t\t\t\t\t<h3 class=\"handorgel__header handorgel__header--has-start-time\">\n\t\t\t\t<button class=\"handorgel__header__button\"\n\t\t\t\t        id=\"jari-haapaniemi-avaussanat\">\n\t\t\t\t\t<span class=\"handorgel__header__button--content\">\n\t\t\t\t\t\t\t\t\t\t\t<span\n\t\t\t\t\t\t\tclass=\"handorgel__header__button--start-time\">12:00<\/span>\n\t\t\t\t\t\t\t\t\t\t<span class=\"handorgel__header__button--title\">Jari Haapaniemi: Avaussanat<\/span>\n\t\t\t\t\t<\/span>\n\t\t\t\t\t<span class=\"handorgel__header__button--icon\">\n\t\t\t\t\t\t\t<span><\/span>\n\t\t\t\t\t\t\t<span><\/span>\n\t\t\t\t\t<\/span>\n\t\t\t\t\t\t\t\t\t<\/button>\n\t\t\t<\/h3>\n\t\t\t<div class=\"handorgel__content handorgel__content--has-start-time\">\n\t\t\t\t<div class=\"handorgel__content__inner\">\n\t\t\t\t\t<p>Puheenjohtaja Jari Haapaniemi, Pirkanmaan Yritt\u00e4j\u00e4t.<\/p>\n\t\t\t\t<\/div>\n\t\t\t<\/div>\n\t\t\t\t\t<h3 class=\"handorgel__header handorgel__header--no-start-time\">\n\t\t\t\t<button class=\"handorgel__header__button\"\n\t\t\t\t        id=\"johanna-kirjavainen-tampereen-kaupungin-tervehdys\">\n\t\t\t\t\t<span class=\"handorgel__header__button--content\">\n\t\t\t\t\t\t\t\t\t\t<span class=\"handorgel__header__button--title\">Johanna Kirjavainen: Tampereen kaupungin tervehdys <\/span>\n\t\t\t\t\t<\/span>\n\t\t\t\t\t<span class=\"handorgel__header__button--icon\">\n\t\t\t\t\t\t\t<span><\/span>\n\t\t\t\t\t\t\t<span><\/span>\n\t\t\t\t\t<\/span>\n\t\t\t\t\t\t\t\t\t<\/button>\n\t\t\t<\/h3>\n\t\t\t<div class=\"handorgel__content handorgel__content--no-start-time\">\n\t\t\t\t<div class=\"handorgel__content__inner\">\n\t\t\t\t\t<div data-ogsc=\"rgb(0, 0, 0)\" data-olk-copy-source=\"MessageBody\">Johanna Kirjavainen on Tampereen kaupungin elinvoiman palvelualueen lautakuntien <strong>apulaispormestari<\/strong>.<\/div>\n\t\t\t\t<\/div>\n\t\t\t<\/div>\n\t\t\t\t\t<h3 class=\"handorgel__header handorgel__header--no-start-time\">\n\t\t\t\t<button class=\"handorgel__header__button\"\n\t\t\t\t        id=\"aki-roukala-vaihtoehtokulttuuri-elinkeinona\">\n\t\t\t\t\t<span class=\"handorgel__header__button--content\">\n\t\t\t\t\t\t\t\t\t\t<span class=\"handorgel__header__button--title\">Aki Roukala: Vaihtoehtokulttuuri elinkeinona<\/span>\n\t\t\t\t\t<\/span>\n\t\t\t\t\t<span class=\"handorgel__header__button--icon\">\n\t\t\t\t\t\t\t<span><\/span>\n\t\t\t\t\t\t\t<span><\/span>\n\t\t\t\t\t<\/span>\n\t\t\t\t\t\t\t\t\t<\/button>\n\t\t\t<\/h3>\n\t\t\t<div class=\"handorgel__content handorgel__content--no-start-time\">\n\t\t\t\t<div class=\"handorgel__content__inner\">\n\t\t\t\t\t<p>Aki Roukala on\u00a0<strong>media-alan vaikuttaja, manageri,<\/strong>\u00a0ja monialaisesti kulttuurin eri osa-alueilla ty\u00f6skentelev\u00e4 yritt\u00e4j\u00e4, jonka j\u00e4rjest\u00e4m\u00e4t tapahtumat ty\u00f6llist\u00e4v\u00e4t vuosittain satoja ihmisi\u00e4 ja joiden v\u00e4lilliset vaikutukset kohoavat miljooniin euroihin.<\/p>\n\t\t\t\t<\/div>\n\t\t\t<\/div>\n\t\t\t\t\t<h3 class=\"handorgel__header handorgel__header--no-start-time\">\n\t\t\t\t<button class=\"handorgel__header__button\"\n\t\t\t\t        id=\"mikael-pentikainen-voiko-alue-menestya-ilman-pk-yrityksia\">\n\t\t\t\t\t<span class=\"handorgel__header__button--content\">\n\t\t\t\t\t\t\t\t\t\t<span class=\"handorgel__header__button--title\">Mikael Pentik\u00e4inen: Voiko alue menesty\u00e4 ilman pk-yrityksi\u00e4?<\/span>\n\t\t\t\t\t<\/span>\n\t\t\t\t\t<span class=\"handorgel__header__button--icon\">\n\t\t\t\t\t\t\t<span><\/span>\n\t\t\t\t\t\t\t<span><\/span>\n\t\t\t\t\t<\/span>\n\t\t\t\t\t\t\t\t\t<\/button>\n\t\t\t<\/h3>\n\t\t\t<div class=\"handorgel__content handorgel__content--no-start-time\">\n\t\t\t\t<div class=\"handorgel__content__inner\">\n\t\t\t\t\t<p>Toimitusjohtaja Mikael Pentik\u00e4inen, Suomen Yritt\u00e4j\u00e4t.<\/p>\n\t\t\t\t<\/div>\n\t\t\t<\/div>\n\t\t\t\t\t<h3 class=\"handorgel__header handorgel__header--no-start-time\">\n\t\t\t\t<button class=\"handorgel__header__button\"\n\t\t\t\t        id=\"kahvitauko\">\n\t\t\t\t\t<span class=\"handorgel__header__button--content\">\n\t\t\t\t\t\t\t\t\t\t<span class=\"handorgel__header__button--title\">Kahvitauko<\/span>\n\t\t\t\t\t<\/span>\n\t\t\t\t\t<span class=\"handorgel__header__button--icon\">\n\t\t\t\t\t\t\t<span><\/span>\n\t\t\t\t\t\t\t<span><\/span>\n\t\t\t\t\t<\/span>\n\t\t\t\t\t\t\t\t\t<\/button>\n\t\t\t<\/h3>\n\t\t\t<div class=\"handorgel__content handorgel__content--no-start-time\">\n\t\t\t\t<div class=\"handorgel__content__inner\">\n\t\t\t\t\t\t\t\t\t<\/div>\n\t\t\t<\/div>\n\t\t\t\t\t<h3 class=\"handorgel__header handorgel__header--no-start-time\">\n\t\t\t\t<button class=\"handorgel__header__button\"\n\t\t\t\t        id=\"ilari-karppi-ekosysteeminakokulma-yritysten-tuleviin-sijoittumistarpeisiin\">\n\t\t\t\t\t<span class=\"handorgel__header__button--content\">\n\t\t\t\t\t\t\t\t\t\t<span class=\"handorgel__header__button--title\">Ilari Karppi: Ekosysteemin\u00e4k\u00f6kulma yritysten tuleviin sijoittumistarpeisiin<\/span>\n\t\t\t\t\t<\/span>\n\t\t\t\t\t<span class=\"handorgel__header__button--icon\">\n\t\t\t\t\t\t\t<span><\/span>\n\t\t\t\t\t\t\t<span><\/span>\n\t\t\t\t\t<\/span>\n\t\t\t\t\t\t\t\t\t<\/button>\n\t\t\t<\/h3>\n\t\t\t<div class=\"handorgel__content handorgel__content--no-start-time\">\n\t\t\t\t<div class=\"handorgel__content__inner\">\n\t\t\t\t\t<p><span data-olk-copy-source=\"MessageBody\">Ilari Karppi on aluetieteen dosentti, jonka uusimmat tutkimukset k\u00e4sittelev\u00e4t tapahtuma-areenojen merkityst\u00e4 kaupunkikehityksess\u00e4, elinkeinotiedon hy\u00f6dynt\u00e4mist\u00e4 kaupunkiseutujen suunnittelussa sek\u00e4 kevytraideliikennett\u00e4 osana kaupunkialueiden kehitt\u00e4mist\u00e4.<\/span><\/p>\n\t\t\t\t<\/div>\n\t\t\t<\/div>\n\t\t\t\t\t<h3 class=\"handorgel__header handorgel__header--no-start-time\">\n\t\t\t\t<button class=\"handorgel__header__button\"\n\t\t\t\t        id=\"keijo-hamalainen-osaajien-merkitys-alueellisen-elinvoiman-rakentajana\">\n\t\t\t\t\t<span class=\"handorgel__header__button--content\">\n\t\t\t\t\t\t\t\t\t\t<span class=\"handorgel__header__button--title\">Keijo H\u00e4m\u00e4l\u00e4inen: Osaajien merkitys alueellisen elinvoiman rakentajana<\/span>\n\t\t\t\t\t<\/span>\n\t\t\t\t\t<span class=\"handorgel__header__button--icon\">\n\t\t\t\t\t\t\t<span><\/span>\n\t\t\t\t\t\t\t<span><\/span>\n\t\t\t\t\t<\/span>\n\t\t\t\t\t\t\t\t\t<\/button>\n\t\t\t<\/h3>\n\t\t\t<div class=\"handorgel__content handorgel__content--no-start-time\">\n\t\t\t\t<div class=\"handorgel__content__inner\">\n\t\t\t\t\t<p>Rehtori Keijo H\u00e4m\u00e4l\u00e4inen, Tampereen yliopisto.<\/p>\n\t\t\t\t<\/div>\n\t\t\t<\/div>\n\t\t\t\t\t<h3 class=\"handorgel__header handorgel__header--no-start-time\">\n\t\t\t\t<button class=\"handorgel__header__button\"\n\t\t\t\t        id=\"paneelikeskustelu\">\n\t\t\t\t\t<span class=\"handorgel__header__button--content\">\n\t\t\t\t\t\t\t\t\t\t<span class=\"handorgel__header__button--title\">Paneelikeskustelu<\/span>\n\t\t\t\t\t<\/span>\n\t\t\t\t\t<span class=\"handorgel__header__button--icon\">\n\t\t\t\t\t\t\t<span><\/span>\n\t\t\t\t\t\t\t<span><\/span>\n\t\t\t\t\t<\/span>\n\t\t\t\t\t\t\t\t\t<\/button>\n\t\t\t<\/h3>\n\t\t\t<div class=\"handorgel__content handorgel__content--no-start-time\">\n\t\t\t\t<div class=\"handorgel__content__inner\">\n\t\t\t\t\t<p>Panelistit:<\/p>\n<ul>\n<li>Johanna Kirjavainen, apulaispormestari, Tampereen kaupunki<\/li>\n<li>Mikael Pentik\u00e4inen, toimitusjohtaja, Suomen Yritt\u00e4j\u00e4t<\/li>\n<li>Tatjana Pihlajam\u00e4ki, osakas, liiketoimintajohtaja \/ V\u00e4lkky HR Oy<\/li>\n<li>Aki Roukala, media-alan vaikuttaja, manageri, L\u00f6rdag Oy<\/li>\n<\/ul>\n\t\t\t\t<\/div>\n\t\t\t<\/div>\n\t\t\t\t\t<h3 class=\"handorgel__header handorgel__header--no-start-time\">\n\t\t\t\t<button class=\"handorgel__header__button\"\n\t\t\t\t        id=\"tilaisuuden-yhteenveto\">\n\t\t\t\t\t<span class=\"handorgel__header__button--content\">\n\t\t\t\t\t\t\t\t\t\t<span class=\"handorgel__header__button--title\">Tilaisuuden yhteenveto<\/span>\n\t\t\t\t\t<\/span>\n\t\t\t\t\t<span class=\"handorgel__header__button--icon\">\n\t\t\t\t\t\t\t<span><\/span>\n\t\t\t\t\t\t\t<span><\/span>\n\t\t\t\t\t<\/span>\n\t\t\t\t\t\t\t\t\t<\/button>\n\t\t\t<\/h3>\n\t\t\t<div class=\"handorgel__content handorgel__content--no-start-time\">\n\t\t\t\t<div class=\"handorgel__content__inner\">\n\t\t\t\t\t\t\t\t\t<\/div>\n\t\t\t<\/div>\n\t\t\t\t\t<h3 class=\"handorgel__header handorgel__header--has-start-time\">\n\t\t\t\t<button class=\"handorgel__header__button\"\n\t\t\t\t        id=\"tilaisuus-paattyy\">\n\t\t\t\t\t<span class=\"handorgel__header__button--content\">\n\t\t\t\t\t\t\t\t\t\t\t<span\n\t\t\t\t\t\t\tclass=\"handorgel__header__button--start-time\">15:30<\/span>\n\t\t\t\t\t\t\t\t\t\t<span class=\"handorgel__header__button--title\">Tilaisuus p\u00e4\u00e4ttyy<\/span>\n\t\t\t\t\t<\/span>\n\t\t\t\t\t<span class=\"handorgel__header__button--icon\">\n\t\t\t\t\t\t\t<span><\/span>\n\t\t\t\t\t\t\t<span><\/span>\n\t\t\t\t\t<\/span>\n\t\t\t\t\t\t\t\t\t<\/button>\n\t\t\t<\/h3>\n\t\t\t<div class=\"handorgel__content handorgel__content--has-start-time\">\n\t\t\t\t<div class=\"handorgel__content__inner\">\n\t\t\t\t\t\t\t\t\t<\/div>\n\t\t\t<\/div>\n\t\t\t<\/div>\n<\/section\n\t\t<!-- You can also use SakkeLib\\Helpers\\get_template_part inside a gutenberg acf block template -->\n\n\n\n<h2 class=\"wp-block-heading has-text-align-center\">Esiintyj\u00e4t<\/h2>\n\n\n\n<p class=\"has-text-align-center\">Tilaisuuden juontaa Pirkanmaan Yritt\u00e4jien elinkeinoasioiden asiantuntija Elina Purho. <\/p>\n\n\n\n<figure class=\"wp-block-gallery has-nested-images columns-default is-cropped wp-block-gallery-1 is-layout-flex wp-block-gallery-is-layout-flex\">\n<figure class=\"wp-block-image size-full\"><img loading=\"lazy\" decoding=\"async\" width=\"580\" height=\"580\" data-id=\"400\" src=\"https:\/\/me.yrittajat.fi\/app\/uploads\/sites\/40\/2026\/02\/Untitled-design-3.png\" alt=\"\" class=\"wp-image-400\" srcset=\"https:\/\/me.yrittajat.fi\/app\/uploads\/sites\/40\/2026\/02\/Untitled-design-3.png 580w, https:\/\/me.yrittajat.fi\/app\/uploads\/sites\/40\/2026\/02\/Untitled-design-3-300x300.png 300w, https:\/\/me.yrittajat.fi\/app\/uploads\/sites\/40\/2026\/02\/Untitled-design-3-150x150.png 150w, https:\/\/me.yrittajat.fi\/app\/uploads\/sites\/40\/2026\/02\/Untitled-design-3-400x400.png 400w\" sizes=\"auto, (max-width: 580px) 100vw, 580px\" \/><figcaption class=\"wp-element-caption\">Jari Haapaniemi<\/figcaption><\/figure>\n\n\n\n<figure class=\"wp-block-image size-large\"><img loading=\"lazy\" decoding=\"async\" width=\"580\" height=\"580\" data-id=\"435\" src=\"https:\/\/me.yrittajat.fi\/app\/uploads\/sites\/40\/2026\/04\/Untitled-design-8.png\" alt=\"\" class=\"wp-image-435\" srcset=\"https:\/\/me.yrittajat.fi\/app\/uploads\/sites\/40\/2026\/04\/Untitled-design-8.png 580w, https:\/\/me.yrittajat.fi\/app\/uploads\/sites\/40\/2026\/04\/Untitled-design-8-300x300.png 300w, https:\/\/me.yrittajat.fi\/app\/uploads\/sites\/40\/2026\/04\/Untitled-design-8-150x150.png 150w, https:\/\/me.yrittajat.fi\/app\/uploads\/sites\/40\/2026\/04\/Untitled-design-8-400x400.png 400w\" sizes=\"auto, (max-width: 580px) 100vw, 580px\" \/><figcaption class=\"wp-element-caption\">Johanna Kirjavainen<\/figcaption><\/figure>\n\n\n\n<figure class=\"wp-block-image size-full\"><img loading=\"lazy\" decoding=\"async\" width=\"580\" height=\"580\" data-id=\"419\" src=\"https:\/\/me.yrittajat.fi\/app\/uploads\/sites\/40\/2026\/02\/Untitled-design-3-1.png\" alt=\"\" class=\"wp-image-419\" srcset=\"https:\/\/me.yrittajat.fi\/app\/uploads\/sites\/40\/2026\/02\/Untitled-design-3-1.png 580w, https:\/\/me.yrittajat.fi\/app\/uploads\/sites\/40\/2026\/02\/Untitled-design-3-1-300x300.png 300w, https:\/\/me.yrittajat.fi\/app\/uploads\/sites\/40\/2026\/02\/Untitled-design-3-1-150x150.png 150w, https:\/\/me.yrittajat.fi\/app\/uploads\/sites\/40\/2026\/02\/Untitled-design-3-1-400x400.png 400w\" sizes=\"auto, (max-width: 580px) 100vw, 580px\" \/><figcaption class=\"wp-element-caption\">Aki Roukala<\/figcaption><\/figure>\n\n\n\n<figure class=\"wp-block-image size-large\"><img loading=\"lazy\" decoding=\"async\" width=\"580\" height=\"580\" data-id=\"371\" src=\"https:\/\/me.yrittajat.fi\/app\/uploads\/sites\/40\/2026\/02\/3.png\" alt=\"\" class=\"wp-image-371\" srcset=\"https:\/\/me.yrittajat.fi\/app\/uploads\/sites\/40\/2026\/02\/3.png 580w, https:\/\/me.yrittajat.fi\/app\/uploads\/sites\/40\/2026\/02\/3-300x300.png 300w, https:\/\/me.yrittajat.fi\/app\/uploads\/sites\/40\/2026\/02\/3-150x150.png 150w, https:\/\/me.yrittajat.fi\/app\/uploads\/sites\/40\/2026\/02\/3-400x400.png 400w\" sizes=\"auto, (max-width: 580px) 100vw, 580px\" \/><figcaption class=\"wp-element-caption\">Elina Purho<\/figcaption><\/figure>\n\n\n\n<figure class=\"wp-block-image size-full\"><img loading=\"lazy\" decoding=\"async\" width=\"580\" height=\"580\" data-id=\"369\" src=\"https:\/\/me.yrittajat.fi\/app\/uploads\/sites\/40\/2026\/02\/1.png\" alt=\"\" class=\"wp-image-369\" srcset=\"https:\/\/me.yrittajat.fi\/app\/uploads\/sites\/40\/2026\/02\/1.png 580w, https:\/\/me.yrittajat.fi\/app\/uploads\/sites\/40\/2026\/02\/1-300x300.png 300w, https:\/\/me.yrittajat.fi\/app\/uploads\/sites\/40\/2026\/02\/1-150x150.png 150w, https:\/\/me.yrittajat.fi\/app\/uploads\/sites\/40\/2026\/02\/1-400x400.png 400w\" sizes=\"auto, (max-width: 580px) 100vw, 580px\" \/><figcaption class=\"wp-element-caption\">Keijo H\u00e4m\u00e4l\u00e4inen<\/figcaption><\/figure>\n\n\n\n<figure class=\"wp-block-image size-full\"><img loading=\"lazy\" decoding=\"async\" width=\"580\" height=\"580\" data-id=\"374\" src=\"https:\/\/me.yrittajat.fi\/app\/uploads\/sites\/40\/2026\/02\/Untitled-design-2.png\" alt=\"\" class=\"wp-image-374\" srcset=\"https:\/\/me.yrittajat.fi\/app\/uploads\/sites\/40\/2026\/02\/Untitled-design-2.png 580w, https:\/\/me.yrittajat.fi\/app\/uploads\/sites\/40\/2026\/02\/Untitled-design-2-300x300.png 300w, https:\/\/me.yrittajat.fi\/app\/uploads\/sites\/40\/2026\/02\/Untitled-design-2-150x150.png 150w, https:\/\/me.yrittajat.fi\/app\/uploads\/sites\/40\/2026\/02\/Untitled-design-2-400x400.png 400w\" sizes=\"auto, (max-width: 580px) 100vw, 580px\" \/><figcaption class=\"wp-element-caption\">Ilari Karppi<\/figcaption><\/figure>\n\n\n\n<figure class=\"wp-block-image size-large\"><img loading=\"lazy\" decoding=\"async\" width=\"580\" height=\"580\" data-id=\"370\" src=\"https:\/\/me.yrittajat.fi\/app\/uploads\/sites\/40\/2026\/02\/2.png\" alt=\"\" class=\"wp-image-370\" srcset=\"https:\/\/me.yrittajat.fi\/app\/uploads\/sites\/40\/2026\/02\/2.png 580w, https:\/\/me.yrittajat.fi\/app\/uploads\/sites\/40\/2026\/02\/2-300x300.png 300w, https:\/\/me.yrittajat.fi\/app\/uploads\/sites\/40\/2026\/02\/2-150x150.png 150w, https:\/\/me.yrittajat.fi\/app\/uploads\/sites\/40\/2026\/02\/2-400x400.png 400w\" sizes=\"auto, (max-width: 580px) 100vw, 580px\" \/><figcaption class=\"wp-element-caption\">Mikael Pentik\u00e4inen<\/figcaption><\/figure>\n\n\n\n<figure class=\"wp-block-image size-full\"><img loading=\"lazy\" decoding=\"async\" width=\"580\" height=\"580\" data-id=\"425\" src=\"https:\/\/me.yrittajat.fi\/app\/uploads\/sites\/40\/2026\/02\/Untitled-design-5.png\" alt=\"\" class=\"wp-image-425\" srcset=\"https:\/\/me.yrittajat.fi\/app\/uploads\/sites\/40\/2026\/02\/Untitled-design-5.png 580w, https:\/\/me.yrittajat.fi\/app\/uploads\/sites\/40\/2026\/02\/Untitled-design-5-300x300.png 300w, https:\/\/me.yrittajat.fi\/app\/uploads\/sites\/40\/2026\/02\/Untitled-design-5-150x150.png 150w, https:\/\/me.yrittajat.fi\/app\/uploads\/sites\/40\/2026\/02\/Untitled-design-5-400x400.png 400w\" sizes=\"auto, (max-width: 580px) 100vw, 580px\" \/><\/figure>\n<\/figure>\n\n\n\n<p><\/p>\n","protected":false},"excerpt":{"rendered":"<p>Ohjelma Tapahtuman alustava ohjelma. Esiintyj\u00e4t Tilaisuuden juontaa Pirkanmaan Yritt\u00e4jien elinkeinoasioiden asiantuntija Elina Purho.<\/p>\n","protected":false},"author":4,"featured_media":405,"parent":0,"menu_order":0,"comment_status":"closed","ping_status":"closed","template":"","meta":{"_acf_changed":false,"footnotes":""},"class_list":["post-3","page","type-page","status-publish","has-post-thumbnail","hentry"],"acf":[],"_links":{"self":[{"href":"https:\/\/me.yrittajat.fi\/elinvoimaa\/wp-json\/wp\/v2\/pages\/3","targetHints":{"allow":["GET"]}}],"collection":[{"href":"https:\/\/me.yrittajat.fi\/elinvoimaa\/wp-json\/wp\/v2\/pages"}],"about":[{"href":"https:\/\/me.yrittajat.fi\/elinvoimaa\/wp-json\/wp\/v2\/types\/page"}],"author":[{"embeddable":true,"href":"https:\/\/me.yrittajat.fi\/elinvoimaa\/wp-json\/wp\/v2\/users\/4"}],"replies":[{"embeddable":true,"href":"https:\/\/me.yrittajat.fi\/elinvoimaa\/wp-json\/wp\/v2\/comments?post=3"}],"version-history":[{"count":5,"href":"https:\/\/me.yrittajat.fi\/elinvoimaa\/wp-json\/wp\/v2\/pages\/3\/revisions"}],"predecessor-version":[{"id":445,"href":"https:\/\/me.yrittajat.fi\/elinvoimaa\/wp-json\/wp\/v2\/pages\/3\/revisions\/445"}],"wp:featuredmedia":[{"embeddable":true,"href":"https:\/\/me.yrittajat.fi\/elinvoimaa\/wp-json\/wp\/v2\/media\/405"}],"wp:attachment":[{"href":"https:\/\/me.yrittajat.fi\/elinvoimaa\/wp-json\/wp\/v2\/media?parent=3"}],"curies":[{"name":"wp","href":"https:\/\/api.w.org\/{rel}","templated":true}]}}