{"id":122,"date":"2024-11-08T12:34:58","date_gmt":"2024-11-08T10:34:58","guid":{"rendered":"https:\/\/me.yrittajat.fi\/estyky\/?page_id=122"},"modified":"2024-12-17T13:27:01","modified_gmt":"2024-12-17T11:27:01","slug":"tapahtumat","status":"publish","type":"page","link":"https:\/\/me.yrittajat.fi\/estyky\/tapahtumat\/","title":{"rendered":"Hankkeessa tapahtuu"},"content":{"rendered":"\n<p>T\u00e4\u00e4lt\u00e4 l\u00f6yd\u00e4t <em>Tehd\u00e4\u00e4n yhdess\u00e4 tulevaisuuden ty\u00f6el\u00e4m\u00e4\u00e4 Etel\u00e4-Savoon<\/em> -hankkeen tulevat tapahtumat.<\/p>\n\n\n\n<h2 class=\"wp-block-heading\">Ty\u00f6llisyystoimijoiden aamukahvit 2025<\/h2>\n\n\n\n<ul class=\"wp-block-list\">\n<li>28.1.2025 Talvikahvit\/HerkkuPekka<\/li>\n\n\n\n<li>18.2.2025 Helmikahvit\/Savorak Laiturit, Rantasalmi<\/li>\n\n\n\n<li>18.3.2025 Maaliskahvit<\/li>\n\n\n\n<li>22.4.2025 Huhtikahvit\/Alanteen Helmi, Sulkava<\/li>\n\n\n\n<li>20.5.2025 Kev\u00e4tkahvit<\/li>\n\n\n\n<li>18.6.2025 Juhannuskahvit<\/li>\n\n\n\n<li>26.8.2025 Elonkorjuukahvit<\/li>\n\n\n\n<li>23.9.2024 Ruskakahvit<\/li>\n\n\n\n<li>28.10.2024 Syyskahvit<\/li>\n\n\n\n<li>25.11.2024 Marraskahvit<\/li>\n\n\n\n<li>16.12.2024 Pikkujoulukahvit<\/li>\n<\/ul>\n\n\n\t<div id=\"gb-button-block_fe63d100ef170a6a21ec2664bf9cbdc0\" class=\"gb-button gb-button-block_fe63d100ef170a6a21ec2664bf9cbdc0\">\n\t\t\t\t\t\t<a class=\"b-button b-button--color-theme-gray-filled b-button--style-\"\n\t   href=\"https:\/\/www.yrittajat.fi\/aluejarjestot\/etela-savon-yrittajat\/tapahtumat\/\"\n\t   target=\"_blank\">\n\n\t\t<span class=\"b-button__title\">\n\t\t\tIlmoittaudu tapahtumiin\t\t<\/span>\n\n\t\t\t\t\t<span class=\"b-button__icon\">\n\t\t\t\t<svg xmlns=\"http:\/\/www.w3.org\/2000\/svg\" viewBox=\"0 0 9 14\"><path d=\"M2.001 13.664a1.333 1.333 0 01-.954-2.272l.007-.008 4.414-4.386-4.24-4.414A1.333 1.333 0 113.12.704l5.147 5.334a1.333 1.333 0 010 1.866l-5.334 5.334a1.333 1.333 0 01-.933.426z\"\/><\/svg>\t\t\t<\/span>\n\t\t\t<\/a>\n\t\t\t<\/div>\n\n\n\n<h2 class=\"wp-block-heading\">Koulutukset ja webinaarit 2025<\/h2>\n\n\n\n<ul class=\"wp-block-list\">\n<li>Menestyksekk\u00e4\u00e4n ty\u00f6paikan salaisuuksia (tammikuu 2025)<\/li>\n<\/ul>\n","protected":false},"excerpt":{"rendered":"<p>T\u00e4\u00e4lt\u00e4 l\u00f6yd\u00e4t Tehd\u00e4\u00e4n yhdess\u00e4 tulevaisuuden ty\u00f6el\u00e4m\u00e4\u00e4 Etel\u00e4-Savoon -hankkeen tulevat tapahtumat. Ty\u00f6llisyystoimijoiden aamukahvit 2025 Koulutukset ja webinaarit 2025<\/p>\n","protected":false},"author":79,"featured_media":0,"parent":0,"menu_order":0,"comment_status":"closed","ping_status":"closed","template":"","meta":{"_acf_changed":false,"footnotes":""},"class_list":["post-122","page","type-page","status-publish","hentry"],"acf":[],"_links":{"self":[{"href":"https:\/\/me.yrittajat.fi\/estyky\/wp-json\/wp\/v2\/pages\/122","targetHints":{"allow":["GET"]}}],"collection":[{"href":"https:\/\/me.yrittajat.fi\/estyky\/wp-json\/wp\/v2\/pages"}],"about":[{"href":"https:\/\/me.yrittajat.fi\/estyky\/wp-json\/wp\/v2\/types\/page"}],"author":[{"embeddable":true,"href":"https:\/\/me.yrittajat.fi\/estyky\/wp-json\/wp\/v2\/users\/79"}],"replies":[{"embeddable":true,"href":"https:\/\/me.yrittajat.fi\/estyky\/wp-json\/wp\/v2\/comments?post=122"}],"version-history":[{"count":7,"href":"https:\/\/me.yrittajat.fi\/estyky\/wp-json\/wp\/v2\/pages\/122\/revisions"}],"predecessor-version":[{"id":160,"href":"https:\/\/me.yrittajat.fi\/estyky\/wp-json\/wp\/v2\/pages\/122\/revisions\/160"}],"wp:attachment":[{"href":"https:\/\/me.yrittajat.fi\/estyky\/wp-json\/wp\/v2\/media?parent=122"}],"curies":[{"name":"wp","href":"https:\/\/api.w.org\/{rel}","templated":true}]}}