{"id":1524,"date":"2023-06-27T14:53:00","date_gmt":"2023-06-27T11:53:00","guid":{"rendered":"https:\/\/me.yrittajat.fi\/karjalove\/?page_id=1524"},"modified":"2023-06-27T14:59:40","modified_gmt":"2023-06-27T11:59:40","slug":"fysio-eskola-3","status":"publish","type":"page","link":"https:\/\/me.yrittajat.fi\/karjalove\/fysio-eskola-3\/","title":{"rendered":"Fysio-Eskola\u00a0Oy"},"content":{"rendered":"\n<p>Fysio-Eskola&nbsp;on Lappeenrannassa toimiva&nbsp;fysioterapiapalveluja tarjoava perheyritys, joka tarjoaa laajat ja laadukkaat palvelut terveytesi edist\u00e4miseksi.<\/p>\n\n\n\n<p>Palveluihimme kuuluvat&nbsp;fysioterapia- ja hierontapalveluiden lis\u00e4ksi erikoishoidot, kuten akupunktio, lantionpohjan&nbsp;fysioterapia, \u00e4itiysfysioterapia.<\/p>\n\n\n\n<p>Lis\u00e4ksi jalka\/-alaraajaongelmiin apua saat JalkaKlinikaltamme, jossa tehd\u00e4\u00e4n alaraajatutkimuksia sek\u00e4 tehd\u00e4\u00e4n yksil\u00f6llisi\u00e4 tukipohjallisia.<\/p>\n\n\n\n<p>Tarjoamme monipuolisesti aktivoivan&nbsp;fysioterapian ryhmi\u00e4: mm. PhysioPilates, Toiminnallinen harjoittelu, KehonHuolto, SpiraaliStabilaatio sek\u00e4 ohjattu harjoittelu kuntosalilaitteilla. Tarjolla on omia ryhmi\u00e4 senioreille sek\u00e4 \u00e4ideille.<\/p>\n\n\n\n<p>Fysio-Eskolan KunnonKauppa palvelee Valtakadulla katutasossa.<\/p>\n\n\n\n<p>Monipuolisesta valikoimasta l\u00f6yd\u00e4t Tempur-tyynyt, terveysjalkineet, kotimaiset BTB13- ja EkoPharma-ihonhoitotuotteet, tukisukat, niveltuet, valmistukipohjalliset, ravintolis\u00e4t sek\u00e4 paljon muuta. Tervetuloa tutustumaan!<\/p>\n\n\n<div class=\"wp-block-image\">\n<figure class=\"alignright size-large is-resized\"><img loading=\"lazy\" decoding=\"async\" src=\"https:\/\/me.yrittajat.fi\/karjalove\/app\/uploads\/sites\/65\/2023\/06\/fysio-eskola-kuva-1024x512.jpg\" alt=\"\" class=\"wp-image-1528\" width=\"498\" height=\"250\" srcset=\"https:\/\/me.yrittajat.fi\/app\/uploads\/sites\/65\/2023\/06\/fysio-eskola-kuva-1024x512.jpg 1024w, https:\/\/me.yrittajat.fi\/app\/uploads\/sites\/65\/2023\/06\/fysio-eskola-kuva-300x150.jpg 300w, https:\/\/me.yrittajat.fi\/app\/uploads\/sites\/65\/2023\/06\/fysio-eskola-kuva-768x384.jpg 768w, https:\/\/me.yrittajat.fi\/app\/uploads\/sites\/65\/2023\/06\/fysio-eskola-kuva-1536x768.jpg 1536w, https:\/\/me.yrittajat.fi\/app\/uploads\/sites\/65\/2023\/06\/fysio-eskola-kuva-2048x1024.jpg 2048w\" sizes=\"auto, (max-width: 498px) 100vw, 498px\" \/><\/figure><\/div>\n\n\n<h2 class=\"wp-block-heading\">Yhteystiedot<\/h2>\n\n\n\n<p>Valtakatu 38<br>53100 Lappeenranta<br>puh. 020 743 7290<br><a href=\"mailto:toimisto@fysio-eskola.fi\">toimisto@fysio-eskola.fi<\/a><br><a rel=\"noreferrer noopener\" href=\"https:\/\/www.assigroup.fi\" target=\"_blank\"><\/a><a rel=\"noreferrer noopener\" href=\"http:\/\/www.fysio-eskola.fi\/\" target=\"_blank\">www.fysio-eskola.fi<\/a><\/p>\n\n\n\n<p><\/p>\n","protected":false},"excerpt":{"rendered":"<p>Fysio-Eskola&nbsp;on Lappeenrannassa toimiva&nbsp;fysioterapiapalveluja tarjoava perheyritys, joka tarjoaa laajat ja laadukkaat palvelut terveytesi edist\u00e4miseksi. Palveluihimme kuuluvat&nbsp;fysioterapia- ja hierontapalveluiden lis\u00e4ksi erikoishoidot, kuten akupunktio, lantionpohjan&nbsp;fysioterapia, \u00e4itiysfysioterapia. Lis\u00e4ksi jalka\/-alaraajaongelmiin apua saat JalkaKlinikaltamme, jossa tehd\u00e4\u00e4n alaraajatutkimuksia sek\u00e4 tehd\u00e4\u00e4n yksil\u00f6llisi\u00e4 tukipohjallisia. Tarjoamme monipuolisesti aktivoivan&nbsp;fysioterapian ryhmi\u00e4: mm. PhysioPilates, Toiminnallinen harjoittelu, KehonHuolto, SpiraaliStabilaatio sek\u00e4 ohjattu harjoittelu kuntosalilaitteilla. Tarjolla on omia ryhmi\u00e4 senioreille sek\u00e4 &hellip; <a href=\"https:\/\/me.yrittajat.fi\/karjalove\/fysio-eskola-3\/\">Lue lis\u00e4\u00e4<\/a><\/p>\n","protected":false},"author":23,"featured_media":0,"parent":0,"menu_order":0,"comment_status":"closed","ping_status":"closed","template":"","meta":{"_acf_changed":false,"footnotes":""},"class_list":["post-1524","page","type-page","status-publish","hentry"],"acf":[],"_links":{"self":[{"href":"https:\/\/me.yrittajat.fi\/karjalove\/wp-json\/wp\/v2\/pages\/1524","targetHints":{"allow":["GET"]}}],"collection":[{"href":"https:\/\/me.yrittajat.fi\/karjalove\/wp-json\/wp\/v2\/pages"}],"about":[{"href":"https:\/\/me.yrittajat.fi\/karjalove\/wp-json\/wp\/v2\/types\/page"}],"author":[{"embeddable":true,"href":"https:\/\/me.yrittajat.fi\/karjalove\/wp-json\/wp\/v2\/users\/23"}],"replies":[{"embeddable":true,"href":"https:\/\/me.yrittajat.fi\/karjalove\/wp-json\/wp\/v2\/comments?post=1524"}],"version-history":[{"count":5,"href":"https:\/\/me.yrittajat.fi\/karjalove\/wp-json\/wp\/v2\/pages\/1524\/revisions"}],"predecessor-version":[{"id":1532,"href":"https:\/\/me.yrittajat.fi\/karjalove\/wp-json\/wp\/v2\/pages\/1524\/revisions\/1532"}],"wp:attachment":[{"href":"https:\/\/me.yrittajat.fi\/karjalove\/wp-json\/wp\/v2\/media?parent=1524"}],"curies":[{"name":"wp","href":"https:\/\/api.w.org\/{rel}","templated":true}]}}