{"id":1609,"date":"2023-06-28T15:21:35","date_gmt":"2023-06-28T12:21:35","guid":{"rendered":"https:\/\/me.yrittajat.fi\/karjalove\/?page_id=1609"},"modified":"2023-08-18T10:57:28","modified_gmt":"2023-08-18T07:57:28","slug":"kiti-talous-oy","status":"publish","type":"page","link":"https:\/\/me.yrittajat.fi\/karjalove\/kiti-talous-oy\/","title":{"rendered":"KITI Talous Oy"},"content":{"rendered":"\n<h2 class=\"wp-block-heading\">Palveleva tilitoimisto Lappeenrannassa<\/h2>\n\n\n\n<p>Auktorisoitu tilitoimisto- ja is\u00e4nn\u00f6intitoimisto Kiti palvelee asiantuntevalla ja l\u00e4mminhenkisell\u00e4 otteella kaikissa tilanteissa. Tarjoamme kattavat ja asiantuntevat is\u00e4nn\u00f6inti- ja taloushallintopalvelut yrityksille, yhdistyksille sek\u00e4 asuin- ja liikekiinteist\u00f6ille. Asiakkaanamme on yli 400 yrityst\u00e4 ja asunto-osakeyhti\u00f6t\u00e4. Olemme Is\u00e4nn\u00f6intiliiton ja Taloushallintoliiton j\u00e4senyritys.<\/p>\n\n\n\n<p>Toimistomme sijaitsee Lappeenrannassa. S\u00e4hk\u00f6isten palveluidemme my\u00f6t\u00e4 voimme tarjota tilitoimistopalveluitamme my\u00f6s muualle Suomeen.<\/p>\n\n\n\n<p>Perheyrityksemme on toiminut jo 40 vuoden ajan. Meilt\u00e4 l\u00f6yd\u00e4t kattavaa kokemusta ja rautaista asiantuntemusta yritt\u00e4jien arjesta ja taloushallinnon tarpeista. Suunnittelemme aina palvelumme yhdess\u00e4 asiakkaan kanssa yrityksen tarpeita vastaavaksi.&nbsp;<\/p>\n\n\n<div class=\"wp-block-image\">\n<figure class=\"alignright size-full is-resized\"><img loading=\"lazy\" decoding=\"async\" src=\"https:\/\/me.yrittajat.fi\/karjalove\/app\/uploads\/sites\/65\/2023\/06\/image-3.png\" alt=\"\" class=\"wp-image-1611\" width=\"364\" height=\"228\" srcset=\"https:\/\/me.yrittajat.fi\/app\/uploads\/sites\/65\/2023\/06\/image-3.png 545w, https:\/\/me.yrittajat.fi\/app\/uploads\/sites\/65\/2023\/06\/image-3-300x188.png 300w\" sizes=\"auto, (max-width: 364px) 100vw, 364px\" \/><\/figure><\/div>\n\n\n<h2 class=\"wp-block-heading\">Yhteystiedot<\/h2>\n\n\n\n<p>Ratakatu 47<br>53100 Lappeenranta<br>&nbsp;<a href=\"mailto:info@kititalous.fi\">info@kititalous.fi<\/a><br><a href=\"https:\/\/www.kititalous.fi\/tilitoimisto\" data-type=\"URL\" data-id=\"https:\/\/www.kititalous.fi\/tilitoimisto\" target=\"_blank\" rel=\"noreferrer noopener\">www.kititalous.fi\/tilitoimisto<\/a><\/p>\n","protected":false},"excerpt":{"rendered":"<p>Palveleva tilitoimisto Lappeenrannassa Auktorisoitu tilitoimisto- ja is\u00e4nn\u00f6intitoimisto Kiti palvelee asiantuntevalla ja l\u00e4mminhenkisell\u00e4 otteella kaikissa tilanteissa. Tarjoamme kattavat ja asiantuntevat is\u00e4nn\u00f6inti- ja taloushallintopalvelut yrityksille, yhdistyksille sek\u00e4 asuin- ja liikekiinteist\u00f6ille. Asiakkaanamme on yli 400 yrityst\u00e4 ja asunto-osakeyhti\u00f6t\u00e4. Olemme Is\u00e4nn\u00f6intiliiton ja Taloushallintoliiton j\u00e4senyritys. Toimistomme sijaitsee Lappeenrannassa. S\u00e4hk\u00f6isten palveluidemme my\u00f6t\u00e4 voimme tarjota tilitoimistopalveluitamme my\u00f6s muualle Suomeen. Perheyrityksemme on toiminut &hellip; <a href=\"https:\/\/me.yrittajat.fi\/karjalove\/kiti-talous-oy\/\">Lue lis\u00e4\u00e4<\/a><\/p>\n","protected":false},"author":23,"featured_media":0,"parent":0,"menu_order":0,"comment_status":"closed","ping_status":"closed","template":"","meta":{"_acf_changed":false,"footnotes":""},"class_list":["post-1609","page","type-page","status-publish","hentry"],"acf":[],"_links":{"self":[{"href":"https:\/\/me.yrittajat.fi\/karjalove\/wp-json\/wp\/v2\/pages\/1609","targetHints":{"allow":["GET"]}}],"collection":[{"href":"https:\/\/me.yrittajat.fi\/karjalove\/wp-json\/wp\/v2\/pages"}],"about":[{"href":"https:\/\/me.yrittajat.fi\/karjalove\/wp-json\/wp\/v2\/types\/page"}],"author":[{"embeddable":true,"href":"https:\/\/me.yrittajat.fi\/karjalove\/wp-json\/wp\/v2\/users\/23"}],"replies":[{"embeddable":true,"href":"https:\/\/me.yrittajat.fi\/karjalove\/wp-json\/wp\/v2\/comments?post=1609"}],"version-history":[{"count":8,"href":"https:\/\/me.yrittajat.fi\/karjalove\/wp-json\/wp\/v2\/pages\/1609\/revisions"}],"predecessor-version":[{"id":2118,"href":"https:\/\/me.yrittajat.fi\/karjalove\/wp-json\/wp\/v2\/pages\/1609\/revisions\/2118"}],"wp:attachment":[{"href":"https:\/\/me.yrittajat.fi\/karjalove\/wp-json\/wp\/v2\/media?parent=1609"}],"curies":[{"name":"wp","href":"https:\/\/api.w.org\/{rel}","templated":true}]}}