{"id":1628,"date":"2023-07-31T12:26:07","date_gmt":"2023-07-31T09:26:07","guid":{"rendered":"https:\/\/me.yrittajat.fi\/karjalove\/?page_id=1628"},"modified":"2023-08-17T15:12:33","modified_gmt":"2023-08-17T12:12:33","slug":"lappeen-ruustinna","status":"publish","type":"page","link":"https:\/\/me.yrittajat.fi\/karjalove\/lappeen-ruustinna\/","title":{"rendered":"Lappeen Ruustinna"},"content":{"rendered":"\n<p>Tilausravintola Ruustinna, toimii 150 vuotta vanhassa pappilassa, aivan Lappeenrannan ydinkeskustan tuntumassa. Pehtoorintupa on pihapiiriss\u00e4mme avoinna kes\u00e4kahvilana ja talvisin tilausravintolana. Alueella kaunis kirsikkapuisto, mik\u00e4 hurmaa kukinnalla kev\u00e4isin. Galleria Pihatossa on kuukausittain vaihtuva taiden\u00e4yttely, jonne on vapaa sis\u00e4\u00e4nk\u00e4ynti. Kes\u00e4ll\u00e4 puutarhassa kes\u00e4teatteria:&nbsp;Kes\u00e4ll\u00e4 2023 lastenteatteria, esiintyjin\u00e4 Taidekoulu Estradi RATA-Ryhm\u00e4, n\u00e4yt\u00f6s J\u00e4niksen Vuosi.<\/p>\n\n\n<div class=\"wp-block-image\">\n<figure class=\"alignright size-large is-resized\"><img loading=\"lazy\" decoding=\"async\" src=\"https:\/\/me.yrittajat.fi\/karjalove\/app\/uploads\/sites\/65\/2023\/07\/lappeen-ruustinna-rakennus-1024x681.jpg\" alt=\"\" class=\"wp-image-1629\" width=\"349\" height=\"231\" srcset=\"https:\/\/me.yrittajat.fi\/app\/uploads\/sites\/65\/2023\/07\/lappeen-ruustinna-rakennus-1024x681.jpg 1024w, https:\/\/me.yrittajat.fi\/app\/uploads\/sites\/65\/2023\/07\/lappeen-ruustinna-rakennus-300x200.jpg 300w, https:\/\/me.yrittajat.fi\/app\/uploads\/sites\/65\/2023\/07\/lappeen-ruustinna-rakennus-768x511.jpg 768w, https:\/\/me.yrittajat.fi\/app\/uploads\/sites\/65\/2023\/07\/lappeen-ruustinna-rakennus-1536x1022.jpg 1536w, https:\/\/me.yrittajat.fi\/app\/uploads\/sites\/65\/2023\/07\/lappeen-ruustinna-rakennus-2048x1363.jpg 2048w, https:\/\/me.yrittajat.fi\/app\/uploads\/sites\/65\/2023\/07\/lappeen-ruustinna-rakennus-668x445.jpg 668w\" sizes=\"auto, (max-width: 349px) 100vw, 349px\" \/><\/figure><\/div>\n\n<div class=\"wp-block-image\">\n<figure class=\"alignright size-large is-resized\"><img loading=\"lazy\" decoding=\"async\" src=\"https:\/\/me.yrittajat.fi\/karjalove\/app\/uploads\/sites\/65\/2023\/07\/lappeen-ruustinna--1024x689.jpg\" alt=\"\" class=\"wp-image-1630\" width=\"345\" height=\"232\" srcset=\"https:\/\/me.yrittajat.fi\/app\/uploads\/sites\/65\/2023\/07\/lappeen-ruustinna--1024x689.jpg 1024w, https:\/\/me.yrittajat.fi\/app\/uploads\/sites\/65\/2023\/07\/lappeen-ruustinna--300x202.jpg 300w, https:\/\/me.yrittajat.fi\/app\/uploads\/sites\/65\/2023\/07\/lappeen-ruustinna--768x517.jpg 768w, https:\/\/me.yrittajat.fi\/app\/uploads\/sites\/65\/2023\/07\/lappeen-ruustinna--1536x1034.jpg 1536w, https:\/\/me.yrittajat.fi\/app\/uploads\/sites\/65\/2023\/07\/lappeen-ruustinna--2048x1378.jpg 2048w\" sizes=\"auto, (max-width: 345px) 100vw, 345px\" \/><\/figure><\/div>\n\n\n<h3 class=\"wp-block-heading\">Yhteystiedot<\/h3>\n\n\n\n<p>Kaukaankatu 2<br>53130 Lappeenranta<br>puh. 0451347286<br>myynti@lappeenruustinna.fi<br><a rel=\"noreferrer noopener\" href=\"http:\/\/www.lappeenruustinna.fi\" target=\"_blank\">www.lappeenruustinna.fi<\/a><\/p>\n\n\n\n<p><\/p>\n\n\n\n<p><\/p>\n\n\n\n<p><\/p>\n","protected":false},"excerpt":{"rendered":"<p>Tilausravintola Ruustinna, toimii 150 vuotta vanhassa pappilassa, aivan Lappeenrannan ydinkeskustan tuntumassa. Pehtoorintupa on pihapiiriss\u00e4mme avoinna kes\u00e4kahvilana ja talvisin tilausravintolana. Alueella kaunis kirsikkapuisto, mik\u00e4 hurmaa kukinnalla kev\u00e4isin. Galleria Pihatossa on kuukausittain vaihtuva taiden\u00e4yttely, jonne on vapaa sis\u00e4\u00e4nk\u00e4ynti. Kes\u00e4ll\u00e4 puutarhassa kes\u00e4teatteria:&nbsp;Kes\u00e4ll\u00e4 2023 lastenteatteria, esiintyjin\u00e4 Taidekoulu Estradi RATA-Ryhm\u00e4, n\u00e4yt\u00f6s J\u00e4niksen Vuosi. Yhteystiedot Kaukaankatu 253130 Lappeenrantapuh. 0451347286myynti@lappeenruustinna.fiwww.lappeenruustinna.fi<\/p>\n","protected":false},"author":23,"featured_media":0,"parent":0,"menu_order":0,"comment_status":"closed","ping_status":"closed","template":"","meta":{"_acf_changed":false,"footnotes":""},"class_list":["post-1628","page","type-page","status-publish","hentry"],"acf":[],"_links":{"self":[{"href":"https:\/\/me.yrittajat.fi\/karjalove\/wp-json\/wp\/v2\/pages\/1628","targetHints":{"allow":["GET"]}}],"collection":[{"href":"https:\/\/me.yrittajat.fi\/karjalove\/wp-json\/wp\/v2\/pages"}],"about":[{"href":"https:\/\/me.yrittajat.fi\/karjalove\/wp-json\/wp\/v2\/types\/page"}],"author":[{"embeddable":true,"href":"https:\/\/me.yrittajat.fi\/karjalove\/wp-json\/wp\/v2\/users\/23"}],"replies":[{"embeddable":true,"href":"https:\/\/me.yrittajat.fi\/karjalove\/wp-json\/wp\/v2\/comments?post=1628"}],"version-history":[{"count":8,"href":"https:\/\/me.yrittajat.fi\/karjalove\/wp-json\/wp\/v2\/pages\/1628\/revisions"}],"predecessor-version":[{"id":2107,"href":"https:\/\/me.yrittajat.fi\/karjalove\/wp-json\/wp\/v2\/pages\/1628\/revisions\/2107"}],"wp:attachment":[{"href":"https:\/\/me.yrittajat.fi\/karjalove\/wp-json\/wp\/v2\/media?parent=1628"}],"curies":[{"name":"wp","href":"https:\/\/api.w.org\/{rel}","templated":true}]}}