{"id":1651,"date":"2023-07-31T13:03:01","date_gmt":"2023-07-31T10:03:01","guid":{"rendered":"https:\/\/me.yrittajat.fi\/karjalove\/?page_id=1651"},"modified":"2023-08-17T15:03:16","modified_gmt":"2023-08-17T12:03:16","slug":"lounaskahvila-elma","status":"publish","type":"page","link":"https:\/\/me.yrittajat.fi\/karjalove\/lounaskahvila-elma\/","title":{"rendered":"Lounaskahvila Elma"},"content":{"rendered":"\n<p>Lounaskahvila Elma tarjoaa maistuvaa kotiruokaa arkisin Imatran Saareksinm\u00e4ell\u00e4! Tarjoamme my\u00f6s pitopalvelua suurella syd\u00e4mell\u00e4 ja ammattitaidolla Imatralla ja sen l\u00e4hikunnissa. Elman tilat ovat vuokrattavissa erilaisia yksityistilaisuuksia varten.<\/p>\n\n\n<div class=\"wp-block-image\">\n<figure class=\"alignright size-large is-resized\"><img loading=\"lazy\" decoding=\"async\" src=\"https:\/\/me.yrittajat.fi\/karjalove\/app\/uploads\/sites\/65\/2023\/07\/elma-lounasravintola-1-1024x683.jpg\" alt=\"\" class=\"wp-image-1658\" width=\"334\" height=\"222\" srcset=\"https:\/\/me.yrittajat.fi\/app\/uploads\/sites\/65\/2023\/07\/elma-lounasravintola-1-1024x683.jpg 1024w, https:\/\/me.yrittajat.fi\/app\/uploads\/sites\/65\/2023\/07\/elma-lounasravintola-1-300x200.jpg 300w, https:\/\/me.yrittajat.fi\/app\/uploads\/sites\/65\/2023\/07\/elma-lounasravintola-1-768x512.jpg 768w, https:\/\/me.yrittajat.fi\/app\/uploads\/sites\/65\/2023\/07\/elma-lounasravintola-1-668x445.jpg 668w, https:\/\/me.yrittajat.fi\/app\/uploads\/sites\/65\/2023\/07\/elma-lounasravintola-1.jpg 1400w\" sizes=\"auto, (max-width: 334px) 100vw, 334px\" \/><\/figure><\/div>\n\n\n<h3 class=\"wp-block-heading\">Yhteystiedot<\/h3>\n\n\n\n<p>Anjankuja 1<br>55100 Imatra<br>puh. 044 989 5905<br>s-posti: lotta@lounaskahvilaelma.fi<br><a rel=\"noreferrer noopener\" href=\"https:\/\/www.lounaskahvilaelma.fi\" target=\"_blank\">www.lounaskahvilaelma.fi<\/a><\/p>\n","protected":false},"excerpt":{"rendered":"<p>Lounaskahvila Elma tarjoaa maistuvaa kotiruokaa arkisin Imatran Saareksinm\u00e4ell\u00e4! Tarjoamme my\u00f6s pitopalvelua suurella syd\u00e4mell\u00e4 ja ammattitaidolla Imatralla ja sen l\u00e4hikunnissa. Elman tilat ovat vuokrattavissa erilaisia yksityistilaisuuksia varten. Yhteystiedot Anjankuja 155100 Imatrapuh. 044 989 5905s-posti: lotta@lounaskahvilaelma.fiwww.lounaskahvilaelma.fi<\/p>\n","protected":false},"author":23,"featured_media":0,"parent":0,"menu_order":0,"comment_status":"closed","ping_status":"closed","template":"","meta":{"_acf_changed":false,"footnotes":""},"class_list":["post-1651","page","type-page","status-publish","hentry"],"acf":[],"_links":{"self":[{"href":"https:\/\/me.yrittajat.fi\/karjalove\/wp-json\/wp\/v2\/pages\/1651","targetHints":{"allow":["GET"]}}],"collection":[{"href":"https:\/\/me.yrittajat.fi\/karjalove\/wp-json\/wp\/v2\/pages"}],"about":[{"href":"https:\/\/me.yrittajat.fi\/karjalove\/wp-json\/wp\/v2\/types\/page"}],"author":[{"embeddable":true,"href":"https:\/\/me.yrittajat.fi\/karjalove\/wp-json\/wp\/v2\/users\/23"}],"replies":[{"embeddable":true,"href":"https:\/\/me.yrittajat.fi\/karjalove\/wp-json\/wp\/v2\/comments?post=1651"}],"version-history":[{"count":4,"href":"https:\/\/me.yrittajat.fi\/karjalove\/wp-json\/wp\/v2\/pages\/1651\/revisions"}],"predecessor-version":[{"id":2097,"href":"https:\/\/me.yrittajat.fi\/karjalove\/wp-json\/wp\/v2\/pages\/1651\/revisions\/2097"}],"wp:attachment":[{"href":"https:\/\/me.yrittajat.fi\/karjalove\/wp-json\/wp\/v2\/media?parent=1651"}],"curies":[{"name":"wp","href":"https:\/\/api.w.org\/{rel}","templated":true}]}}