{"id":1670,"date":"2023-07-31T13:58:56","date_gmt":"2023-07-31T10:58:56","guid":{"rendered":"https:\/\/me.yrittajat.fi\/karjalove\/?page_id=1670"},"modified":"2023-07-31T14:18:12","modified_gmt":"2023-07-31T11:18:12","slug":"nokone","status":"publish","type":"page","link":"https:\/\/me.yrittajat.fi\/karjalove\/nokone\/","title":{"rendered":"Nokone"},"content":{"rendered":"\n<p>Nokone Oy on vuonna 2013 perustettu metalliteollisuuden alalla toimiva yritys. Aluksi yrityst\u00e4 py\u00f6ritettiin sivutoimisesti molempien nykyisten osakkaiden ollessa palkkat\u00f6iss\u00e4 muualla. Vuonna 2015 toinen firman nykyisist\u00e4 osakkaista, Simo Nokelainen j\u00e4i t\u00e4ysip\u00e4iv\u00e4isesti Nokone Oy:n kirjoille. Toukokuussa vuonna 2015 Nokone Oy osti er\u00e4\u00e4n lopettavan toimijan konekannan. Siit\u00e4 l\u00e4htien Nokone Oy:n maine luotettavana, joustavana ja t\u00e4sm\u00e4llist\u00e4 laatua toimittavana yrityksen\u00e4 on levinnyt moniin alueemme kasvaviin firmoihin (The Switch, Danfoss, Laitex jne). Huhtikuussa vuonna 2017 yritykseen palkattiin ensimm\u00e4inen ty\u00f6ntekij\u00e4 ja my\u00f6hemmin samana vuonna yrityksen toinen osakas, Juho Nokelainen siirtyi t\u00e4ysip\u00e4iv\u00e4isesti Nokone Oy:n palvelukseen. Nyt vuonna 2023 Nokone Oy ty\u00f6llist\u00e4\u00e4 yhteens\u00e4 seitsem\u00e4n henkil\u00f6\u00e4, joista yksi oppisopimuksella. T\u00e4m\u00e4n lis\u00e4ksi ty\u00f6llist\u00e4mme ja teemme paljon yhteisty\u00f6t\u00e4 yksityisyritysten kanssa.<\/p>\n\n\n\n<p>Vankan ammattitaidon ja pitk\u00e4n kokemuksen lis\u00e4ksi yrityksell\u00e4 on voimakas kehittymis- ja kasvamishalu, jonka takia yritys on jatkuvasti panostanut uuteen kalustoon, sek\u00e4 henkil\u00f6st\u00f6n kouluttamiseen. T\u00e4t\u00e4 kautta pyrit\u00e4\u00e4n pysym\u00e4\u00e4n mukana kilpailussa, sek\u00e4 tarjoamaan asiakkaille yh\u00e4 monipuolisempia palveluita.<\/p>\n\n\n\n<p>Meilt\u00e4<\/p>\n\n\n\n<ul class=\"wp-block-list\">\n<li>Koneistukset<\/li>\n\n\n\n<li>Hitsaukset<\/li>\n\n\n\n<li>3D Suunnittelu ja mallinnus (SolidWorks)<\/li>\n<\/ul>\n\n\n\n<p><\/p>\n\n\n\n<h3 class=\"wp-block-heading\">Yhteystiedot<\/h3>\n\n\n\n<p>Paatsamakatu 12<br>53810 Lappeenranta<br>Puh. +358 50\u00a0320 6954<br>S-posti: simo.nokelainen@nokone.fi<\/p>\n\n\n\n<p><a rel=\"noreferrer noopener\" href=\"http:\/\/www.nokone.fi\/\" target=\"_blank\">www.nokone.fi<\/a><\/p>\n\n\n\n<p><\/p>\n\n\n\n<p><\/p>\n","protected":false},"excerpt":{"rendered":"<p>Nokone Oy on vuonna 2013 perustettu metalliteollisuuden alalla toimiva yritys. Aluksi yrityst\u00e4 py\u00f6ritettiin sivutoimisesti molempien nykyisten osakkaiden ollessa palkkat\u00f6iss\u00e4 muualla. Vuonna 2015 toinen firman nykyisist\u00e4 osakkaista, Simo Nokelainen j\u00e4i t\u00e4ysip\u00e4iv\u00e4isesti Nokone Oy:n kirjoille. Toukokuussa vuonna 2015 Nokone Oy osti er\u00e4\u00e4n lopettavan toimijan konekannan. Siit\u00e4 l\u00e4htien Nokone Oy:n maine luotettavana, joustavana ja t\u00e4sm\u00e4llist\u00e4 laatua toimittavana yrityksen\u00e4 &hellip; <a href=\"https:\/\/me.yrittajat.fi\/karjalove\/nokone\/\">Lue lis\u00e4\u00e4<\/a><\/p>\n","protected":false},"author":23,"featured_media":0,"parent":0,"menu_order":0,"comment_status":"closed","ping_status":"closed","template":"","meta":{"_acf_changed":false,"footnotes":""},"class_list":["post-1670","page","type-page","status-publish","hentry"],"acf":[],"_links":{"self":[{"href":"https:\/\/me.yrittajat.fi\/karjalove\/wp-json\/wp\/v2\/pages\/1670","targetHints":{"allow":["GET"]}}],"collection":[{"href":"https:\/\/me.yrittajat.fi\/karjalove\/wp-json\/wp\/v2\/pages"}],"about":[{"href":"https:\/\/me.yrittajat.fi\/karjalove\/wp-json\/wp\/v2\/types\/page"}],"author":[{"embeddable":true,"href":"https:\/\/me.yrittajat.fi\/karjalove\/wp-json\/wp\/v2\/users\/23"}],"replies":[{"embeddable":true,"href":"https:\/\/me.yrittajat.fi\/karjalove\/wp-json\/wp\/v2\/comments?post=1670"}],"version-history":[{"count":3,"href":"https:\/\/me.yrittajat.fi\/karjalove\/wp-json\/wp\/v2\/pages\/1670\/revisions"}],"predecessor-version":[{"id":1675,"href":"https:\/\/me.yrittajat.fi\/karjalove\/wp-json\/wp\/v2\/pages\/1670\/revisions\/1675"}],"wp:attachment":[{"href":"https:\/\/me.yrittajat.fi\/karjalove\/wp-json\/wp\/v2\/media?parent=1670"}],"curies":[{"name":"wp","href":"https:\/\/api.w.org\/{rel}","templated":true}]}}