{"id":1676,"date":"2023-07-31T14:28:48","date_gmt":"2023-07-31T11:28:48","guid":{"rendered":"https:\/\/me.yrittajat.fi\/karjalove\/?page_id=1676"},"modified":"2023-08-17T14:51:46","modified_gmt":"2023-08-17T11:51:46","slug":"osmos-cosmos-bar","status":"publish","type":"page","link":"https:\/\/me.yrittajat.fi\/karjalove\/osmos-cosmos-bar\/","title":{"rendered":"Osmo\u00b4s Cosmos Bar"},"content":{"rendered":"\n<p>Osmo&#8217;s Cosmos Bar sijaitsee k\u00e4velykadulla Imatran keskustassa. Y\u00f6kerho,&nbsp;<br>pubi, sport bar, karaoke corner, kabinetti, sauna &#8211; ja tietysti&nbsp;<br>maistuvaa juomaa ja pikkupurtavaa.<br>Katutason pubi avoinna joka p\u00e4iv\u00e4 aamuysist\u00e4 y\u00f6my\u00f6h\u00e4\u00e4n &#8211; alakerran&nbsp;<br>y\u00f6kerho viikonloppuisin. Lis\u00e4infoa&nbsp;<a rel=\"noreferrer noopener\" href=\"http:\/\/www.osmoscosmos.com\/ocbar.%22\" target=\"_blank\">www.osmoscosmos.com\/ocbar.<\/a><\/p>\n\n\n<div class=\"wp-block-image\">\n<figure class=\"alignright size-large is-resized\"><img loading=\"lazy\" decoding=\"async\" src=\"https:\/\/me.yrittajat.fi\/karjalove\/app\/uploads\/sites\/65\/2023\/07\/osmo\u00b4s-cosmos-bar-logo-1024x576.jpg\" alt=\"\" class=\"wp-image-1678\" width=\"380\" height=\"214\" srcset=\"https:\/\/me.yrittajat.fi\/app\/uploads\/sites\/65\/2023\/07\/osmo\u00b4s-cosmos-bar-logo-1024x576.jpg 1024w, https:\/\/me.yrittajat.fi\/app\/uploads\/sites\/65\/2023\/07\/osmo\u00b4s-cosmos-bar-logo-300x169.jpg 300w, https:\/\/me.yrittajat.fi\/app\/uploads\/sites\/65\/2023\/07\/osmo\u00b4s-cosmos-bar-logo-768x432.jpg 768w, https:\/\/me.yrittajat.fi\/app\/uploads\/sites\/65\/2023\/07\/osmo\u00b4s-cosmos-bar-logo-1536x864.jpg 1536w, https:\/\/me.yrittajat.fi\/app\/uploads\/sites\/65\/2023\/07\/osmo\u00b4s-cosmos-bar-logo-318x178.jpg 318w, https:\/\/me.yrittajat.fi\/app\/uploads\/sites\/65\/2023\/07\/osmo\u00b4s-cosmos-bar-logo-1364x768.jpg 1364w, https:\/\/me.yrittajat.fi\/app\/uploads\/sites\/65\/2023\/07\/osmo\u00b4s-cosmos-bar-logo.jpg 1920w\" sizes=\"auto, (max-width: 380px) 100vw, 380px\" \/><\/figure><\/div>\n\n\n<h3 class=\"wp-block-heading\">Yhteystiedot<\/h3>\n\n\n\n<p>Koskenparras 5<br>55100 IMATRA<br>S-posti: bar(at)osmoscosmos.com<br>Puh. 010-666 6666<\/p>\n","protected":false},"excerpt":{"rendered":"<p>Osmo&#8217;s Cosmos Bar sijaitsee k\u00e4velykadulla Imatran keskustassa. Y\u00f6kerho,&nbsp;pubi, sport bar, karaoke corner, kabinetti, sauna &#8211; ja tietysti&nbsp;maistuvaa juomaa ja pikkupurtavaa.Katutason pubi avoinna joka p\u00e4iv\u00e4 aamuysist\u00e4 y\u00f6my\u00f6h\u00e4\u00e4n &#8211; alakerran&nbsp;y\u00f6kerho viikonloppuisin. Lis\u00e4infoa&nbsp;www.osmoscosmos.com\/ocbar. Yhteystiedot Koskenparras 555100 IMATRAS-posti: bar(at)osmoscosmos.comPuh. 010-666 6666<\/p>\n","protected":false},"author":23,"featured_media":0,"parent":0,"menu_order":0,"comment_status":"closed","ping_status":"closed","template":"","meta":{"_acf_changed":false,"footnotes":""},"class_list":["post-1676","page","type-page","status-publish","hentry"],"acf":[],"_links":{"self":[{"href":"https:\/\/me.yrittajat.fi\/karjalove\/wp-json\/wp\/v2\/pages\/1676","targetHints":{"allow":["GET"]}}],"collection":[{"href":"https:\/\/me.yrittajat.fi\/karjalove\/wp-json\/wp\/v2\/pages"}],"about":[{"href":"https:\/\/me.yrittajat.fi\/karjalove\/wp-json\/wp\/v2\/types\/page"}],"author":[{"embeddable":true,"href":"https:\/\/me.yrittajat.fi\/karjalove\/wp-json\/wp\/v2\/users\/23"}],"replies":[{"embeddable":true,"href":"https:\/\/me.yrittajat.fi\/karjalove\/wp-json\/wp\/v2\/comments?post=1676"}],"version-history":[{"count":3,"href":"https:\/\/me.yrittajat.fi\/karjalove\/wp-json\/wp\/v2\/pages\/1676\/revisions"}],"predecessor-version":[{"id":2092,"href":"https:\/\/me.yrittajat.fi\/karjalove\/wp-json\/wp\/v2\/pages\/1676\/revisions\/2092"}],"wp:attachment":[{"href":"https:\/\/me.yrittajat.fi\/karjalove\/wp-json\/wp\/v2\/media?parent=1676"}],"curies":[{"name":"wp","href":"https:\/\/api.w.org\/{rel}","templated":true}]}}