{"id":1709,"date":"2023-07-31T15:41:25","date_gmt":"2023-07-31T12:41:25","guid":{"rendered":"https:\/\/me.yrittajat.fi\/karjalove\/?page_id=1709"},"modified":"2023-08-17T13:12:07","modified_gmt":"2023-08-17T10:12:07","slug":"tsl-ja-kp-tilit-oy","status":"publish","type":"page","link":"https:\/\/me.yrittajat.fi\/karjalove\/tsl-ja-kp-tilit-oy\/","title":{"rendered":"TSL JA KP Tilit Oy"},"content":{"rendered":"\n<p>T<strong>arvitsetko kirjanpit\u00e4j\u00e4\u00e4 tai apua yrityksen perustamisessa?<\/strong><\/p>\n\n\n\n<p>Kirjanpitotoimisto TSL ja KP Tilit Oy on hyv\u00e4n palvelun tilitoimisto Lappeenrannassa.\u00a0Kun tarvitset apua yrityksen paperiasioissa tai tilinp\u00e4\u00e4t\u00f6ksen laatimisessa, ota rohkeasti yhteytt\u00e4. Tilitoimistomme on apunasi.<\/p>\n\n\n\n<p>Tilitoimistostamme saat luotettavan kirjanpidon lis\u00e4ksi tarvitsemasi tilitoimistopalvelut, s\u00e4hk\u00f6isen taloushallinnon, raportoinnin sek\u00e4 modernit ty\u00f6kalut vied\u00e4ksesi yrityst\u00e4si eteenp\u00e4in.<\/p>\n\n\n\n<h4 class=\"wp-block-heading\">Is\u00e4nn\u00f6intipalvelu<\/h4>\n\n\n\n<p>Teemme my\u00f6s sivutoimisesti Is\u00e4nn\u00f6inti\u00e4 pienille rivitaloyhti\u00f6lle.<\/p>\n\n\n\n<p>Is\u00e4nn\u00f6itsij\u00e4n rooli omaisuuden hoitajana ja p\u00e4\u00e4t\u00f6ksenteon moottorina on keskeinen. Voimme tarjota sinulle ja taloyhti\u00f6llesi aktiivista, aloitteellista ja olennaisiin asioihin keskittyv\u00e4\u00e4 palvelua. Sitoudumme talon hoitoon ja toimimme yhti\u00f6n edun mukaisesti.<\/p>\n\n\n\n<p>Hoidamme samalla taloyhti\u00f6n kirjanpidon ja vastikevalvonnan.<\/p>\n\n\n\n<h3 class=\"wp-block-heading\">Yhteystiedot<\/h3>\n\n\n\n<p><a rel=\"noreferrer noopener\" href=\"https:\/\/www.google.com\/maps\/place\/Lentokent%C3%A4ntie+47,+Lappeenranta,+Suomi\/data=!4m2!3m1!1s0x4690951719a49b7b:0x94d2ed97de9a2e7b?sa=X&amp;ved=0ahUKEwidzpHEiobMAhUGDiwKHXrpAWYQ8gEIGjAA\" target=\"_blank\">Lentokent\u00e4ntie 47 B<\/a><br>53600 Lappeenranta<\/p>\n\n\n\n<h3 class=\"wp-block-heading\">Yhteyshenkil\u00f6:<\/h3>\n\n\n\n<p>Terhi Suuronen-Luukas<br>Puh. 040 4130 254<br><a href=\"mailto:tsltilit@gmail.com\" target=\"_blank\" rel=\"noreferrer noopener\">tsltilit@gmail.com<\/a><\/p>\n","protected":false},"excerpt":{"rendered":"<p>Tarvitsetko kirjanpit\u00e4j\u00e4\u00e4 tai apua yrityksen perustamisessa? Kirjanpitotoimisto TSL ja KP Tilit Oy on hyv\u00e4n palvelun tilitoimisto Lappeenrannassa.\u00a0Kun tarvitset apua yrityksen paperiasioissa tai tilinp\u00e4\u00e4t\u00f6ksen laatimisessa, ota rohkeasti yhteytt\u00e4. Tilitoimistomme on apunasi. Tilitoimistostamme saat luotettavan kirjanpidon lis\u00e4ksi tarvitsemasi tilitoimistopalvelut, s\u00e4hk\u00f6isen taloushallinnon, raportoinnin sek\u00e4 modernit ty\u00f6kalut vied\u00e4ksesi yrityst\u00e4si eteenp\u00e4in. Is\u00e4nn\u00f6intipalvelu Teemme my\u00f6s sivutoimisesti Is\u00e4nn\u00f6inti\u00e4 pienille rivitaloyhti\u00f6lle. Is\u00e4nn\u00f6itsij\u00e4n rooli &hellip; <a href=\"https:\/\/me.yrittajat.fi\/karjalove\/tsl-ja-kp-tilit-oy\/\">Lue lis\u00e4\u00e4<\/a><\/p>\n","protected":false},"author":23,"featured_media":0,"parent":0,"menu_order":0,"comment_status":"closed","ping_status":"closed","template":"","meta":{"_acf_changed":false,"footnotes":""},"class_list":["post-1709","page","type-page","status-publish","hentry"],"acf":[],"_links":{"self":[{"href":"https:\/\/me.yrittajat.fi\/karjalove\/wp-json\/wp\/v2\/pages\/1709","targetHints":{"allow":["GET"]}}],"collection":[{"href":"https:\/\/me.yrittajat.fi\/karjalove\/wp-json\/wp\/v2\/pages"}],"about":[{"href":"https:\/\/me.yrittajat.fi\/karjalove\/wp-json\/wp\/v2\/types\/page"}],"author":[{"embeddable":true,"href":"https:\/\/me.yrittajat.fi\/karjalove\/wp-json\/wp\/v2\/users\/23"}],"replies":[{"embeddable":true,"href":"https:\/\/me.yrittajat.fi\/karjalove\/wp-json\/wp\/v2\/comments?post=1709"}],"version-history":[{"count":3,"href":"https:\/\/me.yrittajat.fi\/karjalove\/wp-json\/wp\/v2\/pages\/1709\/revisions"}],"predecessor-version":[{"id":2040,"href":"https:\/\/me.yrittajat.fi\/karjalove\/wp-json\/wp\/v2\/pages\/1709\/revisions\/2040"}],"wp:attachment":[{"href":"https:\/\/me.yrittajat.fi\/karjalove\/wp-json\/wp\/v2\/media?parent=1709"}],"curies":[{"name":"wp","href":"https:\/\/api.w.org\/{rel}","templated":true}]}}