{"id":173,"date":"2023-03-30T10:24:20","date_gmt":"2023-03-30T07:24:20","guid":{"rendered":"https:\/\/me.yrittajat.fi\/karjalove\/?page_id=173"},"modified":"2023-07-31T13:04:32","modified_gmt":"2023-07-31T10:04:32","slug":"bionella-oy","status":"publish","type":"page","link":"https:\/\/me.yrittajat.fi\/karjalove\/bionella-oy\/","title":{"rendered":"Bionella Oy"},"content":{"rendered":"\n<p>Tarjoamme ammattitaitoista ja luotettavaa siivouspalvelua yrityksille\u00a0<br>sek\u00e4 yksityisille talouksille. Tuotamme my\u00f6s hoiva- ja kotipalvelua\u00a0<br>yksityisasiakkaille ja toimimme Etel\u00e4-Karjalan Hyvinvointialueen\u00a0<br>hyv\u00e4ksym\u00e4n\u00e4 palvelusetelipalveluiden tuottajana. Olemme toimineet jo yli\u00a0<br>30 vuoden ajan Luum\u00e4ell\u00e4 ja Lappeenrannassa ja iloksemme olemme saaneet\u00a0<br>palvella useita asiakkaita jopa vuosikymmenien ajan. Pitk\u00e4kestoiset\u00a0<br>asiakassuhteet ovat hienoin osoitus asiakastyytyv\u00e4isyydest\u00e4 sek\u00e4\u00a0<br>onnistumisestamme laadukkaan palvelun tuottamisessa.<\/p>\n\n\n\n<h3 class=\"wp-block-heading\">Yhteystiedot<\/h3>\n\n\n\n<p>Yritt\u00e4j\u00e4<br>Toni Vattukumpu<br>0449895431<br>toni.vattukumpu@bionella.fi<\/p>\n\n\n\n<p>Luum\u00e4ki<br>Riihitie 1 54500 Taavetti<br>054171296<\/p>\n\n\n\n<p>Lappeenranta<br>Kaakkoiskaari 18 LH 26, (sis\u00e4piha)<br>53500 Lappeenranta<br>0405686672<\/p>\n\n\n\n<p><a href=\"http:\/\/www.bionella.fi\/\" target=\"_blank\" rel=\"noreferrer noopener\">www.bionella.fi<\/a><br>Instagram @bionella_oy<\/p>\n","protected":false},"excerpt":{"rendered":"<p>Tarjoamme ammattitaitoista ja luotettavaa siivouspalvelua yrityksille\u00a0sek\u00e4 yksityisille talouksille. Tuotamme my\u00f6s hoiva- ja kotipalvelua\u00a0yksityisasiakkaille ja toimimme Etel\u00e4-Karjalan Hyvinvointialueen\u00a0hyv\u00e4ksym\u00e4n\u00e4 palvelusetelipalveluiden tuottajana. Olemme toimineet jo yli\u00a030 vuoden ajan Luum\u00e4ell\u00e4 ja Lappeenrannassa ja iloksemme olemme saaneet\u00a0palvella useita asiakkaita jopa vuosikymmenien ajan. Pitk\u00e4kestoiset\u00a0asiakassuhteet ovat hienoin osoitus asiakastyytyv\u00e4isyydest\u00e4 sek\u00e4\u00a0onnistumisestamme laadukkaan palvelun tuottamisessa. Yhteystiedot Yritt\u00e4j\u00e4Toni Vattukumpu0449895431toni.vattukumpu@bionella.fi Luum\u00e4kiRiihitie 1 54500 Taavetti054171296 LappeenrantaKaakkoiskaari 18 &hellip; <a href=\"https:\/\/me.yrittajat.fi\/karjalove\/bionella-oy\/\">Lue lis\u00e4\u00e4<\/a><\/p>\n","protected":false},"author":23,"featured_media":0,"parent":0,"menu_order":0,"comment_status":"closed","ping_status":"closed","template":"","meta":{"_acf_changed":false,"footnotes":""},"class_list":["post-173","page","type-page","status-publish","hentry"],"acf":[],"_links":{"self":[{"href":"https:\/\/me.yrittajat.fi\/karjalove\/wp-json\/wp\/v2\/pages\/173","targetHints":{"allow":["GET"]}}],"collection":[{"href":"https:\/\/me.yrittajat.fi\/karjalove\/wp-json\/wp\/v2\/pages"}],"about":[{"href":"https:\/\/me.yrittajat.fi\/karjalove\/wp-json\/wp\/v2\/types\/page"}],"author":[{"embeddable":true,"href":"https:\/\/me.yrittajat.fi\/karjalove\/wp-json\/wp\/v2\/users\/23"}],"replies":[{"embeddable":true,"href":"https:\/\/me.yrittajat.fi\/karjalove\/wp-json\/wp\/v2\/comments?post=173"}],"version-history":[{"count":6,"href":"https:\/\/me.yrittajat.fi\/karjalove\/wp-json\/wp\/v2\/pages\/173\/revisions"}],"predecessor-version":[{"id":1655,"href":"https:\/\/me.yrittajat.fi\/karjalove\/wp-json\/wp\/v2\/pages\/173\/revisions\/1655"}],"wp:attachment":[{"href":"https:\/\/me.yrittajat.fi\/karjalove\/wp-json\/wp\/v2\/media?parent=173"}],"curies":[{"name":"wp","href":"https:\/\/api.w.org\/{rel}","templated":true}]}}