{"id":179,"date":"2023-03-30T10:32:44","date_gmt":"2023-03-30T07:32:44","guid":{"rendered":"https:\/\/me.yrittajat.fi\/karjalove\/?page_id=179"},"modified":"2023-06-21T11:37:40","modified_gmt":"2023-06-21T08:37:40","slug":"doaudit-oy","status":"publish","type":"page","link":"https:\/\/me.yrittajat.fi\/karjalove\/doaudit-oy\/","title":{"rendered":"DoAudit Oy"},"content":{"rendered":"\n<p>DoAudit Oy on erikoistunut uusimpien teknologioiden soveltamiseen k\u00e4yt\u00e4nn\u00f6ss\u00e4, kohderyhm\u00e4n\u00e4 pienet ja keskisuuret yritykset Etel\u00e4-Karjalassa.<\/p>\n\n\n\n<p>Jari tekee samalla riippumatonta ja puolueetonta IT auditointia, erityistoimeksiantoja ja konsultointia erityisesti Microsoft \u2013 ymp\u00e4rist\u00f6iss\u00e4. Microsoft Office 365 \u2013 pilvipalvelun osalta DoAudit Oy oli pilottina lokakuusta 2010 alkaen kun se tuli maailmanlaajuiseen k\u00e4ytt\u00f6\u00f6n hein\u00e4kuussa 2011. Sen j\u00e4lkeen k\u00e4yt\u00e4nn\u00f6ss\u00e4 kaikki s\u00e4hk\u00f6postiprojektit ovat olleet MS Office 365 \u2013 ymp\u00e4rist\u00f6ihin siirtymisi\u00e4.<\/p>\n\n\n\n<p>Jos sinulla on tarvetta IT-ymp\u00e4rist\u00f6jen konsultointiin, tietoliikenneselvityksiin, Windows &amp; Mac \u2013 asioihin, tabletteihin ja \u00e4lypuhelimiin migraatioissa sek\u00e4 Microsoft 365 \u2013 asioihin, ota rohkeasti yhteytt\u00e4. Keskityn edelleen Microsoft teknologioihin \u2013 jo vuodesta 1992 alkaen \u2013 ja niiden soveltamiseen eri projekteissa ja toimeksiannoissa. Ja Etel\u00e4-Karjala on hyv\u00e4 paikka yritykselle, aikoinaan opiskelemaan tulleena olen asunut suurimman osan el\u00e4m\u00e4st\u00e4ni Lappeenrannassa.<\/p>\n\n\n\n<h3 class=\"wp-block-heading\">Yhteystiedot<\/h3>\n\n\n\n<p>Raatimiehenkatu 20<br>53100 Lappeenranta<br>puh. 040 566 8833<br>jari.harju@doaudit.fi<br><a href=\"http:\/\/www.doaudit.fi\/\" target=\"_blank\" rel=\"noreferrer noopener\">www.doaudit.fi<\/a><\/p>\n","protected":false},"excerpt":{"rendered":"<p>DoAudit Oy on erikoistunut uusimpien teknologioiden soveltamiseen k\u00e4yt\u00e4nn\u00f6ss\u00e4, kohderyhm\u00e4n\u00e4 pienet ja keskisuuret yritykset Etel\u00e4-Karjalassa. Jari tekee samalla riippumatonta ja puolueetonta IT auditointia, erityistoimeksiantoja ja konsultointia erityisesti Microsoft \u2013 ymp\u00e4rist\u00f6iss\u00e4. Microsoft Office 365 \u2013 pilvipalvelun osalta DoAudit Oy oli pilottina lokakuusta 2010 alkaen kun se tuli maailmanlaajuiseen k\u00e4ytt\u00f6\u00f6n hein\u00e4kuussa 2011. Sen j\u00e4lkeen k\u00e4yt\u00e4nn\u00f6ss\u00e4 kaikki s\u00e4hk\u00f6postiprojektit ovat &hellip; <a href=\"https:\/\/me.yrittajat.fi\/karjalove\/doaudit-oy\/\">Lue lis\u00e4\u00e4<\/a><\/p>\n","protected":false},"author":23,"featured_media":0,"parent":0,"menu_order":0,"comment_status":"closed","ping_status":"closed","template":"","meta":{"_acf_changed":false,"footnotes":""},"class_list":["post-179","page","type-page","status-publish","hentry"],"acf":[],"_links":{"self":[{"href":"https:\/\/me.yrittajat.fi\/karjalove\/wp-json\/wp\/v2\/pages\/179","targetHints":{"allow":["GET"]}}],"collection":[{"href":"https:\/\/me.yrittajat.fi\/karjalove\/wp-json\/wp\/v2\/pages"}],"about":[{"href":"https:\/\/me.yrittajat.fi\/karjalove\/wp-json\/wp\/v2\/types\/page"}],"author":[{"embeddable":true,"href":"https:\/\/me.yrittajat.fi\/karjalove\/wp-json\/wp\/v2\/users\/23"}],"replies":[{"embeddable":true,"href":"https:\/\/me.yrittajat.fi\/karjalove\/wp-json\/wp\/v2\/comments?post=179"}],"version-history":[{"count":5,"href":"https:\/\/me.yrittajat.fi\/karjalove\/wp-json\/wp\/v2\/pages\/179\/revisions"}],"predecessor-version":[{"id":1498,"href":"https:\/\/me.yrittajat.fi\/karjalove\/wp-json\/wp\/v2\/pages\/179\/revisions\/1498"}],"wp:attachment":[{"href":"https:\/\/me.yrittajat.fi\/karjalove\/wp-json\/wp\/v2\/media?parent=179"}],"curies":[{"name":"wp","href":"https:\/\/api.w.org\/{rel}","templated":true}]}}