{"id":1821,"date":"2023-08-02T13:17:44","date_gmt":"2023-08-02T10:17:44","guid":{"rendered":"https:\/\/me.yrittajat.fi\/karjalove\/?page_id=1821"},"modified":"2023-08-02T13:17:45","modified_gmt":"2023-08-02T10:17:45","slug":"auto-ja-raken-maalaamo-roysko-oy","status":"publish","type":"page","link":"https:\/\/me.yrittajat.fi\/karjalove\/auto-ja-raken-maalaamo-roysko-oy\/","title":{"rendered":"Auto- ja Raken.maalaamo R\u00f6ysk\u00f6 Oy"},"content":{"rendered":"\n<p>R\u00f6ysk\u00f6 Oy, jonka monet tuntevat paremmin nimell\u00e4 \u201dR\u00f6ysk\u00f6n maalikauppa\u201d, on vuonna 1987 perustettu maalien ja maalaukseen liittyvien tuotteiden v\u00e4hitt\u00e4is- ja tukkukauppa. Tarjoamme markkinoiden parhaiden tuotteiden lis\u00e4ksi asiantuntevaa ja ammattitaitoista palvelua.<\/p>\n\n\n\n<h3 class=\"wp-block-heading\">Yhteystiedot<\/h3>\n\n\n\n<p>Asentajantie 2<br>54100 Joutseno<br>puh. 05 4133 721<br>puh. 040 540 1158 \/ Sami R\u00f6ysk\u00f6<br>puh. 0400 66 0004 \/ Tuomas R\u00f6ysk\u00f6<br>sami.roysko@roysko.fi<br><a href=\"https:\/\/www.roysko.fi\/\" target=\"_blank\" rel=\"noreferrer noopener\">www.roysko.fi<\/a><br>Avoinna: Arkisin 9.00 \u2013 16.00<\/p>\n","protected":false},"excerpt":{"rendered":"<p>R\u00f6ysk\u00f6 Oy, jonka monet tuntevat paremmin nimell\u00e4 \u201dR\u00f6ysk\u00f6n maalikauppa\u201d, on vuonna 1987 perustettu maalien ja maalaukseen liittyvien tuotteiden v\u00e4hitt\u00e4is- ja tukkukauppa. Tarjoamme markkinoiden parhaiden tuotteiden lis\u00e4ksi asiantuntevaa ja ammattitaitoista palvelua. Yhteystiedot Asentajantie 254100 Joutsenopuh. 05 4133 721puh. 040 540 1158 \/ Sami R\u00f6ysk\u00f6puh. 0400 66 0004 \/ Tuomas R\u00f6ysk\u00f6sami.roysko@roysko.fiwww.roysko.fiAvoinna: Arkisin 9.00 \u2013 16.00<\/p>\n","protected":false},"author":23,"featured_media":0,"parent":0,"menu_order":0,"comment_status":"closed","ping_status":"closed","template":"","meta":{"_acf_changed":false,"footnotes":""},"class_list":["post-1821","page","type-page","status-publish","hentry"],"acf":[],"_links":{"self":[{"href":"https:\/\/me.yrittajat.fi\/karjalove\/wp-json\/wp\/v2\/pages\/1821","targetHints":{"allow":["GET"]}}],"collection":[{"href":"https:\/\/me.yrittajat.fi\/karjalove\/wp-json\/wp\/v2\/pages"}],"about":[{"href":"https:\/\/me.yrittajat.fi\/karjalove\/wp-json\/wp\/v2\/types\/page"}],"author":[{"embeddable":true,"href":"https:\/\/me.yrittajat.fi\/karjalove\/wp-json\/wp\/v2\/users\/23"}],"replies":[{"embeddable":true,"href":"https:\/\/me.yrittajat.fi\/karjalove\/wp-json\/wp\/v2\/comments?post=1821"}],"version-history":[{"count":1,"href":"https:\/\/me.yrittajat.fi\/karjalove\/wp-json\/wp\/v2\/pages\/1821\/revisions"}],"predecessor-version":[{"id":1822,"href":"https:\/\/me.yrittajat.fi\/karjalove\/wp-json\/wp\/v2\/pages\/1821\/revisions\/1822"}],"wp:attachment":[{"href":"https:\/\/me.yrittajat.fi\/karjalove\/wp-json\/wp\/v2\/media?parent=1821"}],"curies":[{"name":"wp","href":"https:\/\/api.w.org\/{rel}","templated":true}]}}