{"id":1970,"date":"2023-08-11T12:20:21","date_gmt":"2023-08-11T09:20:21","guid":{"rendered":"https:\/\/me.yrittajat.fi\/karjalove\/?page_id=1970"},"modified":"2025-07-08T14:33:08","modified_gmt":"2025-07-08T11:33:08","slug":"yhteys","status":"publish","type":"page","link":"https:\/\/me.yrittajat.fi\/karjalove\/yhteys\/","title":{"rendered":"Yhteys"},"content":{"rendered":"\n<h3 class=\"wp-block-heading\">Etel\u00e4-Karjalan Yritt\u00e4j\u00e4t\/Karjalove<\/h3>\n\n\n\n<p>Valtakatu 51<br>53100 Lappeenranta<br>Finland<\/p>\n\n\n\t<div id=\"gb-button-block_8bcdcc954cbe7f908b3417b81b2dbd2b\" class=\"gb-button gb-button-block_8bcdcc954cbe7f908b3417b81b2dbd2b\">\n\t\t\t\t\t\t<a class=\"b-button b-button--color- b-button--style-\"\n\t   href=\"https:\/\/me.yrittajat.fi\/app\/uploads\/sites\/65\/2023\/12\/karjalove_logo.png\"\n\t   target=\"_blank\">\n\n\t\t<span class=\"b-button__title\">\n\t\t\tLATAA Karjalove -logo k\u00e4ytt\u00f6\u00f6si t\u00e4\u00e4lt\u00e4\t\t<\/span>\n\n\t\t\t\t\t<span class=\"b-button__icon\">\n\t\t\t\t<svg xmlns=\"http:\/\/www.w3.org\/2000\/svg\" viewBox=\"0 0 9 14\"><path d=\"M2.001 13.664a1.333 1.333 0 01-.954-2.272l.007-.008 4.414-4.386-4.24-4.414A1.333 1.333 0 113.12.704l5.147 5.334a1.333 1.333 0 010 1.866l-5.334 5.334a1.333 1.333 0 01-.933.426z\"\/><\/svg>\t\t\t<\/span>\n\t\t\t<\/a>\n\t\t\t<\/div>\n\n\n<div id=\"gb-manual-contact-lift-block_3522a5c11e5c46c2ab5313cb24ef53df\" class=\"gb-manual-contact-lift gb-manual-contact-lift-block_3522a5c11e5c46c2ab5313cb24ef53df\">\n\t<div class=\"gb-manual-contact-lift__column gb-manual-contact-lift__column--first\">\n\t\t<div class=\"gb-manual-contact-lift__image\">\n\t\t\t\t\t\t\t<img loading=\"lazy\" decoding=\"async\" width=\"500\" height=\"500\" src=\"data:image\/gif;base64,R0lGODlhAQABAIAAAAAAAP\/\/\/yH5BAEAAAAALAAAAAABAAEAAAIBRAA7\" class=\"attachment-single-contact size-single-contact\" alt=\"\" data-src=\"https:\/\/me.yrittajat.fi\/app\/uploads\/sites\/65\/2023\/08\/toropainen.png\" data-srcset=\"https:\/\/me.yrittajat.fi\/app\/uploads\/sites\/65\/2023\/08\/toropainen.png 500w, https:\/\/me.yrittajat.fi\/app\/uploads\/sites\/65\/2023\/08\/toropainen-300x300.png 300w, https:\/\/me.yrittajat.fi\/app\/uploads\/sites\/65\/2023\/08\/toropainen-150x150.png 150w\" data-sizes=\"(max-width: 500px) 100vw, 500px\" data-lazy=\"\" \/>\t\t\t\t\t<\/div>\n\n\t\t<div class=\"gb-manual-contact-lift__info-wrapper\">\n\t\t\t\t\t\t\t<h3 class=\"gb-manual-contact-lift__name\">\n\t\t\t\t\tPasi Toropainen\t\t\t\t<\/h3>\n\t\t\t\t\t\t\t\t\t\t<div class=\"gb-manual-contact-lift__job_title\">\n\t\t\t\t\tKarjalove\t\t\t\t<\/div>\n\t\t\t\t\t\t\t\t<\/div>\n\t<\/div>\n\t<div class=\"gb-manual-contact-lift__column gb-manual-contact-lift__column--second\">\n\t\t\t\t\t<div class=\"gb-manual-contact-lift__phone\">\n\t\t\t\t<svg xmlns=\"http:\/\/www.w3.org\/2000\/svg\" viewBox=\"0 0 18 18\"><path d=\"M13.503 17.337C6.42 17.327.68 11.587.67 4.503A3.833 3.833 0 014.503.67c.216-.002.43.018.642.058.204.03.405.08.6.15a.833.833 0 01.542.625l1.141 5a.833.833 0 01-.216.767c-.109.117-.117.125-1.142.658a8.258 8.258 0 004.058 4.075c.542-1.033.55-1.041.667-1.15a.833.833 0 01.767-.216l5 1.141c.28.065.506.27.6.542a3.647 3.647 0 01.208 1.242 3.833 3.833 0 01-3.867 3.775z\"\/><\/svg>\t\t\t\t<a href=\"tel:0504956888\">\n\t\t\t\t\t0504956888\t\t\t\t<\/a>\n\t\t\t<\/div>\n\t\t\t\t\t\t\t<div class=\"gb-manual-contact-lift__email\">\n\t\t\t\t<svg xmlns=\"http:\/\/www.w3.org\/2000\/svg\" viewBox=\"0 0 18 14\"><path d=\"M14.837.33a2.5 2.5 0 012.5 2.5v8.333a2.5 2.5 0 01-2.5 2.5H3.17a2.5 2.5 0 01-2.5-2.5V2.83a2.5 2.5 0 012.5-2.5zM3.17 1.997l5.417 3.725a.833.833 0 00.833 0l5.417-3.725z\"\/><\/svg>\t\t\t\t<a href=\"mailto:&#112;&#097;s&#105;&#046;toropa&#105;ne&#110;&#064;y&#114;i&#116;ta&#106;&#097;t&#046;f&#105;\">\n\t\t\t\t\t&#112;a&#115;&#105;.tor&#111;pain&#101;&#110;&#064;&#121;&#114;i&#116;t&#097;&#106;&#097;t&#046;fi\t\t\t\t<\/a>\n\t\t\t<\/div>\n\t\t\t<\/div>\n\n<\/div>\n\n\n\n<p><\/p>\n","protected":false},"excerpt":{"rendered":"<p>Etel\u00e4-Karjalan Yritt\u00e4j\u00e4t\/Karjalove Valtakatu 5153100 LappeenrantaFinland<\/p>\n","protected":false},"author":23,"featured_media":0,"parent":0,"menu_order":0,"comment_status":"closed","ping_status":"closed","template":"","meta":{"_acf_changed":false,"footnotes":""},"class_list":["post-1970","page","type-page","status-publish","hentry"],"acf":[],"_links":{"self":[{"href":"https:\/\/me.yrittajat.fi\/karjalove\/wp-json\/wp\/v2\/pages\/1970","targetHints":{"allow":["GET"]}}],"collection":[{"href":"https:\/\/me.yrittajat.fi\/karjalove\/wp-json\/wp\/v2\/pages"}],"about":[{"href":"https:\/\/me.yrittajat.fi\/karjalove\/wp-json\/wp\/v2\/types\/page"}],"author":[{"embeddable":true,"href":"https:\/\/me.yrittajat.fi\/karjalove\/wp-json\/wp\/v2\/users\/23"}],"replies":[{"embeddable":true,"href":"https:\/\/me.yrittajat.fi\/karjalove\/wp-json\/wp\/v2\/comments?post=1970"}],"version-history":[{"count":5,"href":"https:\/\/me.yrittajat.fi\/karjalove\/wp-json\/wp\/v2\/pages\/1970\/revisions"}],"predecessor-version":[{"id":2620,"href":"https:\/\/me.yrittajat.fi\/karjalove\/wp-json\/wp\/v2\/pages\/1970\/revisions\/2620"}],"wp:attachment":[{"href":"https:\/\/me.yrittajat.fi\/karjalove\/wp-json\/wp\/v2\/media?parent=1970"}],"curies":[{"name":"wp","href":"https:\/\/api.w.org\/{rel}","templated":true}]}}