{"id":2,"date":"2023-03-16T17:19:40","date_gmt":"2023-03-16T15:19:40","guid":{"rendered":"https:\/\/me.yrittajat.fi\/karjalove\/?page_id=2"},"modified":"2023-06-26T14:03:06","modified_gmt":"2023-06-26T11:03:06","slug":"esimerkkisivu","status":"publish","type":"page","link":"https:\/\/me.yrittajat.fi\/karjalove\/esimerkkisivu\/","title":{"rendered":"Hotelli-Ravintola K\u00c4G\u00d6NE"},"content":{"rendered":"\n<p>K\u00e4g\u00f6ne avautui toukokuussa 2017 melkein 7 vuoden hiljaiselon j\u00e4lkeen j\u00e4lleen tervehtim\u00e4\u00e4n Kuutostien kulkijoita!<\/p>\n\n\n\n<p>Tervetuloa taukoa pit\u00e4m\u00e4\u00e4n, ruokailemaan, majoittumaan tai juhlataloon vieraana.<\/p>\n\n\n<div class=\"wp-block-image\">\n<figure class=\"alignright size-full is-resized\"><img loading=\"lazy\" decoding=\"async\" src=\"https:\/\/me.yrittajat.fi\/karjalove\/app\/uploads\/sites\/65\/2023\/06\/image-2.png\" alt=\"\" class=\"wp-image-1513\" width=\"448\" height=\"219\" srcset=\"https:\/\/me.yrittajat.fi\/app\/uploads\/sites\/65\/2023\/06\/image-2.png 1024w, https:\/\/me.yrittajat.fi\/app\/uploads\/sites\/65\/2023\/06\/image-2-300x147.png 300w, https:\/\/me.yrittajat.fi\/app\/uploads\/sites\/65\/2023\/06\/image-2-768x376.png 768w\" sizes=\"auto, (max-width: 448px) 100vw, 448px\" \/><\/figure><\/div>\n\n\n<h3 class=\"wp-block-heading\">Yhteystiedot <\/h3>\n\n\n\n<p>Kuutostie 1272, 59100 Parikkala<br>puh. <a href=\"tel:+358 50 32 32 077\">050 32 32 077<\/a><br>info@kagone.fi<br><a rel=\"noreferrer noopener\" href=\"http:\/\/www.kagone.fi\" target=\"_blank\">www.kagone.fi<\/a><\/p>\n\n\n\n<p><\/p>\n","protected":false},"excerpt":{"rendered":"<p>K\u00e4g\u00f6ne avautui toukokuussa 2017 melkein 7 vuoden hiljaiselon j\u00e4lkeen j\u00e4lleen tervehtim\u00e4\u00e4n Kuutostien kulkijoita! Tervetuloa taukoa pit\u00e4m\u00e4\u00e4n, ruokailemaan, majoittumaan tai juhlataloon vieraana. Yhteystiedot Kuutostie 1272, 59100 Parikkalapuh. 050 32 32 077info@kagone.fiwww.kagone.fi<\/p>\n","protected":false},"author":61,"featured_media":0,"parent":0,"menu_order":0,"comment_status":"closed","ping_status":"open","template":"","meta":{"_acf_changed":false,"footnotes":""},"class_list":["post-2","page","type-page","status-publish","hentry"],"acf":[],"_links":{"self":[{"href":"https:\/\/me.yrittajat.fi\/karjalove\/wp-json\/wp\/v2\/pages\/2","targetHints":{"allow":["GET"]}}],"collection":[{"href":"https:\/\/me.yrittajat.fi\/karjalove\/wp-json\/wp\/v2\/pages"}],"about":[{"href":"https:\/\/me.yrittajat.fi\/karjalove\/wp-json\/wp\/v2\/types\/page"}],"author":[{"embeddable":true,"href":"https:\/\/me.yrittajat.fi\/karjalove\/wp-json\/wp\/v2\/users\/61"}],"replies":[{"embeddable":true,"href":"https:\/\/me.yrittajat.fi\/karjalove\/wp-json\/wp\/v2\/comments?post=2"}],"version-history":[{"count":13,"href":"https:\/\/me.yrittajat.fi\/karjalove\/wp-json\/wp\/v2\/pages\/2\/revisions"}],"predecessor-version":[{"id":1515,"href":"https:\/\/me.yrittajat.fi\/karjalove\/wp-json\/wp\/v2\/pages\/2\/revisions\/1515"}],"wp:attachment":[{"href":"https:\/\/me.yrittajat.fi\/karjalove\/wp-json\/wp\/v2\/media?parent=2"}],"curies":[{"name":"wp","href":"https:\/\/api.w.org\/{rel}","templated":true}]}}