{"id":208,"date":"2023-03-30T11:15:20","date_gmt":"2023-03-30T08:15:20","guid":{"rendered":"https:\/\/me.yrittajat.fi\/karjalove\/?page_id=208"},"modified":"2023-06-27T14:50:34","modified_gmt":"2023-06-27T11:50:34","slug":"finnos-oy","status":"publish","type":"page","link":"https:\/\/me.yrittajat.fi\/karjalove\/finnos-oy\/","title":{"rendered":"Finnos Oy"},"content":{"rendered":"\n<p>Finnos&nbsp;Oy on t\u00e4yden palvelun teknologiayhti\u00f6, joka perustettiin Lappeenrannassa vuonna 2016 jatkamaan edelt\u00e4j\u00e4ns\u00e4 Bintec Oy:n innovatiivista kehitysty\u00f6t\u00e4. Yritys valmistaa, asentaa ja yll\u00e4pit\u00e4\u00e4 \u00e4lykk\u00e4it\u00e4 konen\u00e4k\u00f6- ja laadunvalvontaj\u00e4rjestelmi\u00e4 teollisuuden tarpeisiin. Finnoksen ratkaisuja hy\u00f6dynnet\u00e4\u00e4n sahateollisuuden toimialoilla, joissa raaka-ainetta, puolivalmistetta tai lopputuotetta kuljetetaan linjastoilla. Ratkaisujemme avulla vahvasti perinteisten toimialojen toimijat saavat k\u00e4ytt\u00f6\u00f6ns\u00e4 digitalisaation mahdollistamia etuja. Olemme rakentaneet ratkaisumme t\u00e4ysin skaalautuviksi, mik\u00e4 on mahdollistanut my\u00f6s kansainv\u00e4listen markkinoiden valloittamisen. Toimituksien m\u00e4\u00e4r\u00e4ss\u00e4 olemmekin alamme globaali markkinajohtaja.&nbsp;<\/p>\n\n\n\n<p>Viime vuodet ovat olleet&nbsp;Finnos&nbsp;Oy:lle vahvan kasvun aikaa. T\u00e4ll\u00e4 hetkell\u00e4 ty\u00f6llist\u00e4mme yli sata ammattilaista ja meill\u00e4 on useita toimipisteit\u00e4 sek\u00e4 Suomessa ett\u00e4 ulkomailla. Vaikka liiketoimintamme on laajentunut kansainv\u00e4liseksi, juuremme ovat edelleen syv\u00e4ll\u00e4 Etel\u00e4-Karjalan maaper\u00e4ss\u00e4. Suurin toimipisteemme sijaitsee yh\u00e4 Lappeenrannassa ja teemme jatkuvaa kehitysyhteisty\u00f6t\u00e4 alueellisten toimijoiden, kuten Lappeenrannan teknillisen yliopiston, kanssa. Ty\u00f6llist\u00e4mme ja toimimme kasvualustana LUT:n opiskelijoille heid\u00e4n matkallaan huippuasiantuntijoiksi. Lis\u00e4ksi useimmilla meill\u00e4 Finnoksella ty\u00f6skentelevill\u00e4 on koti Etel\u00e4-Karjalassa. Alueen hyvinvointi ja edistys on siis meille syd\u00e4men asia. Meille on siksi t\u00e4rke\u00e4\u00e4 saada olla mukana edesauttamassa alueellista hyvinvointia, verkostoitumista ja yhteisty\u00f6t\u00e4 my\u00f6s monikansallisesti. Tunnustuksena t\u00e4lle sitoutumiselle meid\u00e4t on nimetty Etel\u00e4-Karjalan vuoden 2023 kansainv\u00e4lisimm\u00e4ksi ty\u00f6nantajaksi. &nbsp;<\/p>\n\n\n<div class=\"wp-block-image\">\n<figure class=\"alignright size-large is-resized\"><img loading=\"lazy\" decoding=\"async\" src=\"https:\/\/me.yrittajat.fi\/karjalove\/app\/uploads\/sites\/65\/2023\/06\/finnos-metsa-logolla-1024x683.jpg\" alt=\"\" class=\"wp-image-1521\" width=\"365\" height=\"243\" srcset=\"https:\/\/me.yrittajat.fi\/app\/uploads\/sites\/65\/2023\/06\/finnos-metsa-logolla-1024x683.jpg 1024w, https:\/\/me.yrittajat.fi\/app\/uploads\/sites\/65\/2023\/06\/finnos-metsa-logolla-300x200.jpg 300w, https:\/\/me.yrittajat.fi\/app\/uploads\/sites\/65\/2023\/06\/finnos-metsa-logolla-768x512.jpg 768w, https:\/\/me.yrittajat.fi\/app\/uploads\/sites\/65\/2023\/06\/finnos-metsa-logolla-1536x1024.jpg 1536w, https:\/\/me.yrittajat.fi\/app\/uploads\/sites\/65\/2023\/06\/finnos-metsa-logolla-2048x1366.jpg 2048w, https:\/\/me.yrittajat.fi\/app\/uploads\/sites\/65\/2023\/06\/finnos-metsa-logolla-668x445.jpg 668w\" sizes=\"auto, (max-width: 365px) 100vw, 365px\" \/><\/figure><\/div>\n\n\n<h3 class=\"wp-block-heading\">Yhteystiedot<\/h3>\n\n\n\n<p>Tukkikatu 5<br>53900 Lappeenranta<br>puh. 044 336 8652<br>jere.heikkinen@finnos.fi<br><a href=\"http:\/\/www.finnos.fi\/\" target=\"_blank\" rel=\"noreferrer noopener\">www.finnos.fi<\/a><\/p>\n","protected":false},"excerpt":{"rendered":"<p>Finnos&nbsp;Oy on t\u00e4yden palvelun teknologiayhti\u00f6, joka perustettiin Lappeenrannassa vuonna 2016 jatkamaan edelt\u00e4j\u00e4ns\u00e4 Bintec Oy:n innovatiivista kehitysty\u00f6t\u00e4. Yritys valmistaa, asentaa ja yll\u00e4pit\u00e4\u00e4 \u00e4lykk\u00e4it\u00e4 konen\u00e4k\u00f6- ja laadunvalvontaj\u00e4rjestelmi\u00e4 teollisuuden tarpeisiin. Finnoksen ratkaisuja hy\u00f6dynnet\u00e4\u00e4n sahateollisuuden toimialoilla, joissa raaka-ainetta, puolivalmistetta tai lopputuotetta kuljetetaan linjastoilla. Ratkaisujemme avulla vahvasti perinteisten toimialojen toimijat saavat k\u00e4ytt\u00f6\u00f6ns\u00e4 digitalisaation mahdollistamia etuja. Olemme rakentaneet ratkaisumme t\u00e4ysin skaalautuviksi, &hellip; <a href=\"https:\/\/me.yrittajat.fi\/karjalove\/finnos-oy\/\">Lue lis\u00e4\u00e4<\/a><\/p>\n","protected":false},"author":23,"featured_media":0,"parent":0,"menu_order":0,"comment_status":"closed","ping_status":"closed","template":"","meta":{"_acf_changed":false,"footnotes":""},"class_list":["post-208","page","type-page","status-publish","hentry"],"acf":[],"_links":{"self":[{"href":"https:\/\/me.yrittajat.fi\/karjalove\/wp-json\/wp\/v2\/pages\/208","targetHints":{"allow":["GET"]}}],"collection":[{"href":"https:\/\/me.yrittajat.fi\/karjalove\/wp-json\/wp\/v2\/pages"}],"about":[{"href":"https:\/\/me.yrittajat.fi\/karjalove\/wp-json\/wp\/v2\/types\/page"}],"author":[{"embeddable":true,"href":"https:\/\/me.yrittajat.fi\/karjalove\/wp-json\/wp\/v2\/users\/23"}],"replies":[{"embeddable":true,"href":"https:\/\/me.yrittajat.fi\/karjalove\/wp-json\/wp\/v2\/comments?post=208"}],"version-history":[{"count":4,"href":"https:\/\/me.yrittajat.fi\/karjalove\/wp-json\/wp\/v2\/pages\/208\/revisions"}],"predecessor-version":[{"id":1523,"href":"https:\/\/me.yrittajat.fi\/karjalove\/wp-json\/wp\/v2\/pages\/208\/revisions\/1523"}],"wp:attachment":[{"href":"https:\/\/me.yrittajat.fi\/karjalove\/wp-json\/wp\/v2\/media?parent=208"}],"curies":[{"name":"wp","href":"https:\/\/api.w.org\/{rel}","templated":true}]}}