{"id":220,"date":"2023-03-30T11:45:22","date_gmt":"2023-03-30T08:45:22","guid":{"rendered":"https:\/\/me.yrittajat.fi\/karjalove\/?page_id=220"},"modified":"2023-08-18T13:00:20","modified_gmt":"2023-08-18T10:00:20","slug":"fysioterapia-virike","status":"publish","type":"page","link":"https:\/\/me.yrittajat.fi\/karjalove\/fysioterapia-virike\/","title":{"rendered":"Fysioterapia Virike"},"content":{"rendered":"\n<p>Fysioterapia Virike tarjoaa fysioterapia- ja kuntoutuspalveluja kaikenik\u00e4isille asiakkaille.<\/p>\n\n\n\n<p>Meille voit tulla l\u00e4\u00e4k\u00e4rin l\u00e4hetteell\u00e4 tai ilman l\u00e4hetett\u00e4. Teemme ty\u00f6t\u00e4 my\u00f6s koti- ja hoitokotik\u00e4yntein\u00e4.<\/p>\n\n\n\n<h3 class=\"wp-block-heading\">Yhteystiedot<\/h3>\n\n\n\n<p>Raatimiehenkatu 22<br>53100 Lappeenranta<br>puh. 010 420 8200<br>info@virike.fi<br><a href=\"http:\/\/www.virike.fi\/\">www.virike.fi<\/a><\/p>\n","protected":false},"excerpt":{"rendered":"<p>Fysioterapia Virike tarjoaa fysioterapia- ja kuntoutuspalveluja kaikenik\u00e4isille asiakkaille. Meille voit tulla l\u00e4\u00e4k\u00e4rin l\u00e4hetteell\u00e4 tai ilman l\u00e4hetett\u00e4. Teemme ty\u00f6t\u00e4 my\u00f6s koti- ja hoitokotik\u00e4yntein\u00e4. Yhteystiedot Raatimiehenkatu 2253100 Lappeenrantapuh. 010 420 8200info@virike.fiwww.virike.fi<\/p>\n","protected":false},"author":23,"featured_media":0,"parent":0,"menu_order":0,"comment_status":"closed","ping_status":"closed","template":"","meta":{"_acf_changed":false,"footnotes":""},"class_list":["post-220","page","type-page","status-publish","hentry"],"acf":[],"_links":{"self":[{"href":"https:\/\/me.yrittajat.fi\/karjalove\/wp-json\/wp\/v2\/pages\/220","targetHints":{"allow":["GET"]}}],"collection":[{"href":"https:\/\/me.yrittajat.fi\/karjalove\/wp-json\/wp\/v2\/pages"}],"about":[{"href":"https:\/\/me.yrittajat.fi\/karjalove\/wp-json\/wp\/v2\/types\/page"}],"author":[{"embeddable":true,"href":"https:\/\/me.yrittajat.fi\/karjalove\/wp-json\/wp\/v2\/users\/23"}],"replies":[{"embeddable":true,"href":"https:\/\/me.yrittajat.fi\/karjalove\/wp-json\/wp\/v2\/comments?post=220"}],"version-history":[{"count":2,"href":"https:\/\/me.yrittajat.fi\/karjalove\/wp-json\/wp\/v2\/pages\/220\/revisions"}],"predecessor-version":[{"id":2141,"href":"https:\/\/me.yrittajat.fi\/karjalove\/wp-json\/wp\/v2\/pages\/220\/revisions\/2141"}],"wp:attachment":[{"href":"https:\/\/me.yrittajat.fi\/karjalove\/wp-json\/wp\/v2\/media?parent=220"}],"curies":[{"name":"wp","href":"https:\/\/api.w.org\/{rel}","templated":true}]}}