{"id":2224,"date":"2023-12-04T14:50:53","date_gmt":"2023-12-04T12:50:53","guid":{"rendered":"https:\/\/me.yrittajat.fi\/karjalove\/?page_id=2224"},"modified":"2023-12-15T14:54:19","modified_gmt":"2023-12-15T12:54:19","slug":"mmk-kuljetus-oy","status":"publish","type":"page","link":"https:\/\/me.yrittajat.fi\/karjalove\/mmk-kuljetus-oy\/","title":{"rendered":"MMK-Kuljetus Oy"},"content":{"rendered":"\n<p>MMK-Kuljetus Oy on Lappeenrantalainen kuljetusyritys jossa yritt\u00e4jin\u00e4 on Marko ja Mikko Kilpi\u00e4, olemme kuljetusyritt\u00e4jin\u00e4 kolmannessa polvessa.<\/p>\n\n\n\n<p>Meill\u00e4 on toimipaikka Lappeenrannassa Tupatallinkadulla jossa tarjoamme my\u00f6s korjaamopalveluita.<\/p>\n\n\n\n<p>Asiakkainamme on useampi mets\u00e4yhti\u00f6 sek\u00e4 lukuisia rakennusliikkeit\u00e4.<\/p>\n\n\n\n<p>Tarjoamme my\u00f6s varasto ja terminaalipalveluita, meill\u00e4 on varastotilaa noin 15 0000 neli\u00f6t\u00e4 Mustolan satama-alueella.<\/p>\n\n\n\n<p>Olemme luotettava yhteisty\u00f6kumppani kuljetustarpeisiinne.<\/p>\n\n\n\n<p><\/p>\n\n\n\n<h2 class=\"wp-block-heading\">Yhteystiedot<\/h2>\n\n\n\n<p><a href=\"https:\/\/www.mmkkuljetus.fi\/yhteystiedot\/\" data-type=\"URL\" data-id=\"https:\/\/www.mmkkuljetus.fi\/yhteystiedot\/\" target=\"_blank\" rel=\"noreferrer noopener\">Tutustu lis\u00e4\u00e4 <\/a><\/p>\n","protected":false},"excerpt":{"rendered":"<p>MMK-Kuljetus Oy on Lappeenrantalainen kuljetusyritys jossa yritt\u00e4jin\u00e4 on Marko ja Mikko Kilpi\u00e4, olemme kuljetusyritt\u00e4jin\u00e4 kolmannessa polvessa. Meill\u00e4 on toimipaikka Lappeenrannassa Tupatallinkadulla jossa tarjoamme my\u00f6s korjaamopalveluita. Asiakkainamme on useampi mets\u00e4yhti\u00f6 sek\u00e4 lukuisia rakennusliikkeit\u00e4. Tarjoamme my\u00f6s varasto ja terminaalipalveluita, meill\u00e4 on varastotilaa noin 15 0000 neli\u00f6t\u00e4 Mustolan satama-alueella. Olemme luotettava yhteisty\u00f6kumppani kuljetustarpeisiinne. Yhteystiedot Tutustu lis\u00e4\u00e4<\/p>\n","protected":false},"author":23,"featured_media":0,"parent":0,"menu_order":0,"comment_status":"closed","ping_status":"closed","template":"","meta":{"_acf_changed":false,"footnotes":""},"class_list":["post-2224","page","type-page","status-publish","hentry"],"acf":[],"_links":{"self":[{"href":"https:\/\/me.yrittajat.fi\/karjalove\/wp-json\/wp\/v2\/pages\/2224","targetHints":{"allow":["GET"]}}],"collection":[{"href":"https:\/\/me.yrittajat.fi\/karjalove\/wp-json\/wp\/v2\/pages"}],"about":[{"href":"https:\/\/me.yrittajat.fi\/karjalove\/wp-json\/wp\/v2\/types\/page"}],"author":[{"embeddable":true,"href":"https:\/\/me.yrittajat.fi\/karjalove\/wp-json\/wp\/v2\/users\/23"}],"replies":[{"embeddable":true,"href":"https:\/\/me.yrittajat.fi\/karjalove\/wp-json\/wp\/v2\/comments?post=2224"}],"version-history":[{"count":5,"href":"https:\/\/me.yrittajat.fi\/karjalove\/wp-json\/wp\/v2\/pages\/2224\/revisions"}],"predecessor-version":[{"id":2526,"href":"https:\/\/me.yrittajat.fi\/karjalove\/wp-json\/wp\/v2\/pages\/2224\/revisions\/2526"}],"wp:attachment":[{"href":"https:\/\/me.yrittajat.fi\/karjalove\/wp-json\/wp\/v2\/media?parent=2224"}],"curies":[{"name":"wp","href":"https:\/\/api.w.org\/{rel}","templated":true}]}}