{"id":2246,"date":"2023-12-12T08:28:57","date_gmt":"2023-12-12T06:28:57","guid":{"rendered":"https:\/\/me.yrittajat.fi\/karjalove\/?page_id=2246"},"modified":"2023-12-15T14:31:29","modified_gmt":"2023-12-15T12:31:29","slug":"askele-oy","status":"publish","type":"page","link":"https:\/\/me.yrittajat.fi\/karjalove\/askele-oy\/","title":{"rendered":"Askele Oy"},"content":{"rendered":"\n<p>Olemme Suomen kokenein kumppani asiantuntijayrityksen toiminnanohjauksen kehitt\u00e4miseen.<\/p>\n\n\n\n<p>Askeleella on 14 vuoden kokemus suomalaisten asiantuntijayritysten toiminnanohjauksen ja kannattavan liiketoiminnan kehitt\u00e4misest\u00e4.<\/p>\n\n\n\n<p>Erikoisosaamistamme on&nbsp;<strong>toimialakohtaiset ratkaisut myynnin, projektihallinnan, ty\u00f6aikaseurannan ja taloushallinnan kehitykseen<\/strong>. Referensseist\u00e4mme l\u00f6ytyy Suomen johtavia mainos- ja viestint\u00e4toimistoja, IT-alan kasvuyrityksi\u00e4 sek\u00e4 tunnetuimpia arkkitehtitoimistoja.<\/p>\n\n\n\n<p>Olemme koko uramme ajan operoineet ainoastaan moderneilla, selaink\u00e4ytt\u00f6isill\u00e4 teknologiaratkaisuilla, joten tunnemme erinomaisesti Suomessa k\u00e4ytetyt sovellukset. Vahva strategiaosaamisemme, yhdistettyn\u00e4 toimialakohtaisien teknologioiden hy\u00f6dynt\u00e4miseen, tarjoaa asiakkaillemme erinomaiset valmiudet kasvuun, kannattavuuden kehitt\u00e4miseen ja liiketoiminnan sujuvoittamiseen.<\/p>\n\n\n\n<h3 class=\"wp-block-heading\">Yhteystiedot<\/h3>\n\n\n\n<p><a rel=\"noreferrer noopener\" href=\"https:\/\/askele.fi\/\" data-type=\"URL\" data-id=\"https:\/\/askele.fi\/\" target=\"_blank\">Tutustu lis\u00e4\u00e4<\/a><\/p>\n","protected":false},"excerpt":{"rendered":"<p>Olemme Suomen kokenein kumppani asiantuntijayrityksen toiminnanohjauksen kehitt\u00e4miseen. Askeleella on 14 vuoden kokemus suomalaisten asiantuntijayritysten toiminnanohjauksen ja kannattavan liiketoiminnan kehitt\u00e4misest\u00e4. Erikoisosaamistamme on&nbsp;toimialakohtaiset ratkaisut myynnin, projektihallinnan, ty\u00f6aikaseurannan ja taloushallinnan kehitykseen. Referensseist\u00e4mme l\u00f6ytyy Suomen johtavia mainos- ja viestint\u00e4toimistoja, IT-alan kasvuyrityksi\u00e4 sek\u00e4 tunnetuimpia arkkitehtitoimistoja. Olemme koko uramme ajan operoineet ainoastaan moderneilla, selaink\u00e4ytt\u00f6isill\u00e4 teknologiaratkaisuilla, joten tunnemme erinomaisesti Suomessa k\u00e4ytetyt sovellukset. &hellip; <a href=\"https:\/\/me.yrittajat.fi\/karjalove\/askele-oy\/\">Lue lis\u00e4\u00e4<\/a><\/p>\n","protected":false},"author":23,"featured_media":0,"parent":0,"menu_order":0,"comment_status":"closed","ping_status":"closed","template":"","meta":{"_acf_changed":false,"footnotes":""},"class_list":["post-2246","page","type-page","status-publish","hentry"],"acf":[],"_links":{"self":[{"href":"https:\/\/me.yrittajat.fi\/karjalove\/wp-json\/wp\/v2\/pages\/2246","targetHints":{"allow":["GET"]}}],"collection":[{"href":"https:\/\/me.yrittajat.fi\/karjalove\/wp-json\/wp\/v2\/pages"}],"about":[{"href":"https:\/\/me.yrittajat.fi\/karjalove\/wp-json\/wp\/v2\/types\/page"}],"author":[{"embeddable":true,"href":"https:\/\/me.yrittajat.fi\/karjalove\/wp-json\/wp\/v2\/users\/23"}],"replies":[{"embeddable":true,"href":"https:\/\/me.yrittajat.fi\/karjalove\/wp-json\/wp\/v2\/comments?post=2246"}],"version-history":[{"count":5,"href":"https:\/\/me.yrittajat.fi\/karjalove\/wp-json\/wp\/v2\/pages\/2246\/revisions"}],"predecessor-version":[{"id":2501,"href":"https:\/\/me.yrittajat.fi\/karjalove\/wp-json\/wp\/v2\/pages\/2246\/revisions\/2501"}],"wp:attachment":[{"href":"https:\/\/me.yrittajat.fi\/karjalove\/wp-json\/wp\/v2\/media?parent=2246"}],"curies":[{"name":"wp","href":"https:\/\/api.w.org\/{rel}","templated":true}]}}