{"id":2255,"date":"2023-12-12T08:39:09","date_gmt":"2023-12-12T06:39:09","guid":{"rendered":"https:\/\/me.yrittajat.fi\/karjalove\/?page_id=2255"},"modified":"2023-12-12T08:39:09","modified_gmt":"2023-12-12T06:39:09","slug":"auto-kilta-yhtiot-oy","status":"publish","type":"page","link":"https:\/\/me.yrittajat.fi\/karjalove\/auto-kilta-yhtiot-oy\/","title":{"rendered":"Auto-Kilta Yhti\u00f6t Oy"},"content":{"rendered":"\n<p>Vuonna 1964 perustettu Auto-Kilta on puolen vuosisadan historiansa aikana kasvanut Saimaan ymp\u00e4rist\u00f6n johtavaksi autoliikkeeksi. T\u00e4ll\u00e4 hetkell\u00e4 toimimme Lappeenrannan, Mikkelin, Savonlinnan sek\u00e4 Imatran&nbsp;talousalueella t\u00e4yden palvelun autotalon periaatteella.<\/p>\n\n\n\n<p>Edustamme Volvo-, Ford-, Renault- ja\u00a0Dacia-henkil\u00f6autoja.\u00a0Tarjoamme myynnin lis\u00e4ksi kaikkiin edustamiimme merkkeihin valtuutetun merkkihuollon,\u00a0vauriokorjaamopalvelut ja varaosat.<\/p>\n\n\n\n<h3 class=\"wp-block-heading\">Yhteystiedot<\/h3>\n\n\n\n<p><a href=\"https:\/\/www.autokilta.fi\/\">Tutustu lis\u00e4\u00e4<\/a><\/p>\n","protected":false},"excerpt":{"rendered":"<p>Vuonna 1964 perustettu Auto-Kilta on puolen vuosisadan historiansa aikana kasvanut Saimaan ymp\u00e4rist\u00f6n johtavaksi autoliikkeeksi. T\u00e4ll\u00e4 hetkell\u00e4 toimimme Lappeenrannan, Mikkelin, Savonlinnan sek\u00e4 Imatran&nbsp;talousalueella t\u00e4yden palvelun autotalon periaatteella. Edustamme Volvo-, Ford-, Renault- ja\u00a0Dacia-henkil\u00f6autoja.\u00a0Tarjoamme myynnin lis\u00e4ksi kaikkiin edustamiimme merkkeihin valtuutetun merkkihuollon,\u00a0vauriokorjaamopalvelut ja varaosat. Yhteystiedot Tutustu lis\u00e4\u00e4<\/p>\n","protected":false},"author":23,"featured_media":0,"parent":0,"menu_order":0,"comment_status":"closed","ping_status":"closed","template":"","meta":{"_acf_changed":false,"footnotes":""},"class_list":["post-2255","page","type-page","status-publish","hentry"],"acf":[],"_links":{"self":[{"href":"https:\/\/me.yrittajat.fi\/karjalove\/wp-json\/wp\/v2\/pages\/2255","targetHints":{"allow":["GET"]}}],"collection":[{"href":"https:\/\/me.yrittajat.fi\/karjalove\/wp-json\/wp\/v2\/pages"}],"about":[{"href":"https:\/\/me.yrittajat.fi\/karjalove\/wp-json\/wp\/v2\/types\/page"}],"author":[{"embeddable":true,"href":"https:\/\/me.yrittajat.fi\/karjalove\/wp-json\/wp\/v2\/users\/23"}],"replies":[{"embeddable":true,"href":"https:\/\/me.yrittajat.fi\/karjalove\/wp-json\/wp\/v2\/comments?post=2255"}],"version-history":[{"count":1,"href":"https:\/\/me.yrittajat.fi\/karjalove\/wp-json\/wp\/v2\/pages\/2255\/revisions"}],"predecessor-version":[{"id":2256,"href":"https:\/\/me.yrittajat.fi\/karjalove\/wp-json\/wp\/v2\/pages\/2255\/revisions\/2256"}],"wp:attachment":[{"href":"https:\/\/me.yrittajat.fi\/karjalove\/wp-json\/wp\/v2\/media?parent=2255"}],"curies":[{"name":"wp","href":"https:\/\/api.w.org\/{rel}","templated":true}]}}