{"id":2260,"date":"2023-12-12T08:43:32","date_gmt":"2023-12-12T06:43:32","guid":{"rendered":"https:\/\/me.yrittajat.fi\/karjalove\/?page_id=2260"},"modified":"2023-12-15T14:33:01","modified_gmt":"2023-12-15T12:33:01","slug":"bonum-tilikanava-oy","status":"publish","type":"page","link":"https:\/\/me.yrittajat.fi\/karjalove\/bonum-tilikanava-oy\/","title":{"rendered":"Bonum \/ Tilikanava Oy"},"content":{"rendered":"\n<p>Bonum on perinteik\u00e4s ja yritt\u00e4j\u00e4vetoinen etel\u00e4karjalainen tilitoimisto. Meit\u00e4 on Lappeenrannassa yhteens\u00e4 30 ammattilaista, ja palvelemme yli 600 asiakastamme yhteens\u00e4 l\u00e4hes 300 henkil\u00f6ty\u00f6vuoden ty\u00f6kokemuksella. Bonumin asiakkaiden joukossa on kymmeni\u00e4 rakennusalan yrityksi\u00e4, insin\u00f6\u00f6ritoimistoja, kampaamoita, ravintoloita, kuljetusliikkeit\u00e4 ja paljon muita. Palvelemiemme yritysten liikevaihto l\u00e4htee muutamista tuhansista yli kymmeneen miljoonaan euroon vuodessa.<\/p>\n\n\n\n<p>Saimme ensimm\u00e4isen asiakkaamme vuonna 1989, ja he ovat asiakkaanamme edelleen. Emme ajattele asiakkaitamme vain laskua l\u00e4hett\u00e4ess\u00e4mme, vaan l\u00e4hdemme etsim\u00e4\u00e4n yhteisty\u00f6kumppaneita kymmeniksi vuosiksi. Asiakaskyselyss\u00e4mme meit\u00e4 kuvailtiin toistuvasti muun muassa sanoilla luotettava, asiantunteva, rento ja avulias.<\/p>\n\n\n\n<h3 class=\"wp-block-heading\">Yhteystiedot<\/h3>\n\n\n\n<p><a href=\"https:\/\/bonum.fi\/bonum-tilitoimistopalvelut\/?gclid=CjwKCAiAg9urBhB_EiwAgw88mdl5KR_k_6JkLcupyGbjTriT2fBUqyaCyO4rDMOwP_BMs8m1y1K8vxoCmb8QAvD_BwE\">Tutustu lis\u00e4\u00e4<\/a><\/p>\n","protected":false},"excerpt":{"rendered":"<p>Bonum on perinteik\u00e4s ja yritt\u00e4j\u00e4vetoinen etel\u00e4karjalainen tilitoimisto. Meit\u00e4 on Lappeenrannassa yhteens\u00e4 30 ammattilaista, ja palvelemme yli 600 asiakastamme yhteens\u00e4 l\u00e4hes 300 henkil\u00f6ty\u00f6vuoden ty\u00f6kokemuksella. Bonumin asiakkaiden joukossa on kymmeni\u00e4 rakennusalan yrityksi\u00e4, insin\u00f6\u00f6ritoimistoja, kampaamoita, ravintoloita, kuljetusliikkeit\u00e4 ja paljon muita. Palvelemiemme yritysten liikevaihto l\u00e4htee muutamista tuhansista yli kymmeneen miljoonaan euroon vuodessa. Saimme ensimm\u00e4isen asiakkaamme vuonna 1989, ja he &hellip; <a href=\"https:\/\/me.yrittajat.fi\/karjalove\/bonum-tilikanava-oy\/\">Lue lis\u00e4\u00e4<\/a><\/p>\n","protected":false},"author":23,"featured_media":0,"parent":0,"menu_order":0,"comment_status":"closed","ping_status":"closed","template":"","meta":{"_acf_changed":false,"footnotes":""},"class_list":["post-2260","page","type-page","status-publish","hentry"],"acf":[],"_links":{"self":[{"href":"https:\/\/me.yrittajat.fi\/karjalove\/wp-json\/wp\/v2\/pages\/2260","targetHints":{"allow":["GET"]}}],"collection":[{"href":"https:\/\/me.yrittajat.fi\/karjalove\/wp-json\/wp\/v2\/pages"}],"about":[{"href":"https:\/\/me.yrittajat.fi\/karjalove\/wp-json\/wp\/v2\/types\/page"}],"author":[{"embeddable":true,"href":"https:\/\/me.yrittajat.fi\/karjalove\/wp-json\/wp\/v2\/users\/23"}],"replies":[{"embeddable":true,"href":"https:\/\/me.yrittajat.fi\/karjalove\/wp-json\/wp\/v2\/comments?post=2260"}],"version-history":[{"count":3,"href":"https:\/\/me.yrittajat.fi\/karjalove\/wp-json\/wp\/v2\/pages\/2260\/revisions"}],"predecessor-version":[{"id":2502,"href":"https:\/\/me.yrittajat.fi\/karjalove\/wp-json\/wp\/v2\/pages\/2260\/revisions\/2502"}],"wp:attachment":[{"href":"https:\/\/me.yrittajat.fi\/karjalove\/wp-json\/wp\/v2\/media?parent=2260"}],"curies":[{"name":"wp","href":"https:\/\/api.w.org\/{rel}","templated":true}]}}