{"id":2276,"date":"2023-12-12T09:00:35","date_gmt":"2023-12-12T07:00:35","guid":{"rendered":"https:\/\/me.yrittajat.fi\/karjalove\/?page_id=2276"},"modified":"2023-12-15T14:38:21","modified_gmt":"2023-12-15T12:38:21","slug":"horsepower-ahola-oy","status":"publish","type":"page","link":"https:\/\/me.yrittajat.fi\/karjalove\/horsepower-ahola-oy\/","title":{"rendered":"Horsepower Ahola Oy"},"content":{"rendered":"\n<p>Horsepower Ahola Oy siirsi toimintansa omaan talliin 1.6.2020.<\/p>\n\n\n\n<p>Liiketoiminnan kasvattaminen ja nykyist\u00e4 laaja-alaisempien hevosalan palveluiden tarjoaminen mahdollistuu Piutulassa, n. 10 km p\u00e4\u00e4ss\u00e4 Lappeenrannan keskustasta, jonne rakentuu talliymp\u00e4rist\u00f6 noin 30 hevoselle.<\/p>\n\n\n\n<p>Tuntitoiminnan oheen liit\u00e4mme t\u00e4ysihoito- ja ratsutuspaikkoja, kursseja, MinD-toimintaa, hevosavusteisia palveluita, maasto- ja tallip\u00e4ivi\u00e4, kilpailuja jne. <\/p>\n\n\n\n<h3 class=\"wp-block-heading\">Yhteystiedot<\/h3>\n\n\n\n<p><a href=\"https:\/\/horsepowerahola.fi\/\">Tutustu lis\u00e4\u00e4<\/a><\/p>\n\n\n\n<p><\/p>\n\n\n\n<p><\/p>\n","protected":false},"excerpt":{"rendered":"<p>Horsepower Ahola Oy siirsi toimintansa omaan talliin 1.6.2020. Liiketoiminnan kasvattaminen ja nykyist\u00e4 laaja-alaisempien hevosalan palveluiden tarjoaminen mahdollistuu Piutulassa, n. 10 km p\u00e4\u00e4ss\u00e4 Lappeenrannan keskustasta, jonne rakentuu talliymp\u00e4rist\u00f6 noin 30 hevoselle. Tuntitoiminnan oheen liit\u00e4mme t\u00e4ysihoito- ja ratsutuspaikkoja, kursseja, MinD-toimintaa, hevosavusteisia palveluita, maasto- ja tallip\u00e4ivi\u00e4, kilpailuja jne. Yhteystiedot Tutustu lis\u00e4\u00e4<\/p>\n","protected":false},"author":23,"featured_media":0,"parent":0,"menu_order":0,"comment_status":"closed","ping_status":"closed","template":"","meta":{"_acf_changed":false,"footnotes":""},"class_list":["post-2276","page","type-page","status-publish","hentry"],"acf":[],"_links":{"self":[{"href":"https:\/\/me.yrittajat.fi\/karjalove\/wp-json\/wp\/v2\/pages\/2276","targetHints":{"allow":["GET"]}}],"collection":[{"href":"https:\/\/me.yrittajat.fi\/karjalove\/wp-json\/wp\/v2\/pages"}],"about":[{"href":"https:\/\/me.yrittajat.fi\/karjalove\/wp-json\/wp\/v2\/types\/page"}],"author":[{"embeddable":true,"href":"https:\/\/me.yrittajat.fi\/karjalove\/wp-json\/wp\/v2\/users\/23"}],"replies":[{"embeddable":true,"href":"https:\/\/me.yrittajat.fi\/karjalove\/wp-json\/wp\/v2\/comments?post=2276"}],"version-history":[{"count":2,"href":"https:\/\/me.yrittajat.fi\/karjalove\/wp-json\/wp\/v2\/pages\/2276\/revisions"}],"predecessor-version":[{"id":2505,"href":"https:\/\/me.yrittajat.fi\/karjalove\/wp-json\/wp\/v2\/pages\/2276\/revisions\/2505"}],"wp:attachment":[{"href":"https:\/\/me.yrittajat.fi\/karjalove\/wp-json\/wp\/v2\/media?parent=2276"}],"curies":[{"name":"wp","href":"https:\/\/api.w.org\/{rel}","templated":true}]}}