{"id":2280,"date":"2023-12-12T09:04:15","date_gmt":"2023-12-12T07:04:15","guid":{"rendered":"https:\/\/me.yrittajat.fi\/karjalove\/?page_id=2280"},"modified":"2023-12-15T14:39:01","modified_gmt":"2023-12-15T12:39:01","slug":"karjalan-konepaja-oy","status":"publish","type":"page","link":"https:\/\/me.yrittajat.fi\/karjalove\/karjalan-konepaja-oy\/","title":{"rendered":"Karjalan Konepaja Oy"},"content":{"rendered":"\n<p><strong>Karjalan Konepaja Oy<\/strong>&nbsp;on vuonna 1993 perustettu, yksityisess\u00e4 omistuksessa oleva, vakavarainen keskiraskaan metalliteollisuuden tilauskonepaja. Tuotantolaitokset ja hallinto ovat It\u00e4-Suomessa Parikkalassa. Konsernin tyt\u00e4ryritys Panelian Ter\u00e4sty\u00f6 Oy sijaitsee Lounais-Suomessa Harjavallassa.<\/p>\n\n\n\n<h3 class=\"wp-block-heading\">Yhteystiedot<\/h3>\n\n\n\n<p><a href=\"https:\/\/karjalankonepaja.fi\/\" target=\"_blank\" rel=\"noreferrer noopener\">Tutustu lis\u00e4\u00e4<\/a><\/p>\n","protected":false},"excerpt":{"rendered":"<p>Karjalan Konepaja Oy&nbsp;on vuonna 1993 perustettu, yksityisess\u00e4 omistuksessa oleva, vakavarainen keskiraskaan metalliteollisuuden tilauskonepaja. Tuotantolaitokset ja hallinto ovat It\u00e4-Suomessa Parikkalassa. Konsernin tyt\u00e4ryritys Panelian Ter\u00e4sty\u00f6 Oy sijaitsee Lounais-Suomessa Harjavallassa. Yhteystiedot Tutustu lis\u00e4\u00e4<\/p>\n","protected":false},"author":23,"featured_media":0,"parent":0,"menu_order":0,"comment_status":"closed","ping_status":"closed","template":"","meta":{"_acf_changed":false,"footnotes":""},"class_list":["post-2280","page","type-page","status-publish","hentry"],"acf":[],"_links":{"self":[{"href":"https:\/\/me.yrittajat.fi\/karjalove\/wp-json\/wp\/v2\/pages\/2280","targetHints":{"allow":["GET"]}}],"collection":[{"href":"https:\/\/me.yrittajat.fi\/karjalove\/wp-json\/wp\/v2\/pages"}],"about":[{"href":"https:\/\/me.yrittajat.fi\/karjalove\/wp-json\/wp\/v2\/types\/page"}],"author":[{"embeddable":true,"href":"https:\/\/me.yrittajat.fi\/karjalove\/wp-json\/wp\/v2\/users\/23"}],"replies":[{"embeddable":true,"href":"https:\/\/me.yrittajat.fi\/karjalove\/wp-json\/wp\/v2\/comments?post=2280"}],"version-history":[{"count":2,"href":"https:\/\/me.yrittajat.fi\/karjalove\/wp-json\/wp\/v2\/pages\/2280\/revisions"}],"predecessor-version":[{"id":2506,"href":"https:\/\/me.yrittajat.fi\/karjalove\/wp-json\/wp\/v2\/pages\/2280\/revisions\/2506"}],"wp:attachment":[{"href":"https:\/\/me.yrittajat.fi\/karjalove\/wp-json\/wp\/v2\/media?parent=2280"}],"curies":[{"name":"wp","href":"https:\/\/api.w.org\/{rel}","templated":true}]}}