{"id":2285,"date":"2023-12-12T09:08:44","date_gmt":"2023-12-12T07:08:44","guid":{"rendered":"https:\/\/me.yrittajat.fi\/karjalove\/?page_id=2285"},"modified":"2023-12-15T14:40:31","modified_gmt":"2023-12-15T12:40:31","slug":"konditoria-kahvila-aleksandra-oy","status":"publish","type":"page","link":"https:\/\/me.yrittajat.fi\/karjalove\/konditoria-kahvila-aleksandra-oy\/","title":{"rendered":"Konditoria Kahvila Aleksandra Oy"},"content":{"rendered":"\n<p><strong>Kahvila-Konditoria \u00b7 Lounas \u00b7 Juhlapalvelut&nbsp;\u00b7 Kakut ja leivonnaiset<\/strong><\/p>\n\n\n\n<p>Juhlat l\u00e4hestym\u00e4ss\u00e4, tilaa meilt\u00e4 suolaiset ja makeat herkut juhlap\u00f6yt\u00e4\u00e4n!<\/p>\n\n\n\n<p>Aleksandra on viihtyis\u00e4 keidas Lappeenrannan torin vieress\u00e4. Toimintafilosofiamme mukaan haluamme tarjota asiakkaillemme suussa sulavia herkkuja tunnelmallisessa ymp\u00e4rist\u00f6ss\u00e4. Ammattitaitoinen henkil\u00f6kuntamme palvelee aina yst\u00e4v\u00e4llisesti ja kertoo tuotteittemme makumaailmasta.<\/p>\n\n\n\n<p>Tuotevalikoimaamme kuuluvat perinteiset konditoriaherkut, omatekoiset suklaat ja marmeladit, keitot, salaatit ja suolaiset pikkupurtavat.\u00a0Kahvilaamme mahtuu yli 50 henkil\u00f6\u00e4. Meill\u00e4 on my\u00f6s Pieni Kahvisalonki seurueita tai pikku tilaisuuksia varten. Kahvilaamme voi vuokrata perhe-, yritys- tai muihin juhlatilaisuuksiin! <\/p>\n\n\n\n<h3 class=\"wp-block-heading\">Yhteystiedot<\/h3>\n\n\n\n<p><a href=\"https:\/\/aleksandra-konditoria.fi\" target=\"_blank\" rel=\"noreferrer noopener\">Tutustu lis\u00e4\u00e4<\/a><\/p>\n\n\n\n<p><\/p>\n","protected":false},"excerpt":{"rendered":"<p>Kahvila-Konditoria \u00b7 Lounas \u00b7 Juhlapalvelut&nbsp;\u00b7 Kakut ja leivonnaiset Juhlat l\u00e4hestym\u00e4ss\u00e4, tilaa meilt\u00e4 suolaiset ja makeat herkut juhlap\u00f6yt\u00e4\u00e4n! Aleksandra on viihtyis\u00e4 keidas Lappeenrannan torin vieress\u00e4. Toimintafilosofiamme mukaan haluamme tarjota asiakkaillemme suussa sulavia herkkuja tunnelmallisessa ymp\u00e4rist\u00f6ss\u00e4. Ammattitaitoinen henkil\u00f6kuntamme palvelee aina yst\u00e4v\u00e4llisesti ja kertoo tuotteittemme makumaailmasta. Tuotevalikoimaamme kuuluvat perinteiset konditoriaherkut, omatekoiset suklaat ja marmeladit, keitot, salaatit ja suolaiset &hellip; <a href=\"https:\/\/me.yrittajat.fi\/karjalove\/konditoria-kahvila-aleksandra-oy\/\">Lue lis\u00e4\u00e4<\/a><\/p>\n","protected":false},"author":23,"featured_media":0,"parent":0,"menu_order":0,"comment_status":"closed","ping_status":"closed","template":"","meta":{"_acf_changed":false,"footnotes":""},"class_list":["post-2285","page","type-page","status-publish","hentry"],"acf":[],"_links":{"self":[{"href":"https:\/\/me.yrittajat.fi\/karjalove\/wp-json\/wp\/v2\/pages\/2285","targetHints":{"allow":["GET"]}}],"collection":[{"href":"https:\/\/me.yrittajat.fi\/karjalove\/wp-json\/wp\/v2\/pages"}],"about":[{"href":"https:\/\/me.yrittajat.fi\/karjalove\/wp-json\/wp\/v2\/types\/page"}],"author":[{"embeddable":true,"href":"https:\/\/me.yrittajat.fi\/karjalove\/wp-json\/wp\/v2\/users\/23"}],"replies":[{"embeddable":true,"href":"https:\/\/me.yrittajat.fi\/karjalove\/wp-json\/wp\/v2\/comments?post=2285"}],"version-history":[{"count":4,"href":"https:\/\/me.yrittajat.fi\/karjalove\/wp-json\/wp\/v2\/pages\/2285\/revisions"}],"predecessor-version":[{"id":2509,"href":"https:\/\/me.yrittajat.fi\/karjalove\/wp-json\/wp\/v2\/pages\/2285\/revisions\/2509"}],"wp:attachment":[{"href":"https:\/\/me.yrittajat.fi\/karjalove\/wp-json\/wp\/v2\/media?parent=2285"}],"curies":[{"name":"wp","href":"https:\/\/api.w.org\/{rel}","templated":true}]}}