{"id":2290,"date":"2023-12-12T09:16:18","date_gmt":"2023-12-12T07:16:18","guid":{"rendered":"https:\/\/me.yrittajat.fi\/karjalove\/?page_id=2290"},"modified":"2023-12-15T14:43:02","modified_gmt":"2023-12-15T12:43:02","slug":"kosken-metalli","status":"publish","type":"page","link":"https:\/\/me.yrittajat.fi\/karjalove\/kosken-metalli\/","title":{"rendered":"Kosken Metalli"},"content":{"rendered":"\n<p><strong>Kosken Metalli<\/strong>\u00a0perustettiin vuonna 1969, joten valmistamme erilaisia metallituotteita jo yli 50 vuoden kokemuksella. Toimipaikkamme sijaitsee Imatralla, Mansikkalan teollisuusalueella sek\u00e4 Lahdessa.\u00a0<\/p>\n\n\n\n<p>Valmistamme mm. piipunhattuja, alumiinisia laituritikkaita, laiturinrunkoja, saunan lauteita, k\u00e4\u00e4ntyvi\u00e4 lauderunkoja, ovikatoksia, kattoturvatuotteita, suksen voitelu- ja s\u00e4ilytystelineit\u00e4 ym.\u00a0<\/p>\n\n\n\n<p>Meilt\u00e4 voit tilata tuotteet suoraan verkkokaupasta, my\u00f6s piipunhatut, saunan laudepaketit sek\u00e4 laiturin rungot. Toimitukset heti varastosta koko Suomeen. Toimituskulut yleisimmill\u00e4 tuotteilla vain\u00a030-69 \u20ac.\u00a0<\/p>\n\n\n\n<p>Voit my\u00f6s noutaa tuotteet suoraan myym\u00e4l\u00e4st\u00e4mme Imatralta tai Lahdesta.<\/p>\n\n\n\n<p>Ylivoimainen korroosion kest\u00e4vyys ja tuotteiden huoltovapaus. K\u00e4yt\u00e4mme tuotteidemme materiaalina p\u00e4\u00e4asiassa alumiinia, alumiinisinkkiseosta (<em>AluZink<\/em>\u00a0alumiinisinkitty) sek\u00e4 ruostumatonta ter\u00e4st\u00e4.\u00a0<\/p>\n\n\n\n<p><strong>Kaikilla t\u00e4ysalumiinisilla KIKKA-tuotteilla ruostumattomuustakuu. Tuotteillemme on my\u00f6nnetty avainlipputunnus.&nbsp;Meilt\u00e4 my\u00f6s ruostumattomat ruuvit ja alumiiniprofiilit!<\/strong><\/p>\n\n\n\n<h3 class=\"wp-block-heading\">Yhteystiedot<\/h3>\n\n\n\n<p><a href=\"https:\/\/www.koskenmetalli.net\" target=\"_blank\" rel=\"noreferrer noopener\">Tutustu lis\u00e4\u00e4<\/a><\/p>\n\n\n\n<p><\/p>\n","protected":false},"excerpt":{"rendered":"<p>Kosken Metalli\u00a0perustettiin vuonna 1969, joten valmistamme erilaisia metallituotteita jo yli 50 vuoden kokemuksella. Toimipaikkamme sijaitsee Imatralla, Mansikkalan teollisuusalueella sek\u00e4 Lahdessa.\u00a0 Valmistamme mm. piipunhattuja, alumiinisia laituritikkaita, laiturinrunkoja, saunan lauteita, k\u00e4\u00e4ntyvi\u00e4 lauderunkoja, ovikatoksia, kattoturvatuotteita, suksen voitelu- ja s\u00e4ilytystelineit\u00e4 ym.\u00a0 Meilt\u00e4 voit tilata tuotteet suoraan verkkokaupasta, my\u00f6s piipunhatut, saunan laudepaketit sek\u00e4 laiturin rungot. Toimitukset heti varastosta koko Suomeen. &hellip; <a href=\"https:\/\/me.yrittajat.fi\/karjalove\/kosken-metalli\/\">Lue lis\u00e4\u00e4<\/a><\/p>\n","protected":false},"author":23,"featured_media":0,"parent":0,"menu_order":0,"comment_status":"closed","ping_status":"closed","template":"","meta":{"_acf_changed":false,"footnotes":""},"class_list":["post-2290","page","type-page","status-publish","hentry"],"acf":[],"_links":{"self":[{"href":"https:\/\/me.yrittajat.fi\/karjalove\/wp-json\/wp\/v2\/pages\/2290","targetHints":{"allow":["GET"]}}],"collection":[{"href":"https:\/\/me.yrittajat.fi\/karjalove\/wp-json\/wp\/v2\/pages"}],"about":[{"href":"https:\/\/me.yrittajat.fi\/karjalove\/wp-json\/wp\/v2\/types\/page"}],"author":[{"embeddable":true,"href":"https:\/\/me.yrittajat.fi\/karjalove\/wp-json\/wp\/v2\/users\/23"}],"replies":[{"embeddable":true,"href":"https:\/\/me.yrittajat.fi\/karjalove\/wp-json\/wp\/v2\/comments?post=2290"}],"version-history":[{"count":5,"href":"https:\/\/me.yrittajat.fi\/karjalove\/wp-json\/wp\/v2\/pages\/2290\/revisions"}],"predecessor-version":[{"id":2514,"href":"https:\/\/me.yrittajat.fi\/karjalove\/wp-json\/wp\/v2\/pages\/2290\/revisions\/2514"}],"wp:attachment":[{"href":"https:\/\/me.yrittajat.fi\/karjalove\/wp-json\/wp\/v2\/media?parent=2290"}],"curies":[{"name":"wp","href":"https:\/\/api.w.org\/{rel}","templated":true}]}}