{"id":2304,"date":"2023-12-12T09:27:48","date_gmt":"2023-12-12T07:27:48","guid":{"rendered":"https:\/\/me.yrittajat.fi\/karjalove\/?page_id=2304"},"modified":"2023-12-15T14:44:22","modified_gmt":"2023-12-15T12:44:22","slug":"kulttuurin-tilitys-ja-valitys-oy-2","status":"publish","type":"page","link":"https:\/\/me.yrittajat.fi\/karjalove\/kulttuurin-tilitys-ja-valitys-oy-2\/","title":{"rendered":"Kulttuurin tilitys ja v\u00e4litys Oy"},"content":{"rendered":"\n<h4 class=\"wp-block-heading\">Tilitoimisto taiteilijoille, esiintyjille ja mikroyrityksille<\/h4>\n\n\n\n<p>Perusideamme on tilitt\u00e4\u00e4 ja v\u00e4litt\u00e4\u00e4 esitt\u00e4v\u00e4\u00e4 taidetta. Pid\u00e4mme huolen taiteilijoista ja toimimme ammattimaisesti sinunkin kohdalla. Meilt\u00e4 saat rentoa ja asiantuntevaa palvelua ihmiselt\u00e4 ihmiselle, olit sitten itse taiteilija tai esitt\u00e4v\u00e4\u00e4 taidetta tarvitseva henkil\u00f6.<\/p>\n\n\n\n<p>Ota yhteytt\u00e4 ja keskustellaan, miten voimme olla avuksi.<\/p>\n\n\n\n<h3 class=\"wp-block-heading\">Yhteystiedot<\/h3>\n\n\n\n<p><a href=\"https:\/\/tilitysjavalitys.fi\/\">Tutustu lis\u00e4\u00e4<\/a><\/p>\n\n\n\n<p><\/p>\n","protected":false},"excerpt":{"rendered":"<p>Tilitoimisto taiteilijoille, esiintyjille ja mikroyrityksille Perusideamme on tilitt\u00e4\u00e4 ja v\u00e4litt\u00e4\u00e4 esitt\u00e4v\u00e4\u00e4 taidetta. Pid\u00e4mme huolen taiteilijoista ja toimimme ammattimaisesti sinunkin kohdalla. Meilt\u00e4 saat rentoa ja asiantuntevaa palvelua ihmiselt\u00e4 ihmiselle, olit sitten itse taiteilija tai esitt\u00e4v\u00e4\u00e4 taidetta tarvitseva henkil\u00f6. Ota yhteytt\u00e4 ja keskustellaan, miten voimme olla avuksi. Yhteystiedot Tutustu lis\u00e4\u00e4<\/p>\n","protected":false},"author":23,"featured_media":0,"parent":0,"menu_order":0,"comment_status":"closed","ping_status":"closed","template":"","meta":{"_acf_changed":false,"footnotes":""},"class_list":["post-2304","page","type-page","status-publish","hentry"],"acf":[],"_links":{"self":[{"href":"https:\/\/me.yrittajat.fi\/karjalove\/wp-json\/wp\/v2\/pages\/2304","targetHints":{"allow":["GET"]}}],"collection":[{"href":"https:\/\/me.yrittajat.fi\/karjalove\/wp-json\/wp\/v2\/pages"}],"about":[{"href":"https:\/\/me.yrittajat.fi\/karjalove\/wp-json\/wp\/v2\/types\/page"}],"author":[{"embeddable":true,"href":"https:\/\/me.yrittajat.fi\/karjalove\/wp-json\/wp\/v2\/users\/23"}],"replies":[{"embeddable":true,"href":"https:\/\/me.yrittajat.fi\/karjalove\/wp-json\/wp\/v2\/comments?post=2304"}],"version-history":[{"count":2,"href":"https:\/\/me.yrittajat.fi\/karjalove\/wp-json\/wp\/v2\/pages\/2304\/revisions"}],"predecessor-version":[{"id":2516,"href":"https:\/\/me.yrittajat.fi\/karjalove\/wp-json\/wp\/v2\/pages\/2304\/revisions\/2516"}],"wp:attachment":[{"href":"https:\/\/me.yrittajat.fi\/karjalove\/wp-json\/wp\/v2\/media?parent=2304"}],"curies":[{"name":"wp","href":"https:\/\/api.w.org\/{rel}","templated":true}]}}