{"id":231,"date":"2023-03-30T12:58:50","date_gmt":"2023-03-30T09:58:50","guid":{"rendered":"https:\/\/me.yrittajat.fi\/karjalove\/?page_id=231"},"modified":"2023-08-18T12:59:11","modified_gmt":"2023-08-18T09:59:11","slug":"homekoirat-ss","status":"publish","type":"page","link":"https:\/\/me.yrittajat.fi\/karjalove\/homekoirat-ss\/","title":{"rendered":"Homekoirat S&amp;S"},"content":{"rendered":"\n<p>Homekoirat S&amp;S on homekoirilla kiinteist\u00f6jen ja asuntojen<br>kosteusvauroiden tutkimiseen erikoistunut yritys. Teemme my\u00f6s<br>asuntokaupan kuntotarkastuksia.<br>P\u00e4\u00e4asiallisena toimialueenamme on Kaakkois-Suomi ja Etel\u00e4-Savo.<br>Lis\u00e4tietoa kotisivuiltamme&nbsp;<a href=\"http:\/\/www.homekoiratsjas.fi\/\" target=\"_blank\" rel=\"noreferrer noopener\">www.homekoiratsjas.fi<\/a><br>-10% alennusta j\u00e4senille, tarjous koskee kaikkia tarkastuksia.<\/p>\n\n\n<div class=\"wp-block-image\">\n<figure class=\"alignright size-full is-resized\"><img loading=\"lazy\" decoding=\"async\" src=\"https:\/\/me.yrittajat.fi\/karjalove\/app\/uploads\/sites\/65\/2023\/03\/artikkeli_kuvat-15-1024x683-1.jpg\" alt=\"\" class=\"wp-image-233\" width=\"424\" height=\"283\" srcset=\"https:\/\/me.yrittajat.fi\/app\/uploads\/sites\/65\/2023\/03\/artikkeli_kuvat-15-1024x683-1.jpg 1024w, https:\/\/me.yrittajat.fi\/app\/uploads\/sites\/65\/2023\/03\/artikkeli_kuvat-15-1024x683-1-300x200.jpg 300w, https:\/\/me.yrittajat.fi\/app\/uploads\/sites\/65\/2023\/03\/artikkeli_kuvat-15-1024x683-1-768x512.jpg 768w, https:\/\/me.yrittajat.fi\/app\/uploads\/sites\/65\/2023\/03\/artikkeli_kuvat-15-1024x683-1-668x445.jpg 668w\" sizes=\"auto, (max-width: 424px) 100vw, 424px\" \/><\/figure><\/div>\n\n\n<p><strong>Homekoirakartoitukset:<\/strong><br>Saara Pulkkinen<br><a href=\"mailto:saara.pulkkinen@homekoiratsjas.fi\">saara.pulkkinen@homekoiratsjas.fi<\/a><br>040 5411367<\/p>\n\n\n\n<p><strong>Kuntotarkastukset:<\/strong><br>Sampsa V\u00e4ntsi<br><a href=\"mailto:saara.pulkkinen@homekoiratsjas.fi\">saara.pulkkinen@homekoiratsjas.fi<\/a><br>050 561 3900<\/p>\n","protected":false},"excerpt":{"rendered":"<p>Homekoirat S&amp;S on homekoirilla kiinteist\u00f6jen ja asuntojenkosteusvauroiden tutkimiseen erikoistunut yritys. Teemme my\u00f6sasuntokaupan kuntotarkastuksia.P\u00e4\u00e4asiallisena toimialueenamme on Kaakkois-Suomi ja Etel\u00e4-Savo.Lis\u00e4tietoa kotisivuiltamme&nbsp;www.homekoiratsjas.fi-10% alennusta j\u00e4senille, tarjous koskee kaikkia tarkastuksia. Homekoirakartoitukset:Saara Pulkkinensaara.pulkkinen@homekoiratsjas.fi040 5411367 Kuntotarkastukset:Sampsa V\u00e4ntsisaara.pulkkinen@homekoiratsjas.fi050 561 3900<\/p>\n","protected":false},"author":23,"featured_media":0,"parent":0,"menu_order":0,"comment_status":"closed","ping_status":"closed","template":"","meta":{"_acf_changed":false,"footnotes":""},"class_list":["post-231","page","type-page","status-publish","hentry"],"acf":[],"_links":{"self":[{"href":"https:\/\/me.yrittajat.fi\/karjalove\/wp-json\/wp\/v2\/pages\/231","targetHints":{"allow":["GET"]}}],"collection":[{"href":"https:\/\/me.yrittajat.fi\/karjalove\/wp-json\/wp\/v2\/pages"}],"about":[{"href":"https:\/\/me.yrittajat.fi\/karjalove\/wp-json\/wp\/v2\/types\/page"}],"author":[{"embeddable":true,"href":"https:\/\/me.yrittajat.fi\/karjalove\/wp-json\/wp\/v2\/users\/23"}],"replies":[{"embeddable":true,"href":"https:\/\/me.yrittajat.fi\/karjalove\/wp-json\/wp\/v2\/comments?post=231"}],"version-history":[{"count":6,"href":"https:\/\/me.yrittajat.fi\/karjalove\/wp-json\/wp\/v2\/pages\/231\/revisions"}],"predecessor-version":[{"id":2140,"href":"https:\/\/me.yrittajat.fi\/karjalove\/wp-json\/wp\/v2\/pages\/231\/revisions\/2140"}],"wp:attachment":[{"href":"https:\/\/me.yrittajat.fi\/karjalove\/wp-json\/wp\/v2\/media?parent=231"}],"curies":[{"name":"wp","href":"https:\/\/api.w.org\/{rel}","templated":true}]}}