{"id":2340,"date":"2023-12-12T15:02:43","date_gmt":"2023-12-12T13:02:43","guid":{"rendered":"https:\/\/me.yrittajat.fi\/karjalove\/?page_id=2340"},"modified":"2025-06-13T09:40:09","modified_gmt":"2025-06-13T06:40:09","slug":"lappeen-harju-oy","status":"publish","type":"page","link":"https:\/\/me.yrittajat.fi\/karjalove\/lappeen-harju-oy\/","title":{"rendered":"Lappeen Harju Oy"},"content":{"rendered":"\n<p>Tervetuloa voimaan hyvin! Me Lappeen Harjussa tarjoamme teille ammattitaitoisesti ohjattua ja monipuolista toimintaa sek\u00e4 upeat, tunnelmalliset ja toimivat kokous- ja saunatilat luonnon keskell\u00e4 &#8211; vain hetken p\u00e4\u00e4ss\u00e4 kaupungin sykkeest\u00e4.<\/p>\n\n\n\n<h3 class=\"wp-block-heading\">Yhteystiedot<\/h3>\n\n\n\n<p><a href=\"https:\/\/www.lappeenharju.fi\/\" data-type=\"URL\" data-id=\"https:\/\/www.lappeenharju.fi\/\" target=\"_blank\" rel=\"noreferrer noopener\">Tutustu lis\u00e4\u00e4<\/a><\/p>\n\n\n\n<p><\/p>\n","protected":false},"excerpt":{"rendered":"<p>Tervetuloa voimaan hyvin! Me Lappeen Harjussa tarjoamme teille ammattitaitoisesti ohjattua ja monipuolista toimintaa sek\u00e4 upeat, tunnelmalliset ja toimivat kokous- ja saunatilat luonnon keskell\u00e4 &#8211; vain hetken p\u00e4\u00e4ss\u00e4 kaupungin sykkeest\u00e4. Yhteystiedot Tutustu lis\u00e4\u00e4<\/p>\n","protected":false},"author":23,"featured_media":0,"parent":0,"menu_order":0,"comment_status":"closed","ping_status":"closed","template":"","meta":{"_acf_changed":false,"footnotes":""},"class_list":["post-2340","page","type-page","status-publish","hentry"],"acf":[],"_links":{"self":[{"href":"https:\/\/me.yrittajat.fi\/karjalove\/wp-json\/wp\/v2\/pages\/2340","targetHints":{"allow":["GET"]}}],"collection":[{"href":"https:\/\/me.yrittajat.fi\/karjalove\/wp-json\/wp\/v2\/pages"}],"about":[{"href":"https:\/\/me.yrittajat.fi\/karjalove\/wp-json\/wp\/v2\/types\/page"}],"author":[{"embeddable":true,"href":"https:\/\/me.yrittajat.fi\/karjalove\/wp-json\/wp\/v2\/users\/23"}],"replies":[{"embeddable":true,"href":"https:\/\/me.yrittajat.fi\/karjalove\/wp-json\/wp\/v2\/comments?post=2340"}],"version-history":[{"count":2,"href":"https:\/\/me.yrittajat.fi\/karjalove\/wp-json\/wp\/v2\/pages\/2340\/revisions"}],"predecessor-version":[{"id":2517,"href":"https:\/\/me.yrittajat.fi\/karjalove\/wp-json\/wp\/v2\/pages\/2340\/revisions\/2517"}],"wp:attachment":[{"href":"https:\/\/me.yrittajat.fi\/karjalove\/wp-json\/wp\/v2\/media?parent=2340"}],"curies":[{"name":"wp","href":"https:\/\/api.w.org\/{rel}","templated":true}]}}