{"id":2345,"date":"2023-12-12T15:08:27","date_gmt":"2023-12-12T13:08:27","guid":{"rendered":"https:\/\/me.yrittajat.fi\/karjalove\/?page_id=2345"},"modified":"2023-12-15T14:47:16","modified_gmt":"2023-12-15T12:47:16","slug":"leipomo-petaja-ky","status":"publish","type":"page","link":"https:\/\/me.yrittajat.fi\/karjalove\/leipomo-petaja-ky\/","title":{"rendered":"Leipomo Pet\u00e4j\u00e4 Ky"},"content":{"rendered":"\n<p>Tervetuloa pullan tuoksuun! Suomen Kotileipomon tuotteet syntyv\u00e4t puhtaista paikallisista raaka-aineista perinteisesti k\u00e4sinleivottuna. Tilauksesta toimitamme yli 200 eri tuotetta asiakkaan toiveiden mukaan. Toimitamme tuotteita my\u00f6s kouluille, kauppaketjuille (Lappeenrannan, Imatran ja Joutsenon alueella), yrityksille ja tilaisuuksiin. Suomen Kotileipomon erikoisosaamista edustavat karjalaiset perinnetuotteet kuten esim. lepuskat ja karjalanpiirakat, sek\u00e4 t\u00e4ydellinen kakkupalvelu tilaisuuksiin, kahvituksiin, h\u00e4ihin, hautajaisiin tai vaikka kotikesteihin. Suomen Kotileipomoa johtaa toisen polven leipuri Jarkko Pet\u00e4j\u00e4 yli 25 vuoden kokemuksella. Ota yhteytt\u00e4!<\/p>\n\n\n\n<h3 class=\"wp-block-heading\">Yhteystiedot<\/h3>\n\n\n\n<p><a href=\"https:\/\/www.facebook.com\/suomenkotileipomo\/?locale=fi_FI\" target=\"_blank\" rel=\"noreferrer noopener\">Tutustu lis\u00e4\u00e4<\/a><\/p>\n\n\n\n<p><\/p>\n","protected":false},"excerpt":{"rendered":"<p>Tervetuloa pullan tuoksuun! Suomen Kotileipomon tuotteet syntyv\u00e4t puhtaista paikallisista raaka-aineista perinteisesti k\u00e4sinleivottuna. Tilauksesta toimitamme yli 200 eri tuotetta asiakkaan toiveiden mukaan. Toimitamme tuotteita my\u00f6s kouluille, kauppaketjuille (Lappeenrannan, Imatran ja Joutsenon alueella), yrityksille ja tilaisuuksiin. Suomen Kotileipomon erikoisosaamista edustavat karjalaiset perinnetuotteet kuten esim. lepuskat ja karjalanpiirakat, sek\u00e4 t\u00e4ydellinen kakkupalvelu tilaisuuksiin, kahvituksiin, h\u00e4ihin, hautajaisiin tai vaikka kotikesteihin. &hellip; <a href=\"https:\/\/me.yrittajat.fi\/karjalove\/leipomo-petaja-ky\/\">Lue lis\u00e4\u00e4<\/a><\/p>\n","protected":false},"author":23,"featured_media":0,"parent":0,"menu_order":0,"comment_status":"closed","ping_status":"closed","template":"","meta":{"_acf_changed":false,"footnotes":""},"class_list":["post-2345","page","type-page","status-publish","hentry"],"acf":[],"_links":{"self":[{"href":"https:\/\/me.yrittajat.fi\/karjalove\/wp-json\/wp\/v2\/pages\/2345","targetHints":{"allow":["GET"]}}],"collection":[{"href":"https:\/\/me.yrittajat.fi\/karjalove\/wp-json\/wp\/v2\/pages"}],"about":[{"href":"https:\/\/me.yrittajat.fi\/karjalove\/wp-json\/wp\/v2\/types\/page"}],"author":[{"embeddable":true,"href":"https:\/\/me.yrittajat.fi\/karjalove\/wp-json\/wp\/v2\/users\/23"}],"replies":[{"embeddable":true,"href":"https:\/\/me.yrittajat.fi\/karjalove\/wp-json\/wp\/v2\/comments?post=2345"}],"version-history":[{"count":3,"href":"https:\/\/me.yrittajat.fi\/karjalove\/wp-json\/wp\/v2\/pages\/2345\/revisions"}],"predecessor-version":[{"id":2518,"href":"https:\/\/me.yrittajat.fi\/karjalove\/wp-json\/wp\/v2\/pages\/2345\/revisions\/2518"}],"wp:attachment":[{"href":"https:\/\/me.yrittajat.fi\/karjalove\/wp-json\/wp\/v2\/media?parent=2345"}],"curies":[{"name":"wp","href":"https:\/\/api.w.org\/{rel}","templated":true}]}}