{"id":2358,"date":"2023-12-12T15:20:17","date_gmt":"2023-12-12T13:20:17","guid":{"rendered":"https:\/\/me.yrittajat.fi\/karjalove\/?page_id=2358"},"modified":"2023-12-15T14:50:05","modified_gmt":"2023-12-15T12:50:05","slug":"mainos-saimaa-oy","status":"publish","type":"page","link":"https:\/\/me.yrittajat.fi\/karjalove\/mainos-saimaa-oy\/","title":{"rendered":"Mainos-Saimaa Oy"},"content":{"rendered":"\n<p>Olemme nopea, joustava ja monipuolinen tulostus- ja painotalo Lappeenrannassa. Autamme yrityst\u00e4si erottumaan joukosta yli 30 vuoden kokemuksella. <\/p>\n\n\n\n<h3 class=\"wp-block-heading\">Yhteystiedot<\/h3>\n\n\n\n<p><a href=\"https:\/\/www.mainos-saimaa.fi\/palvelut\/\" target=\"_blank\" rel=\"noreferrer noopener\">Tutustu lis\u00e4\u00e4<\/a><\/p>\n\n\n\n<p><\/p>\n","protected":false},"excerpt":{"rendered":"<p>Olemme nopea, joustava ja monipuolinen tulostus- ja painotalo Lappeenrannassa. Autamme yrityst\u00e4si erottumaan joukosta yli 30 vuoden kokemuksella. Yhteystiedot Tutustu lis\u00e4\u00e4<\/p>\n","protected":false},"author":23,"featured_media":0,"parent":0,"menu_order":0,"comment_status":"closed","ping_status":"closed","template":"","meta":{"_acf_changed":false,"footnotes":""},"class_list":["post-2358","page","type-page","status-publish","hentry"],"acf":[],"_links":{"self":[{"href":"https:\/\/me.yrittajat.fi\/karjalove\/wp-json\/wp\/v2\/pages\/2358","targetHints":{"allow":["GET"]}}],"collection":[{"href":"https:\/\/me.yrittajat.fi\/karjalove\/wp-json\/wp\/v2\/pages"}],"about":[{"href":"https:\/\/me.yrittajat.fi\/karjalove\/wp-json\/wp\/v2\/types\/page"}],"author":[{"embeddable":true,"href":"https:\/\/me.yrittajat.fi\/karjalove\/wp-json\/wp\/v2\/users\/23"}],"replies":[{"embeddable":true,"href":"https:\/\/me.yrittajat.fi\/karjalove\/wp-json\/wp\/v2\/comments?post=2358"}],"version-history":[{"count":2,"href":"https:\/\/me.yrittajat.fi\/karjalove\/wp-json\/wp\/v2\/pages\/2358\/revisions"}],"predecessor-version":[{"id":2520,"href":"https:\/\/me.yrittajat.fi\/karjalove\/wp-json\/wp\/v2\/pages\/2358\/revisions\/2520"}],"wp:attachment":[{"href":"https:\/\/me.yrittajat.fi\/karjalove\/wp-json\/wp\/v2\/media?parent=2358"}],"curies":[{"name":"wp","href":"https:\/\/api.w.org\/{rel}","templated":true}]}}