{"id":2363,"date":"2023-12-12T15:27:21","date_gmt":"2023-12-12T13:27:21","guid":{"rendered":"https:\/\/me.yrittajat.fi\/karjalove\/?page_id=2363"},"modified":"2023-12-12T15:27:22","modified_gmt":"2023-12-12T13:27:22","slug":"mainostoimisto-dominus","status":"publish","type":"page","link":"https:\/\/me.yrittajat.fi\/karjalove\/mainostoimisto-dominus\/","title":{"rendered":"Mainostoimisto Dominus"},"content":{"rendered":"\n<h3 class=\"wp-block-heading\">Mainostoimisto Dominus &#8211; Imatra ja Lappeenranta<\/h3>\n\n\n\n<p>Mainostoimisto Dominus on uudenlainen tehokas suunnittelutiimi. Meille mik\u00e4\u00e4n ei ole mahdotonta \u2013 p\u00e4in vastoin! Hoidamme projektit ideasta valmiiseen toteutukseen asti: pienet tai isot ty\u00f6t, tuotannot tai laajemmat suunnittelut. Miten vain sovitaan.<\/p>\n\n\n\n<p>Dominus tunnetaan ainutlaatuisen hyv\u00e4st\u00e4 palvelusta ja tehokkuudesta. Sit\u00e4 haluamme vaalia. Emme ole Suomen suurin emmek\u00e4 pienin mainostoimisto, mutta varmasti sopivin.<\/p>\n\n\n\n<h3 class=\"wp-block-heading\">Yhteystiedot<\/h3>\n\n\n\n<h4 class=\"wp-block-heading\"><a href=\"https:\/\/dominus.fi\/?gclid=CjwKCAiApuCrBhAuEiwA8VJ6Jj_2oyiIgAOoNDfyn2i3ePmmqssm0oPVsRLR3EriH3iboMgDbu571xoCMRUQAvD_BwE\" data-type=\"URL\" data-id=\"https:\/\/dominus.fi\/?gclid=CjwKCAiApuCrBhAuEiwA8VJ6Jj_2oyiIgAOoNDfyn2i3ePmmqssm0oPVsRLR3EriH3iboMgDbu571xoCMRUQAvD_BwE\" target=\"_blank\" rel=\"noreferrer noopener\">Tutustu lis\u00e4\u00e4<\/a><\/h4>\n\n\n\n<p><\/p>\n","protected":false},"excerpt":{"rendered":"<p>Mainostoimisto Dominus &#8211; Imatra ja Lappeenranta Mainostoimisto Dominus on uudenlainen tehokas suunnittelutiimi. Meille mik\u00e4\u00e4n ei ole mahdotonta \u2013 p\u00e4in vastoin! Hoidamme projektit ideasta valmiiseen toteutukseen asti: pienet tai isot ty\u00f6t, tuotannot tai laajemmat suunnittelut. Miten vain sovitaan. Dominus tunnetaan ainutlaatuisen hyv\u00e4st\u00e4 palvelusta ja tehokkuudesta. Sit\u00e4 haluamme vaalia. Emme ole Suomen suurin emmek\u00e4 pienin mainostoimisto, mutta &hellip; <a href=\"https:\/\/me.yrittajat.fi\/karjalove\/mainostoimisto-dominus\/\">Lue lis\u00e4\u00e4<\/a><\/p>\n","protected":false},"author":23,"featured_media":0,"parent":0,"menu_order":0,"comment_status":"closed","ping_status":"closed","template":"","meta":{"_acf_changed":false,"footnotes":""},"class_list":["post-2363","page","type-page","status-publish","hentry"],"acf":[],"_links":{"self":[{"href":"https:\/\/me.yrittajat.fi\/karjalove\/wp-json\/wp\/v2\/pages\/2363","targetHints":{"allow":["GET"]}}],"collection":[{"href":"https:\/\/me.yrittajat.fi\/karjalove\/wp-json\/wp\/v2\/pages"}],"about":[{"href":"https:\/\/me.yrittajat.fi\/karjalove\/wp-json\/wp\/v2\/types\/page"}],"author":[{"embeddable":true,"href":"https:\/\/me.yrittajat.fi\/karjalove\/wp-json\/wp\/v2\/users\/23"}],"replies":[{"embeddable":true,"href":"https:\/\/me.yrittajat.fi\/karjalove\/wp-json\/wp\/v2\/comments?post=2363"}],"version-history":[{"count":1,"href":"https:\/\/me.yrittajat.fi\/karjalove\/wp-json\/wp\/v2\/pages\/2363\/revisions"}],"predecessor-version":[{"id":2364,"href":"https:\/\/me.yrittajat.fi\/karjalove\/wp-json\/wp\/v2\/pages\/2363\/revisions\/2364"}],"wp:attachment":[{"href":"https:\/\/me.yrittajat.fi\/karjalove\/wp-json\/wp\/v2\/media?parent=2363"}],"curies":[{"name":"wp","href":"https:\/\/api.w.org\/{rel}","templated":true}]}}