{"id":2377,"date":"2023-12-12T15:40:09","date_gmt":"2023-12-12T13:40:09","guid":{"rendered":"https:\/\/me.yrittajat.fi\/karjalove\/?page_id=2377"},"modified":"2023-12-15T14:55:34","modified_gmt":"2023-12-15T12:55:34","slug":"papinniemen-matkailu-oy","status":"publish","type":"page","link":"https:\/\/me.yrittajat.fi\/karjalove\/papinniemen-matkailu-oy\/","title":{"rendered":"Papinniemen Matkailu Oy"},"content":{"rendered":"\n<p>Satumaisen kaunis milj\u00f6\u00f6 ja unelmien hiekkaranta kutsuvat!<\/p>\n\n\n\n<p>Kirkas taivas ja pitk\u00e4 hiekkaranta, lempe\u00e4\u00e4 kes\u00e4tuulta ja rauhallista honkien huminaa. Puhdasvetinen Pyh\u00e4j\u00e4rvi avautuu Papinniemen molemmin puolin. Ravintolassa voit nauttia l\u00e4hialueen raaka-aineista valmistettua ruokaa, kylm\u00e4n juoman tai j\u00e4\u00e4tel\u00f6n. Vesille p\u00e4\u00e4set moottoriveneell\u00e4, soutuveneell\u00e4, kanootilla tai sup-laudalla, mets\u00e4teille l\u00e4skipy\u00f6r\u00e4ll\u00e4. Majoitukseen l\u00f6ytyy vaihtoehtoja m\u00f6keist\u00e4 telttailuun.<\/p>\n\n\n\n<p>Papinniemen matkailualue&nbsp;tarjoaa nautinnollisia el\u00e4myksi\u00e4 Parikkalan kunnan Uukuniemen pit\u00e4j\u00e4ss\u00e4, aivan it\u00e4rajan tuntumassa. Alueella on useita m\u00f6kkej\u00e4 omalla saunalla, saunalautta sek\u00e4 caravan-alue rannalla. Lapsille mukava leikkipaikka. Uusimmissa m\u00f6keiss\u00e4 mukavuudet sek\u00e4 palju\/ulkoporeallas.<\/p>\n\n\n\n<h3 class=\"wp-block-heading\">Yhteystiedot<\/h3>\n\n\n\n<p><a href=\"https:\/\/papinniemibooking.com\/\" target=\"_blank\" rel=\"noreferrer noopener\">Tutustu lis\u00e4\u00e4<\/a><\/p>\n\n\n\n<p><\/p>\n\n\n\n<p><\/p>\n","protected":false},"excerpt":{"rendered":"<p>Satumaisen kaunis milj\u00f6\u00f6 ja unelmien hiekkaranta kutsuvat! Kirkas taivas ja pitk\u00e4 hiekkaranta, lempe\u00e4\u00e4 kes\u00e4tuulta ja rauhallista honkien huminaa. Puhdasvetinen Pyh\u00e4j\u00e4rvi avautuu Papinniemen molemmin puolin. Ravintolassa voit nauttia l\u00e4hialueen raaka-aineista valmistettua ruokaa, kylm\u00e4n juoman tai j\u00e4\u00e4tel\u00f6n. Vesille p\u00e4\u00e4set moottoriveneell\u00e4, soutuveneell\u00e4, kanootilla tai sup-laudalla, mets\u00e4teille l\u00e4skipy\u00f6r\u00e4ll\u00e4. Majoitukseen l\u00f6ytyy vaihtoehtoja m\u00f6keist\u00e4 telttailuun. Papinniemen matkailualue&nbsp;tarjoaa nautinnollisia el\u00e4myksi\u00e4 Parikkalan kunnan &hellip; <a href=\"https:\/\/me.yrittajat.fi\/karjalove\/papinniemen-matkailu-oy\/\">Lue lis\u00e4\u00e4<\/a><\/p>\n","protected":false},"author":23,"featured_media":0,"parent":0,"menu_order":0,"comment_status":"closed","ping_status":"closed","template":"","meta":{"_acf_changed":false,"footnotes":""},"class_list":["post-2377","page","type-page","status-publish","hentry"],"acf":[],"_links":{"self":[{"href":"https:\/\/me.yrittajat.fi\/karjalove\/wp-json\/wp\/v2\/pages\/2377","targetHints":{"allow":["GET"]}}],"collection":[{"href":"https:\/\/me.yrittajat.fi\/karjalove\/wp-json\/wp\/v2\/pages"}],"about":[{"href":"https:\/\/me.yrittajat.fi\/karjalove\/wp-json\/wp\/v2\/types\/page"}],"author":[{"embeddable":true,"href":"https:\/\/me.yrittajat.fi\/karjalove\/wp-json\/wp\/v2\/users\/23"}],"replies":[{"embeddable":true,"href":"https:\/\/me.yrittajat.fi\/karjalove\/wp-json\/wp\/v2\/comments?post=2377"}],"version-history":[{"count":2,"href":"https:\/\/me.yrittajat.fi\/karjalove\/wp-json\/wp\/v2\/pages\/2377\/revisions"}],"predecessor-version":[{"id":2527,"href":"https:\/\/me.yrittajat.fi\/karjalove\/wp-json\/wp\/v2\/pages\/2377\/revisions\/2527"}],"wp:attachment":[{"href":"https:\/\/me.yrittajat.fi\/karjalove\/wp-json\/wp\/v2\/media?parent=2377"}],"curies":[{"name":"wp","href":"https:\/\/api.w.org\/{rel}","templated":true}]}}