{"id":2383,"date":"2023-12-12T15:48:26","date_gmt":"2023-12-12T13:48:26","guid":{"rendered":"https:\/\/me.yrittajat.fi\/karjalove\/?page_id=2383"},"modified":"2023-12-15T14:57:06","modified_gmt":"2023-12-15T12:57:06","slug":"pasi-mentula-oy-pamex","status":"publish","type":"page","link":"https:\/\/me.yrittajat.fi\/karjalove\/pasi-mentula-oy-pamex\/","title":{"rendered":"Pasi Mentula Oy"},"content":{"rendered":"\n<p><strong>Tervetuloa pitkist\u00e4 asiakassuhteistaan tunnettuun Pamexiin, t\u00e4yden palvelun autokorjaamotaloon!<\/strong><\/p>\n\n\n\n<p>Olemme aloittaneet toimintamme jo vuonna 1994, jolloin sijaitsimme Lappeenrannan Ratakadulla. Vuonna 2004 korjaamomme muutti suurempiin toimitiloihin Ajurinkadulle (Etel\u00e4kadun alkup\u00e4\u00e4ss\u00e4) ja samalla laajensimme palveluitamme.<\/p>\n\n\n\n<p>T\u00e4ll\u00e4 hetkell\u00e4 sijaitsemme Myllym\u00e4enkadulla, jossa 1300 neli\u00f6n toimitiloissa tarjoamme monipuolista ja ammattitaitoista huolto- ja korjauspalvelua henkil\u00f6-, paketti- ja matkailuautolle (max 5 200kg).<\/p>\n\n\n\n<p>Voit my\u00f6s tilata katsastushuollon meilt\u00e4, jolloin katsastamme autosi puolestasi, sek\u00e4 teemme tarvittavat huollot. Saatavillasi on my\u00f6s yksi Suomen laajimmista varaosavalikoimista meid\u00e4n asentamana.<\/p>\n\n\n\n<p><strong>Tule ja anna autollesi parasta mahdollista huoltoa takuu s\u00e4ilytt\u00e4en ja nauti todistetusti hyv\u00e4st\u00e4 palvelustamme \u2013 teemme huollot ja korjaukset kaikkiin automerkkeihin.<\/strong><\/p>\n\n\n\n<h3 class=\"wp-block-heading\">Yhteystiedot<\/h3>\n\n\n\n<p><a href=\"https:\/\/www.pamex.fi\/yritysesittely\/\">Tutustu lis\u00e4\u00e4<\/a><\/p>\n\n\n\n<p><\/p>\n\n\n\n<p><\/p>\n","protected":false},"excerpt":{"rendered":"<p>Tervetuloa pitkist\u00e4 asiakassuhteistaan tunnettuun Pamexiin, t\u00e4yden palvelun autokorjaamotaloon! Olemme aloittaneet toimintamme jo vuonna 1994, jolloin sijaitsimme Lappeenrannan Ratakadulla. Vuonna 2004 korjaamomme muutti suurempiin toimitiloihin Ajurinkadulle (Etel\u00e4kadun alkup\u00e4\u00e4ss\u00e4) ja samalla laajensimme palveluitamme. T\u00e4ll\u00e4 hetkell\u00e4 sijaitsemme Myllym\u00e4enkadulla, jossa 1300 neli\u00f6n toimitiloissa tarjoamme monipuolista ja ammattitaitoista huolto- ja korjauspalvelua henkil\u00f6-, paketti- ja matkailuautolle (max 5 200kg). Voit my\u00f6s &hellip; <a href=\"https:\/\/me.yrittajat.fi\/karjalove\/pasi-mentula-oy-pamex\/\">Lue lis\u00e4\u00e4<\/a><\/p>\n","protected":false},"author":23,"featured_media":0,"parent":0,"menu_order":0,"comment_status":"closed","ping_status":"closed","template":"","meta":{"_acf_changed":false,"footnotes":""},"class_list":["post-2383","page","type-page","status-publish","hentry"],"acf":[],"_links":{"self":[{"href":"https:\/\/me.yrittajat.fi\/karjalove\/wp-json\/wp\/v2\/pages\/2383","targetHints":{"allow":["GET"]}}],"collection":[{"href":"https:\/\/me.yrittajat.fi\/karjalove\/wp-json\/wp\/v2\/pages"}],"about":[{"href":"https:\/\/me.yrittajat.fi\/karjalove\/wp-json\/wp\/v2\/types\/page"}],"author":[{"embeddable":true,"href":"https:\/\/me.yrittajat.fi\/karjalove\/wp-json\/wp\/v2\/users\/23"}],"replies":[{"embeddable":true,"href":"https:\/\/me.yrittajat.fi\/karjalove\/wp-json\/wp\/v2\/comments?post=2383"}],"version-history":[{"count":3,"href":"https:\/\/me.yrittajat.fi\/karjalove\/wp-json\/wp\/v2\/pages\/2383\/revisions"}],"predecessor-version":[{"id":2529,"href":"https:\/\/me.yrittajat.fi\/karjalove\/wp-json\/wp\/v2\/pages\/2383\/revisions\/2529"}],"wp:attachment":[{"href":"https:\/\/me.yrittajat.fi\/karjalove\/wp-json\/wp\/v2\/media?parent=2383"}],"curies":[{"name":"wp","href":"https:\/\/api.w.org\/{rel}","templated":true}]}}