{"id":2392,"date":"2023-12-14T12:37:08","date_gmt":"2023-12-14T10:37:08","guid":{"rendered":"https:\/\/me.yrittajat.fi\/karjalove\/?page_id=2392"},"modified":"2023-12-15T15:00:34","modified_gmt":"2023-12-15T13:00:34","slug":"pixeliisa","status":"publish","type":"page","link":"https:\/\/me.yrittajat.fi\/karjalove\/pixeliisa\/","title":{"rendered":"PIXELiisa"},"content":{"rendered":"\n<p><em>Olen tarinankertoja ja tunteiden taltioija. Osaamiseni on monipuolista, mutta intohimoni on valokuvaus ja markkinointi.<\/em><\/p>\n\n\n\n<p><em>Perustin PIXELiisan OP-kevytyrityksen\u00e4 vuonna 2018, mutta t\u00e4ysip\u00e4iv\u00e4iseksi toiminimiyritt\u00e4j\u00e4ksi siirryin 1.4.2020. Valokuvaus- ja markkinointipalvelujen lis\u00e4ksi palvelen muutamaa pienyrityst\u00e4 taloushallinnon teht\u00e4viss\u00e4 ja avustan maataloust\u00f6iss\u00e4. Minulla on palo tehd\u00e4 jotakin t\u00e4rke\u00e4\u00e4 ja merkityksellist\u00e4 erityisesti nuorten hyvinvoinnin eteen. Siksi aloitinkin tammikuussa 2021 sosionomin opinnot LAB-ammattikorkeakoulussa. Arkeni onkin t\u00e4ll\u00e4 hetkell\u00e4 yhdistelm\u00e4 opiskelijuutta, yritt\u00e4jyytt\u00e4 ja perheen\u00e4itiytt\u00e4. Tulevaisuudessa haluaisin jotenkin yhdist\u00e4\u00e4 valokuvaamisen ohjausty\u00f6h\u00f6n.&nbsp;<a href=\"https:\/\/pixeliisa.fi\/loydavoimasi\/\">#l\u00f6yd\u00e4voimasi-projekti<\/a>&nbsp;on yksi askel kohti haavettani.<\/em><\/p>\n\n\n\n<p><em>Ennen yritt\u00e4jyytt\u00e4 ty\u00f6skentelin pankkialalla noin 15 vuotta ja pienyrityksen assistenttina 1,5 vuoden ajan. Suurimman osan ty\u00f6urastani uurastin tietojenk\u00e4sittelyn ja markkinoinnin parissa. Koulutukseltani olen tradenomi ja olen t\u00e4ydent\u00e4nyt jo nuoruuden harrastelusta alkanutta valokuvausosaamistani Kymenlaakson Opiston puolivuotisella Valokuvauksen opintolinjalla.<\/em><\/p>\n\n\n\n<p><em>Ota rohkeasti minuun yhteytt\u00e4, niin voimme keskustella, kuinka voin sinua auttaa.&nbsp;<\/em><em>Odotan innolla yhteisty\u00f6t\u00e4 kanssasi.<\/em><\/p>\n\n\n\n<p><em>Liisa Kuorttinen<\/em><br><em>yritt\u00e4j\u00e4<\/em><br><em>PIXELiisa<\/em><\/p>\n\n\n\n<h4 class=\"wp-block-heading\">Yhteystiedot<\/h4>\n\n\n\n<p><a href=\"https:\/\/pixeliisa.fi\" target=\"_blank\" rel=\"noreferrer noopener\">Tu<\/a><a href=\"https:\/\/pixeliisa.fi\">tustu lis\u00e4\u00e4<\/a><\/p>\n\n\n\n<p><\/p>\n","protected":false},"excerpt":{"rendered":"<p>Olen tarinankertoja ja tunteiden taltioija. Osaamiseni on monipuolista, mutta intohimoni on valokuvaus ja markkinointi. Perustin PIXELiisan OP-kevytyrityksen\u00e4 vuonna 2018, mutta t\u00e4ysip\u00e4iv\u00e4iseksi toiminimiyritt\u00e4j\u00e4ksi siirryin 1.4.2020. Valokuvaus- ja markkinointipalvelujen lis\u00e4ksi palvelen muutamaa pienyrityst\u00e4 taloushallinnon teht\u00e4viss\u00e4 ja avustan maataloust\u00f6iss\u00e4. Minulla on palo tehd\u00e4 jotakin t\u00e4rke\u00e4\u00e4 ja merkityksellist\u00e4 erityisesti nuorten hyvinvoinnin eteen. Siksi aloitinkin tammikuussa 2021 sosionomin opinnot LAB-ammattikorkeakoulussa. &hellip; <a href=\"https:\/\/me.yrittajat.fi\/karjalove\/pixeliisa\/\">Lue lis\u00e4\u00e4<\/a><\/p>\n","protected":false},"author":23,"featured_media":0,"parent":0,"menu_order":0,"comment_status":"closed","ping_status":"closed","template":"","meta":{"_acf_changed":false,"footnotes":""},"class_list":["post-2392","page","type-page","status-publish","hentry"],"acf":[],"_links":{"self":[{"href":"https:\/\/me.yrittajat.fi\/karjalove\/wp-json\/wp\/v2\/pages\/2392","targetHints":{"allow":["GET"]}}],"collection":[{"href":"https:\/\/me.yrittajat.fi\/karjalove\/wp-json\/wp\/v2\/pages"}],"about":[{"href":"https:\/\/me.yrittajat.fi\/karjalove\/wp-json\/wp\/v2\/types\/page"}],"author":[{"embeddable":true,"href":"https:\/\/me.yrittajat.fi\/karjalove\/wp-json\/wp\/v2\/users\/23"}],"replies":[{"embeddable":true,"href":"https:\/\/me.yrittajat.fi\/karjalove\/wp-json\/wp\/v2\/comments?post=2392"}],"version-history":[{"count":2,"href":"https:\/\/me.yrittajat.fi\/karjalove\/wp-json\/wp\/v2\/pages\/2392\/revisions"}],"predecessor-version":[{"id":2530,"href":"https:\/\/me.yrittajat.fi\/karjalove\/wp-json\/wp\/v2\/pages\/2392\/revisions\/2530"}],"wp:attachment":[{"href":"https:\/\/me.yrittajat.fi\/karjalove\/wp-json\/wp\/v2\/media?parent=2392"}],"curies":[{"name":"wp","href":"https:\/\/api.w.org\/{rel}","templated":true}]}}