{"id":2401,"date":"2023-12-14T12:45:36","date_gmt":"2023-12-14T10:45:36","guid":{"rendered":"https:\/\/me.yrittajat.fi\/karjalove\/?page_id=2401"},"modified":"2023-12-15T15:03:00","modified_gmt":"2023-12-15T13:03:00","slug":"ravintola-kolme-harkaa-oy-bar-cafe-kuohu","status":"publish","type":"page","link":"https:\/\/me.yrittajat.fi\/karjalove\/ravintola-kolme-harkaa-oy-bar-cafe-kuohu\/","title":{"rendered":"Ravintola Kolme H\u00e4rk\u00e4\u00e4 Oy \/ Bar &amp; Cafe Kuohu"},"content":{"rendered":"\n<h3 class=\"wp-block-heading\">Yhteystiedot<\/h3>\n\n\n\n<ul class=\"wp-block-list\">\n<li><a rel=\"noreferrer noopener\" href=\"https:\/\/www.facebook.com\/p\/BarCafe-Kuohu-100063573790776\/?locale=fi_FI\" target=\"_blank\">Facebook<\/a><\/li>\n<\/ul>\n\n\n\n<ul class=\"wp-block-list\">\n<li><a rel=\"noreferrer noopener\" href=\"https:\/\/www.instagram.com\/barcafekuohu\/\" data-type=\"URL\" data-id=\"https:\/\/www.instagram.com\/barcafekuohu\/\" target=\"_blank\">Instagram<\/a><\/li>\n<\/ul>\n\n\n\n<p><\/p>\n","protected":false},"excerpt":{"rendered":"<p>Yhteystiedot<\/p>\n","protected":false},"author":23,"featured_media":0,"parent":0,"menu_order":0,"comment_status":"closed","ping_status":"closed","template":"","meta":{"_acf_changed":false,"footnotes":""},"class_list":["post-2401","page","type-page","status-publish","hentry"],"acf":[],"_links":{"self":[{"href":"https:\/\/me.yrittajat.fi\/karjalove\/wp-json\/wp\/v2\/pages\/2401","targetHints":{"allow":["GET"]}}],"collection":[{"href":"https:\/\/me.yrittajat.fi\/karjalove\/wp-json\/wp\/v2\/pages"}],"about":[{"href":"https:\/\/me.yrittajat.fi\/karjalove\/wp-json\/wp\/v2\/types\/page"}],"author":[{"embeddable":true,"href":"https:\/\/me.yrittajat.fi\/karjalove\/wp-json\/wp\/v2\/users\/23"}],"replies":[{"embeddable":true,"href":"https:\/\/me.yrittajat.fi\/karjalove\/wp-json\/wp\/v2\/comments?post=2401"}],"version-history":[{"count":3,"href":"https:\/\/me.yrittajat.fi\/karjalove\/wp-json\/wp\/v2\/pages\/2401\/revisions"}],"predecessor-version":[{"id":2532,"href":"https:\/\/me.yrittajat.fi\/karjalove\/wp-json\/wp\/v2\/pages\/2401\/revisions\/2532"}],"wp:attachment":[{"href":"https:\/\/me.yrittajat.fi\/karjalove\/wp-json\/wp\/v2\/media?parent=2401"}],"curies":[{"name":"wp","href":"https:\/\/api.w.org\/{rel}","templated":true}]}}