{"id":2409,"date":"2023-12-14T12:52:54","date_gmt":"2023-12-14T10:52:54","guid":{"rendered":"https:\/\/me.yrittajat.fi\/karjalove\/?page_id=2409"},"modified":"2023-12-15T15:02:05","modified_gmt":"2023-12-15T13:02:05","slug":"putkilux-oy","status":"publish","type":"page","link":"https:\/\/me.yrittajat.fi\/karjalove\/putkilux-oy\/","title":{"rendered":"PutkiLux Oy"},"content":{"rendered":"\n<p>PUTKITY\u00d6T JA PUTKIREMONTIT AMMATTITAIDOLLA LAPPEENRANNASSA JA ETEL\u00c4-KARJALASSA<\/p>\n\n\n\n<p>Yrityksemme tarjoaa putkialan palveluita kotitalouksille, taloyhti\u00f6ille ja yrityksille Lappeenrannassa ja Etel\u00e4-Karjalassa. Teemme niin putkity\u00f6t kuin putkiremontitkin ammattitaidolla ja yst\u00e4v\u00e4llisesti palvellen.&nbsp;<\/p>\n\n\n\n<p>Palveluihimme kuuluu maksuton arviointik\u00e4ynti, jonka avulla pystymme tekem\u00e4\u00e4n sinulle kustannuksiltaan ja aikatauluiltaan pit\u00e4v\u00e4n tarjouksen. Esimerkiksi&nbsp;patterien huollossa saattaa koko verkoston remontoinnin sijaan riitt\u00e4\u00e4 pelkk\u00e4 l\u00e4mp\u00f6putkistojen ja patteritermostaattien uusiminen. Tarkistamalla patteriesi kunnon arviok\u00e4ynnill\u00e4mme pystymme siis s\u00e4\u00e4st\u00e4m\u00e4\u00e4n aikaa ja rahaa sek\u00e4 tarjoamaan juuri sinulle parhaan ratkaisun.<\/p>\n\n\n\n<h4 class=\"wp-block-heading\">Yhteystiedot<\/h4>\n\n\n\n<p><a href=\"https:\/\/www.putkilux.fi\/\" data-type=\"URL\" data-id=\"https:\/\/www.putkilux.fi\/\" target=\"_blank\" rel=\"noreferrer noopener\">Tutustu lis\u00e4\u00e4<\/a><\/p>\n\n\n\n<p><\/p>\n","protected":false},"excerpt":{"rendered":"<p>PUTKITY\u00d6T JA PUTKIREMONTIT AMMATTITAIDOLLA LAPPEENRANNASSA JA ETEL\u00c4-KARJALASSA Yrityksemme tarjoaa putkialan palveluita kotitalouksille, taloyhti\u00f6ille ja yrityksille Lappeenrannassa ja Etel\u00e4-Karjalassa. Teemme niin putkity\u00f6t kuin putkiremontitkin ammattitaidolla ja yst\u00e4v\u00e4llisesti palvellen.&nbsp; Palveluihimme kuuluu maksuton arviointik\u00e4ynti, jonka avulla pystymme tekem\u00e4\u00e4n sinulle kustannuksiltaan ja aikatauluiltaan pit\u00e4v\u00e4n tarjouksen. Esimerkiksi&nbsp;patterien huollossa saattaa koko verkoston remontoinnin sijaan riitt\u00e4\u00e4 pelkk\u00e4 l\u00e4mp\u00f6putkistojen ja patteritermostaattien uusiminen. Tarkistamalla &hellip; <a href=\"https:\/\/me.yrittajat.fi\/karjalove\/putkilux-oy\/\">Lue lis\u00e4\u00e4<\/a><\/p>\n","protected":false},"author":23,"featured_media":0,"parent":0,"menu_order":0,"comment_status":"closed","ping_status":"closed","template":"","meta":{"_acf_changed":false,"footnotes":""},"class_list":["post-2409","page","type-page","status-publish","hentry"],"acf":[],"_links":{"self":[{"href":"https:\/\/me.yrittajat.fi\/karjalove\/wp-json\/wp\/v2\/pages\/2409","targetHints":{"allow":["GET"]}}],"collection":[{"href":"https:\/\/me.yrittajat.fi\/karjalove\/wp-json\/wp\/v2\/pages"}],"about":[{"href":"https:\/\/me.yrittajat.fi\/karjalove\/wp-json\/wp\/v2\/types\/page"}],"author":[{"embeddable":true,"href":"https:\/\/me.yrittajat.fi\/karjalove\/wp-json\/wp\/v2\/users\/23"}],"replies":[{"embeddable":true,"href":"https:\/\/me.yrittajat.fi\/karjalove\/wp-json\/wp\/v2\/comments?post=2409"}],"version-history":[{"count":2,"href":"https:\/\/me.yrittajat.fi\/karjalove\/wp-json\/wp\/v2\/pages\/2409\/revisions"}],"predecessor-version":[{"id":2531,"href":"https:\/\/me.yrittajat.fi\/karjalove\/wp-json\/wp\/v2\/pages\/2409\/revisions\/2531"}],"wp:attachment":[{"href":"https:\/\/me.yrittajat.fi\/karjalove\/wp-json\/wp\/v2\/media?parent=2409"}],"curies":[{"name":"wp","href":"https:\/\/api.w.org\/{rel}","templated":true}]}}