{"id":2427,"date":"2023-12-14T13:09:05","date_gmt":"2023-12-14T11:09:05","guid":{"rendered":"https:\/\/me.yrittajat.fi\/karjalove\/?page_id=2427"},"modified":"2023-12-15T15:04:21","modified_gmt":"2023-12-15T13:04:21","slug":"savikunto-oy","status":"publish","type":"page","link":"https:\/\/me.yrittajat.fi\/karjalove\/savikunto-oy\/","title":{"rendered":"Savikunto Oy"},"content":{"rendered":"\n<p>Hyvinvointia meille kaikille. Tervetuloa Savikuntoon!<\/p>\n\n\n\n<p>Kuntokeskus, fysioterapia ja kuntoutuksen palvelut kaikki saman katon alta.<\/p>\n\n\n\n<ul class=\"wp-block-list\">\n<li>Fysioterapia ja hoidot \n<ul class=\"wp-block-list\">\n<li>Tahdomme huolehtia kokonaisvaltaisesti asiakkaan hyvinvoinnista. Siksi l\u00f6yd\u00e4t meilt\u00e4 kaikki fysioterapeuttiset palvelut saman katon alta \u2013 aina kotik\u00e4yntej\u00e4 my\u00f6ten.<\/li>\n<\/ul>\n<\/li>\n\n\n\n<li>Salivaraukset\n<ul class=\"wp-block-list\">\n<li>Hoitojaksosi aikana sinulla on asiakasetuna kuntosalin vapaa k\u00e4ytt\u00f6oikeus ja saat -30 % alennusta kuntosalikortteja ostaessasi. Muistathan tarkistaa varatut vuorot kalentereista, tai soittamalla palvelunumeroomme 040- 801 4840.<\/li>\n<\/ul>\n<\/li>\n\n\n\n<li>Kuntokeskus\n<ul class=\"wp-block-list\">\n<li>Kuntosaliharjoittelu lis\u00e4\u00e4 liikkuvuutta, ryhti\u00e4 ja lihasvoimaa. Kuntosaleille p\u00e4\u00e4set jokaisena viikonp\u00e4iv\u00e4n\u00e4 ja Savitaipaleen kuntosalille ymp\u00e4ri vuorokauden. Varaa aika Kuntoremonttiin ja aloita harjoittelu Kunnon Treenarin kanssa.<\/li>\n<\/ul>\n<\/li>\n\n\n\n<li>Palvelut\n<ul class=\"wp-block-list\">\n<li>Tilavuokraus kokouksiin, juhliin ja omiin liikuntaryhmiin. K\u00e4ytett\u00e4viss\u00e4 my\u00f6s 25 hengen auditorio<\/li>\n<\/ul>\n<\/li>\n<\/ul>\n\n\n\n<h4 class=\"wp-block-heading\">Yhteystiedot<\/h4>\n\n\n\n<p><a href=\"https:\/\/savikunto.fi\" data-type=\"URL\" data-id=\"https:\/\/savikunto.fi\" target=\"_blank\" rel=\"noreferrer noopener\">Tutustu lis\u00e4\u00e4<\/a><\/p>\n","protected":false},"excerpt":{"rendered":"<p>Hyvinvointia meille kaikille. Tervetuloa Savikuntoon! Kuntokeskus, fysioterapia ja kuntoutuksen palvelut kaikki saman katon alta. Yhteystiedot Tutustu lis\u00e4\u00e4<\/p>\n","protected":false},"author":23,"featured_media":0,"parent":0,"menu_order":0,"comment_status":"closed","ping_status":"closed","template":"","meta":{"_acf_changed":false,"footnotes":""},"class_list":["post-2427","page","type-page","status-publish","hentry"],"acf":[],"_links":{"self":[{"href":"https:\/\/me.yrittajat.fi\/karjalove\/wp-json\/wp\/v2\/pages\/2427","targetHints":{"allow":["GET"]}}],"collection":[{"href":"https:\/\/me.yrittajat.fi\/karjalove\/wp-json\/wp\/v2\/pages"}],"about":[{"href":"https:\/\/me.yrittajat.fi\/karjalove\/wp-json\/wp\/v2\/types\/page"}],"author":[{"embeddable":true,"href":"https:\/\/me.yrittajat.fi\/karjalove\/wp-json\/wp\/v2\/users\/23"}],"replies":[{"embeddable":true,"href":"https:\/\/me.yrittajat.fi\/karjalove\/wp-json\/wp\/v2\/comments?post=2427"}],"version-history":[{"count":2,"href":"https:\/\/me.yrittajat.fi\/karjalove\/wp-json\/wp\/v2\/pages\/2427\/revisions"}],"predecessor-version":[{"id":2534,"href":"https:\/\/me.yrittajat.fi\/karjalove\/wp-json\/wp\/v2\/pages\/2427\/revisions\/2534"}],"wp:attachment":[{"href":"https:\/\/me.yrittajat.fi\/karjalove\/wp-json\/wp\/v2\/media?parent=2427"}],"curies":[{"name":"wp","href":"https:\/\/api.w.org\/{rel}","templated":true}]}}