{"id":2431,"date":"2023-12-14T13:14:23","date_gmt":"2023-12-14T11:14:23","guid":{"rendered":"https:\/\/me.yrittajat.fi\/karjalove\/?page_id=2431"},"modified":"2024-01-17T14:55:52","modified_gmt":"2024-01-17T12:55:52","slug":"olkkolan-hovi","status":"publish","type":"page","link":"https:\/\/me.yrittajat.fi\/karjalove\/olkkolan-hovi\/","title":{"rendered":"Olkkolan Hovi"},"content":{"rendered":"\n<p>Luonto- ja aktiivilomakohde Savitaipaleella.<br>Olkkolan Hovi sijaitsee Kuolimo-j\u00e4rven rannalla, keskell\u00e4 kauneinta luontoa ja l\u00e4hell\u00e4 Lappeenrantaa.<\/p>\n\n\n\n<p>Hotelli ja caravan-alue palvelevat sinua ymp\u00e4ri vuoden.<\/p>\n\n\n\n<p>Yhteystiedot<br>Olkkolantie 2, 54800 Savitaipale<br>Puhelin 050 5555 862<br>S\u00e4hk\u00f6posti info@olkkolanhovi.fi<\/p>\n\n\n\n<p>Ryhm\u00e4myynti ja perhejuhlat<br>050 556 9444<\/p>\n\n\n\n<p><a href=\"https:\/\/olkkolanhovi.fi\">Tutustu lis\u00e4\u00e4<\/a><\/p>\n\n\n\n<p><\/p>\n","protected":false},"excerpt":{"rendered":"<p>Luonto- ja aktiivilomakohde Savitaipaleella.Olkkolan Hovi sijaitsee Kuolimo-j\u00e4rven rannalla, keskell\u00e4 kauneinta luontoa ja l\u00e4hell\u00e4 Lappeenrantaa. Hotelli ja caravan-alue palvelevat sinua ymp\u00e4ri vuoden. YhteystiedotOlkkolantie 2, 54800 SavitaipalePuhelin 050 5555 862S\u00e4hk\u00f6posti info@olkkolanhovi.fi Ryhm\u00e4myynti ja perhejuhlat050 556 9444 Tutustu lis\u00e4\u00e4<\/p>\n","protected":false},"author":23,"featured_media":0,"parent":0,"menu_order":0,"comment_status":"closed","ping_status":"closed","template":"","meta":{"_acf_changed":false,"footnotes":""},"class_list":["post-2431","page","type-page","status-publish","hentry"],"acf":[],"_links":{"self":[{"href":"https:\/\/me.yrittajat.fi\/karjalove\/wp-json\/wp\/v2\/pages\/2431","targetHints":{"allow":["GET"]}}],"collection":[{"href":"https:\/\/me.yrittajat.fi\/karjalove\/wp-json\/wp\/v2\/pages"}],"about":[{"href":"https:\/\/me.yrittajat.fi\/karjalove\/wp-json\/wp\/v2\/types\/page"}],"author":[{"embeddable":true,"href":"https:\/\/me.yrittajat.fi\/karjalove\/wp-json\/wp\/v2\/users\/23"}],"replies":[{"embeddable":true,"href":"https:\/\/me.yrittajat.fi\/karjalove\/wp-json\/wp\/v2\/comments?post=2431"}],"version-history":[{"count":3,"href":"https:\/\/me.yrittajat.fi\/karjalove\/wp-json\/wp\/v2\/pages\/2431\/revisions"}],"predecessor-version":[{"id":2580,"href":"https:\/\/me.yrittajat.fi\/karjalove\/wp-json\/wp\/v2\/pages\/2431\/revisions\/2580"}],"wp:attachment":[{"href":"https:\/\/me.yrittajat.fi\/karjalove\/wp-json\/wp\/v2\/media?parent=2431"}],"curies":[{"name":"wp","href":"https:\/\/api.w.org\/{rel}","templated":true}]}}