{"id":2442,"date":"2023-12-14T13:36:38","date_gmt":"2023-12-14T11:36:38","guid":{"rendered":"https:\/\/me.yrittajat.fi\/karjalove\/?page_id=2442"},"modified":"2023-12-15T15:08:12","modified_gmt":"2023-12-15T13:08:12","slug":"sinun-vuoksi-oy","status":"publish","type":"page","link":"https:\/\/me.yrittajat.fi\/karjalove\/sinun-vuoksi-oy\/","title":{"rendered":"Sinun Vuoksi Oy"},"content":{"rendered":"\n<p>Apuna arjessa!<\/p>\n\n\n\n<p>Sinun Vuoksi Oy on 2015 perustettu, Imatralainen kotihoitoyritys.<\/p>\n\n\n\n<p>Moniammatillinen hoitotiimimme tarjoaa laadukasta ja kiireet\u00f6nt\u00e4 hoitoa kaikenik\u00e4isille my\u00f6s iltaisin ja viikonloppuisin.<\/p>\n\n\n\n<p>Toimialueemme on Imatra ja l\u00e4hikunnat.<\/p>\n\n\n\n<h3 class=\"wp-block-heading\">Yhteystiedot<\/h3>\n\n\n\n<p><a href=\"https:\/\/sinunvuoksi.fi\/'\" target=\"_blank\" rel=\"noreferrer noopener\">Tutustu lis\u00e4\u00e4<\/a><\/p>\n\n\n\n<p><\/p>\n","protected":false},"excerpt":{"rendered":"<p>Apuna arjessa! Sinun Vuoksi Oy on 2015 perustettu, Imatralainen kotihoitoyritys. Moniammatillinen hoitotiimimme tarjoaa laadukasta ja kiireet\u00f6nt\u00e4 hoitoa kaikenik\u00e4isille my\u00f6s iltaisin ja viikonloppuisin. Toimialueemme on Imatra ja l\u00e4hikunnat. Yhteystiedot Tutustu lis\u00e4\u00e4<\/p>\n","protected":false},"author":23,"featured_media":0,"parent":0,"menu_order":0,"comment_status":"closed","ping_status":"closed","template":"","meta":{"_acf_changed":false,"footnotes":""},"class_list":["post-2442","page","type-page","status-publish","hentry"],"acf":[],"_links":{"self":[{"href":"https:\/\/me.yrittajat.fi\/karjalove\/wp-json\/wp\/v2\/pages\/2442","targetHints":{"allow":["GET"]}}],"collection":[{"href":"https:\/\/me.yrittajat.fi\/karjalove\/wp-json\/wp\/v2\/pages"}],"about":[{"href":"https:\/\/me.yrittajat.fi\/karjalove\/wp-json\/wp\/v2\/types\/page"}],"author":[{"embeddable":true,"href":"https:\/\/me.yrittajat.fi\/karjalove\/wp-json\/wp\/v2\/users\/23"}],"replies":[{"embeddable":true,"href":"https:\/\/me.yrittajat.fi\/karjalove\/wp-json\/wp\/v2\/comments?post=2442"}],"version-history":[{"count":2,"href":"https:\/\/me.yrittajat.fi\/karjalove\/wp-json\/wp\/v2\/pages\/2442\/revisions"}],"predecessor-version":[{"id":2537,"href":"https:\/\/me.yrittajat.fi\/karjalove\/wp-json\/wp\/v2\/pages\/2442\/revisions\/2537"}],"wp:attachment":[{"href":"https:\/\/me.yrittajat.fi\/karjalove\/wp-json\/wp\/v2\/media?parent=2442"}],"curies":[{"name":"wp","href":"https:\/\/api.w.org\/{rel}","templated":true}]}}