{"id":2472,"date":"2023-12-14T13:56:01","date_gmt":"2023-12-14T11:56:01","guid":{"rendered":"https:\/\/me.yrittajat.fi\/karjalove\/?page_id=2472"},"modified":"2023-12-14T13:56:01","modified_gmt":"2023-12-14T11:56:01","slug":"vuokrakoti-ja-kiinteistot-pollanen-oy","status":"publish","type":"page","link":"https:\/\/me.yrittajat.fi\/karjalove\/vuokrakoti-ja-kiinteistot-pollanen-oy\/","title":{"rendered":"Vuokrakoti ja -kiinteist\u00f6t P\u00f6ll\u00e4nen Oy"},"content":{"rendered":"","protected":false},"excerpt":{"rendered":"","protected":false},"author":23,"featured_media":0,"parent":0,"menu_order":0,"comment_status":"closed","ping_status":"closed","template":"","meta":{"_acf_changed":false,"footnotes":""},"class_list":["post-2472","page","type-page","status-publish","hentry"],"acf":[],"_links":{"self":[{"href":"https:\/\/me.yrittajat.fi\/karjalove\/wp-json\/wp\/v2\/pages\/2472","targetHints":{"allow":["GET"]}}],"collection":[{"href":"https:\/\/me.yrittajat.fi\/karjalove\/wp-json\/wp\/v2\/pages"}],"about":[{"href":"https:\/\/me.yrittajat.fi\/karjalove\/wp-json\/wp\/v2\/types\/page"}],"author":[{"embeddable":true,"href":"https:\/\/me.yrittajat.fi\/karjalove\/wp-json\/wp\/v2\/users\/23"}],"replies":[{"embeddable":true,"href":"https:\/\/me.yrittajat.fi\/karjalove\/wp-json\/wp\/v2\/comments?post=2472"}],"version-history":[{"count":1,"href":"https:\/\/me.yrittajat.fi\/karjalove\/wp-json\/wp\/v2\/pages\/2472\/revisions"}],"predecessor-version":[{"id":2473,"href":"https:\/\/me.yrittajat.fi\/karjalove\/wp-json\/wp\/v2\/pages\/2472\/revisions\/2473"}],"wp:attachment":[{"href":"https:\/\/me.yrittajat.fi\/karjalove\/wp-json\/wp\/v2\/media?parent=2472"}],"curies":[{"name":"wp","href":"https:\/\/api.w.org\/{rel}","templated":true}]}}