{"id":2551,"date":"2023-12-15T15:25:46","date_gmt":"2023-12-15T13:25:46","guid":{"rendered":"https:\/\/me.yrittajat.fi\/karjalove\/?page_id=2551"},"modified":"2023-12-15T15:25:56","modified_gmt":"2023-12-15T13:25:56","slug":"vuoksivet-oy","status":"publish","type":"page","link":"https:\/\/me.yrittajat.fi\/karjalove\/vuoksivet-oy\/","title":{"rendered":"VuoksiVet Oy"},"content":{"rendered":"\n<p><em>El\u00e4inl\u00e4\u00e4k\u00e4ripalvelut pienille ja isoille lemmikkiel\u00e4imille Imatralla<\/em>.<\/p>\n\n\n\n<h4 class=\"wp-block-heading\">Yhteystiedot<\/h4>\n\n\n\n<p><a href=\"https:\/\/www.vuoksivet.fi\/\">Tutustu lis\u00e4\u00e4<\/a><\/p>\n\n\n\n<p><\/p>\n","protected":false},"excerpt":{"rendered":"<p>El\u00e4inl\u00e4\u00e4k\u00e4ripalvelut pienille ja isoille lemmikkiel\u00e4imille Imatralla. Yhteystiedot Tutustu lis\u00e4\u00e4<\/p>\n","protected":false},"author":23,"featured_media":0,"parent":0,"menu_order":0,"comment_status":"closed","ping_status":"closed","template":"","meta":{"_acf_changed":false,"footnotes":""},"class_list":["post-2551","page","type-page","status-publish","hentry"],"acf":[],"_links":{"self":[{"href":"https:\/\/me.yrittajat.fi\/karjalove\/wp-json\/wp\/v2\/pages\/2551","targetHints":{"allow":["GET"]}}],"collection":[{"href":"https:\/\/me.yrittajat.fi\/karjalove\/wp-json\/wp\/v2\/pages"}],"about":[{"href":"https:\/\/me.yrittajat.fi\/karjalove\/wp-json\/wp\/v2\/types\/page"}],"author":[{"embeddable":true,"href":"https:\/\/me.yrittajat.fi\/karjalove\/wp-json\/wp\/v2\/users\/23"}],"replies":[{"embeddable":true,"href":"https:\/\/me.yrittajat.fi\/karjalove\/wp-json\/wp\/v2\/comments?post=2551"}],"version-history":[{"count":2,"href":"https:\/\/me.yrittajat.fi\/karjalove\/wp-json\/wp\/v2\/pages\/2551\/revisions"}],"predecessor-version":[{"id":2553,"href":"https:\/\/me.yrittajat.fi\/karjalove\/wp-json\/wp\/v2\/pages\/2551\/revisions\/2553"}],"wp:attachment":[{"href":"https:\/\/me.yrittajat.fi\/karjalove\/wp-json\/wp\/v2\/media?parent=2551"}],"curies":[{"name":"wp","href":"https:\/\/api.w.org\/{rel}","templated":true}]}}