{"id":2563,"date":"2023-12-15T15:33:31","date_gmt":"2023-12-15T13:33:31","guid":{"rendered":"https:\/\/me.yrittajat.fi\/karjalove\/?page_id=2563"},"modified":"2023-12-15T15:33:31","modified_gmt":"2023-12-15T13:33:31","slug":"taxikko-oy","status":"publish","type":"page","link":"https:\/\/me.yrittajat.fi\/karjalove\/taxikko-oy\/","title":{"rendered":"Taxikko Oy"},"content":{"rendered":"\n<p>TAKSI- JA TILAUSLIIKENNETT\u00c4 RAUTJ\u00c4RVELL\u00c4 JO 20 VUOTTA!<\/p>\n\n\n\n<p>Tarjoamme taksipalvelua Rautj\u00e4rven alueella 24 tuntia vuorokaudessa vuoden jokaisena p\u00e4iv\u00e4n\u00e4. Kalustossamme on nykyaikaisia tilatakseja py\u00f6r\u00e4tuoli- ja paarivarustuksella 1-8 matkustajalle sek\u00e4 maastoauto 1-4 matkustajalle.<\/p>\n\n\n\n<p>My\u00f6s ennaltasovitut tilausmatkat ryhmille ovat mahdollisia. Kysy tarjousta tilausliikenteest\u00e4!<\/p>\n\n\n\n<h4 class=\"wp-block-heading\">Yhteystiedot<\/h4>\n\n\n\n<p><a href=\"https:\/\/taxikko.fi\/\">Tutustu lis\u00e4\u00e4<\/a><\/p>\n\n\n\n<p><\/p>\n","protected":false},"excerpt":{"rendered":"<p>TAKSI- JA TILAUSLIIKENNETT\u00c4 RAUTJ\u00c4RVELL\u00c4 JO 20 VUOTTA! Tarjoamme taksipalvelua Rautj\u00e4rven alueella 24 tuntia vuorokaudessa vuoden jokaisena p\u00e4iv\u00e4n\u00e4. Kalustossamme on nykyaikaisia tilatakseja py\u00f6r\u00e4tuoli- ja paarivarustuksella 1-8 matkustajalle sek\u00e4 maastoauto 1-4 matkustajalle. My\u00f6s ennaltasovitut tilausmatkat ryhmille ovat mahdollisia. Kysy tarjousta tilausliikenteest\u00e4! Yhteystiedot Tutustu lis\u00e4\u00e4<\/p>\n","protected":false},"author":23,"featured_media":0,"parent":0,"menu_order":0,"comment_status":"closed","ping_status":"closed","template":"","meta":{"_acf_changed":false,"footnotes":""},"class_list":["post-2563","page","type-page","status-publish","hentry"],"acf":[],"_links":{"self":[{"href":"https:\/\/me.yrittajat.fi\/karjalove\/wp-json\/wp\/v2\/pages\/2563","targetHints":{"allow":["GET"]}}],"collection":[{"href":"https:\/\/me.yrittajat.fi\/karjalove\/wp-json\/wp\/v2\/pages"}],"about":[{"href":"https:\/\/me.yrittajat.fi\/karjalove\/wp-json\/wp\/v2\/types\/page"}],"author":[{"embeddable":true,"href":"https:\/\/me.yrittajat.fi\/karjalove\/wp-json\/wp\/v2\/users\/23"}],"replies":[{"embeddable":true,"href":"https:\/\/me.yrittajat.fi\/karjalove\/wp-json\/wp\/v2\/comments?post=2563"}],"version-history":[{"count":1,"href":"https:\/\/me.yrittajat.fi\/karjalove\/wp-json\/wp\/v2\/pages\/2563\/revisions"}],"predecessor-version":[{"id":2564,"href":"https:\/\/me.yrittajat.fi\/karjalove\/wp-json\/wp\/v2\/pages\/2563\/revisions\/2564"}],"wp:attachment":[{"href":"https:\/\/me.yrittajat.fi\/karjalove\/wp-json\/wp\/v2\/media?parent=2563"}],"curies":[{"name":"wp","href":"https:\/\/api.w.org\/{rel}","templated":true}]}}