{"id":268,"date":"2023-03-30T13:46:00","date_gmt":"2023-03-30T10:46:00","guid":{"rendered":"https:\/\/me.yrittajat.fi\/karjalove\/?page_id=268"},"modified":"2023-08-18T12:50:35","modified_gmt":"2023-08-18T09:50:35","slug":"itula-oy","status":"publish","type":"page","link":"https:\/\/me.yrittajat.fi\/karjalove\/itula-oy\/","title":{"rendered":"Itula Oy"},"content":{"rendered":"\n<p>Itula Oy on vuonna 1990 Lappeenrantaan perustettu perheyritys, joka myy ja valmistaa LVI-alan j\u00e4rjestelmi\u00e4. Itula tarjoaa energiatehokkaat ja ymp\u00e4rist\u00f6yst\u00e4v\u00e4lliset ratkaisut sek\u00e4 asumisen ett\u00e4 liiketoiminnan l\u00e4mp\u00f6olosuhteisiin. Olemme alamme edell\u00e4k\u00e4vij\u00e4 kehitt\u00e4m\u00e4mme markkinoiden tehokkaimman kattol\u00e4mmitys- ja j\u00e4\u00e4hdytysj\u00e4rjestelm\u00e4n, ItuGrafin, my\u00f6t\u00e4. Toimintamme l\u00e4ht\u00f6kohtana ovat ensiluokkaiset tuotteet ja j\u00e4rjestelm\u00e4t sek\u00e4 vahva asiantuntijuus ja edell\u00e4k\u00e4vijyys, halu tehd\u00e4 paremmin.<\/p>\n\n\n\n<p>Itulan p\u00e4\u00e4konttori ja tuotanto sijaitsevat Ruokolahden Puntalassa. Oman maakunnan kehitt\u00e4minen ja yhteiskuntavastuun kantaminen n\u00e4kyv\u00e4t vahvasti Itulan toiminnassa. Itula uskoo Etel\u00e4-Karjalan tulevaisuuteen ja kulkee eturintamassa alueen kehitt\u00e4misess\u00e4. Itula on mukana muun muassa Etel\u00e4-Karjalassa toimivassa energia- ja ymp\u00e4rist\u00f6alan verkostossa Green Energy Showroomissa, jonka j\u00e4seni\u00e4 yhdist\u00e4v\u00e4t vihre\u00e4t arvot, energiatehokkuus ja pyrkimys kest\u00e4v\u00e4n kehityksen luomiseen. Itula vaikuttaa my\u00f6s paikallisten pk-yritysten kilpailukyky\u00e4 edist\u00e4v\u00e4ss\u00e4 Etel\u00e4-Karjalan Hallituspartnereissa sek\u00e4 tekee yhteisty\u00f6t\u00e4 Lappeenrannan teknillisen yliopiston kanssa. Toimimme lis\u00e4ksi aktiivisesti yritt\u00e4j\u00e4j\u00e4rjest\u00f6iss\u00e4, tarjoamme harjoittelupaikkoja, tuemme paikallista urheiluseuraa ja j\u00e4rjest\u00e4mme koulutusseminaareja. Teemme my\u00f6s vienti\u00e4 ItuGraf -paneeleillemme.<\/p>\n\n\n\n<h3 class=\"wp-block-heading\">Yhteystiedot<\/h3>\n\n\n\n<p>Raudustie 3<br>56510 Puntala (Ruokolahti)<br>puh. 020 7435 500<br>myynti@itula.fi<br><a href=\"http:\/\/www.itula.fi\/\" target=\"_blank\" rel=\"noreferrer noopener\">www.itula.fi<\/a><\/p>\n","protected":false},"excerpt":{"rendered":"<p>Itula Oy on vuonna 1990 Lappeenrantaan perustettu perheyritys, joka myy ja valmistaa LVI-alan j\u00e4rjestelmi\u00e4. Itula tarjoaa energiatehokkaat ja ymp\u00e4rist\u00f6yst\u00e4v\u00e4lliset ratkaisut sek\u00e4 asumisen ett\u00e4 liiketoiminnan l\u00e4mp\u00f6olosuhteisiin. Olemme alamme edell\u00e4k\u00e4vij\u00e4 kehitt\u00e4m\u00e4mme markkinoiden tehokkaimman kattol\u00e4mmitys- ja j\u00e4\u00e4hdytysj\u00e4rjestelm\u00e4n, ItuGrafin, my\u00f6t\u00e4. Toimintamme l\u00e4ht\u00f6kohtana ovat ensiluokkaiset tuotteet ja j\u00e4rjestelm\u00e4t sek\u00e4 vahva asiantuntijuus ja edell\u00e4k\u00e4vijyys, halu tehd\u00e4 paremmin. Itulan p\u00e4\u00e4konttori ja tuotanto &hellip; <a href=\"https:\/\/me.yrittajat.fi\/karjalove\/itula-oy\/\">Lue lis\u00e4\u00e4<\/a><\/p>\n","protected":false},"author":23,"featured_media":0,"parent":0,"menu_order":0,"comment_status":"closed","ping_status":"closed","template":"","meta":{"_acf_changed":false,"footnotes":""},"class_list":["post-268","page","type-page","status-publish","hentry"],"acf":[],"_links":{"self":[{"href":"https:\/\/me.yrittajat.fi\/karjalove\/wp-json\/wp\/v2\/pages\/268","targetHints":{"allow":["GET"]}}],"collection":[{"href":"https:\/\/me.yrittajat.fi\/karjalove\/wp-json\/wp\/v2\/pages"}],"about":[{"href":"https:\/\/me.yrittajat.fi\/karjalove\/wp-json\/wp\/v2\/types\/page"}],"author":[{"embeddable":true,"href":"https:\/\/me.yrittajat.fi\/karjalove\/wp-json\/wp\/v2\/users\/23"}],"replies":[{"embeddable":true,"href":"https:\/\/me.yrittajat.fi\/karjalove\/wp-json\/wp\/v2\/comments?post=268"}],"version-history":[{"count":9,"href":"https:\/\/me.yrittajat.fi\/karjalove\/wp-json\/wp\/v2\/pages\/268\/revisions"}],"predecessor-version":[{"id":2135,"href":"https:\/\/me.yrittajat.fi\/karjalove\/wp-json\/wp\/v2\/pages\/268\/revisions\/2135"}],"wp:attachment":[{"href":"https:\/\/me.yrittajat.fi\/karjalove\/wp-json\/wp\/v2\/media?parent=268"}],"curies":[{"name":"wp","href":"https:\/\/api.w.org\/{rel}","templated":true}]}}