{"id":279,"date":"2023-03-30T14:03:50","date_gmt":"2023-03-30T11:03:50","guid":{"rendered":"https:\/\/me.yrittajat.fi\/karjalove\/?page_id=279"},"modified":"2023-08-18T12:49:02","modified_gmt":"2023-08-18T09:49:02","slug":"kaluste-kaakko","status":"publish","type":"page","link":"https:\/\/me.yrittajat.fi\/karjalove\/kaluste-kaakko\/","title":{"rendered":"Kaluste Kaakko"},"content":{"rendered":"\n<p><strong><br>SE PALVELEVA JA PAIKALLINEN HUONEKALULIIKE<\/strong><\/p>\n\n\n\n<p>Laadukkaat ja edulliset huippumerkit niin suomesta kuin ulkomailtakin l\u00f6yd\u00e4t verkkokaupastamme tai Imatran Mansikkapaikan ja Lappeenrannan Myllykeskuksen suurmyym\u00e4l\u00f6ist\u00e4.<\/p>\n\n\n\n<p>Ammattitaitoiset myyj\u00e4mme auttavat l\u00f6yt\u00e4m\u00e4\u00e4n juuri sinulle sopivan ratkaisun, vaikka mittojen mukaan.<\/p>\n\n\n\n<p>Sovittaessa tuomme tuotteet kotiisi ja asennamme ne halutessasi k\u00e4ytt\u00f6kuntoon, sek\u00e4 viemme vanhat pois.<\/p>\n\n\n\n<p>Lis\u00e4ksi meilt\u00e4 S-Etukortilla jopa 5% bonusta ostoksistasi.<\/p>\n\n\n\n<p><strong>TERVETULOA TUTUSTUMAAN LAAJAAN JA LAADUKKAASEEN MALLISTOOMME!<\/strong><\/p>\n\n\n\n<p><a href=\"http:\/\/www.kalustekaakko.fi\/\" target=\"_blank\" rel=\"noreferrer noopener\">www.kalustekaakko.fi<\/a><\/p>\n\n\n\n<h3 class=\"wp-block-heading has-text-align-left\">Yhteystiedot<\/h3>\n\n\n\n<p class=\"has-text-align-left\"><strong>Lappeenranta<\/strong><br>Kaakkoiskaari 22<br>53500 LAPPEENRANTA<br>PUH. 010 322 5880<br>kaakko.lpr@gmail.com<\/p>\n\n\n\n<p class=\"has-text-align-left\"><strong>Imatra<\/strong><br>Tainionkoskentie 68<br>55120 IMATRA<br>PUH. 010 548 3000<br>kaakko.imatra@gmail.com<\/p>\n","protected":false},"excerpt":{"rendered":"<p>SE PALVELEVA JA PAIKALLINEN HUONEKALULIIKE Laadukkaat ja edulliset huippumerkit niin suomesta kuin ulkomailtakin l\u00f6yd\u00e4t verkkokaupastamme tai Imatran Mansikkapaikan ja Lappeenrannan Myllykeskuksen suurmyym\u00e4l\u00f6ist\u00e4. Ammattitaitoiset myyj\u00e4mme auttavat l\u00f6yt\u00e4m\u00e4\u00e4n juuri sinulle sopivan ratkaisun, vaikka mittojen mukaan. Sovittaessa tuomme tuotteet kotiisi ja asennamme ne halutessasi k\u00e4ytt\u00f6kuntoon, sek\u00e4 viemme vanhat pois. Lis\u00e4ksi meilt\u00e4 S-Etukortilla jopa 5% bonusta ostoksistasi. TERVETULOA TUTUSTUMAAN &hellip; <a href=\"https:\/\/me.yrittajat.fi\/karjalove\/kaluste-kaakko\/\">Lue lis\u00e4\u00e4<\/a><\/p>\n","protected":false},"author":23,"featured_media":0,"parent":0,"menu_order":0,"comment_status":"closed","ping_status":"closed","template":"","meta":{"_acf_changed":false,"footnotes":""},"class_list":["post-279","page","type-page","status-publish","hentry"],"acf":[],"_links":{"self":[{"href":"https:\/\/me.yrittajat.fi\/karjalove\/wp-json\/wp\/v2\/pages\/279","targetHints":{"allow":["GET"]}}],"collection":[{"href":"https:\/\/me.yrittajat.fi\/karjalove\/wp-json\/wp\/v2\/pages"}],"about":[{"href":"https:\/\/me.yrittajat.fi\/karjalove\/wp-json\/wp\/v2\/types\/page"}],"author":[{"embeddable":true,"href":"https:\/\/me.yrittajat.fi\/karjalove\/wp-json\/wp\/v2\/users\/23"}],"replies":[{"embeddable":true,"href":"https:\/\/me.yrittajat.fi\/karjalove\/wp-json\/wp\/v2\/comments?post=279"}],"version-history":[{"count":12,"href":"https:\/\/me.yrittajat.fi\/karjalove\/wp-json\/wp\/v2\/pages\/279\/revisions"}],"predecessor-version":[{"id":2134,"href":"https:\/\/me.yrittajat.fi\/karjalove\/wp-json\/wp\/v2\/pages\/279\/revisions\/2134"}],"wp:attachment":[{"href":"https:\/\/me.yrittajat.fi\/karjalove\/wp-json\/wp\/v2\/media?parent=279"}],"curies":[{"name":"wp","href":"https:\/\/api.w.org\/{rel}","templated":true}]}}