{"id":295,"date":"2023-03-30T14:28:25","date_gmt":"2023-03-30T11:28:25","guid":{"rendered":"https:\/\/me.yrittajat.fi\/karjalove\/?page_id=295"},"modified":"2023-08-18T12:46:07","modified_gmt":"2023-08-18T09:46:07","slug":"karelia-asfaltti-pikipintaa-paikallisesti","status":"publish","type":"page","link":"https:\/\/me.yrittajat.fi\/karjalove\/karelia-asfaltti-pikipintaa-paikallisesti\/","title":{"rendered":"Karelia-asfaltti &#8211; Pikipintaa paikallisesti"},"content":{"rendered":"\n<p>Karelia-asfaltti on ainut paikallinen ja yksityinen asfalttialan perheyritys Etel\u00e4-Karjalassa.<\/p>\n\n\n\n<p>Yrityksen perustaminen oli yritt\u00e4j\u00e4 Esa Kilkkinen pitk\u00e4aikainen haave joka toteutui 2013 ja luonnollisesti Lappeenrantaan omaan kotikaupunkiin.<\/p>\n\n\n\n<p>Teemme t\u00f6it\u00e4 yksityisille, taloyhti\u00f6ille, yrityksille ja l\u00e4hialueen kunnille.<\/p>\n\n\n\n<p>Pystymme hinnoittelemaan ty\u00f6mme kilpailukykyisesti ja toimimaan joustavasti nopeillakin aikatauluilla.<\/p>\n\n\n\n<p>Meill\u00e4 on l\u00e4hes kolmen vuosikymmenen kokemus asfalttit\u00f6ist\u00e4. K\u00e4yt\u00e4mme vain asfalttinormit t\u00e4ytt\u00e4vi\u00e4 materiaaleja ja tarkoituksen mukaisia koneita ja laitteita.<br>Annamme ty\u00f6llemme p\u00e4\u00e4llystyst\u00f6iden yleisten sopimusehtojen mukaan m\u00e4\u00e4ritellyn kahden vuoden takuun. Kuulumme tilaajavastuu.fi-luotettava kumppani ohjelmaan ja meill\u00e4 on RALA-p\u00e4tevyys.<\/p>\n\n\n\n<p>Tulevaisuudessa panostamme entist\u00e4 enemm\u00e4n joustavuuteen, asiakasl\u00e4ht\u00f6isyyteen ja tunnettuuden lis\u00e4\u00e4miseen.<\/p>\n\n\n<div class=\"wp-block-image\">\n<figure class=\"alignright size-full\"><img loading=\"lazy\" decoding=\"async\" width=\"280\" height=\"200\" src=\"https:\/\/me.yrittajat.fi\/karjalove\/app\/uploads\/sites\/65\/2023\/03\/karelia-www.jpg\" alt=\"\" class=\"wp-image-98\" \/><\/figure><\/div>\n\n\n<h3 class=\"wp-block-heading\">Yhteystiedot<\/h3>\n\n\n\n<p>Sammaltie 27<br>53920 Lappeenranta<br>puh. 044 270 0904<br>info@karelia-asfaltti.fi<br><a href=\"http:\/\/www.karelia-asfaltti.fi\/\" target=\"_blank\" rel=\"noreferrer noopener\">www.karelia-asfaltti.fi<\/a><\/p>\n","protected":false},"excerpt":{"rendered":"<p>Karelia-asfaltti on ainut paikallinen ja yksityinen asfalttialan perheyritys Etel\u00e4-Karjalassa. Yrityksen perustaminen oli yritt\u00e4j\u00e4 Esa Kilkkinen pitk\u00e4aikainen haave joka toteutui 2013 ja luonnollisesti Lappeenrantaan omaan kotikaupunkiin. Teemme t\u00f6it\u00e4 yksityisille, taloyhti\u00f6ille, yrityksille ja l\u00e4hialueen kunnille. Pystymme hinnoittelemaan ty\u00f6mme kilpailukykyisesti ja toimimaan joustavasti nopeillakin aikatauluilla. Meill\u00e4 on l\u00e4hes kolmen vuosikymmenen kokemus asfalttit\u00f6ist\u00e4. K\u00e4yt\u00e4mme vain asfalttinormit t\u00e4ytt\u00e4vi\u00e4 materiaaleja ja &hellip; <a href=\"https:\/\/me.yrittajat.fi\/karjalove\/karelia-asfaltti-pikipintaa-paikallisesti\/\">Lue lis\u00e4\u00e4<\/a><\/p>\n","protected":false},"author":23,"featured_media":0,"parent":0,"menu_order":0,"comment_status":"closed","ping_status":"closed","template":"","meta":{"_acf_changed":false,"footnotes":""},"class_list":["post-295","page","type-page","status-publish","hentry"],"acf":[],"_links":{"self":[{"href":"https:\/\/me.yrittajat.fi\/karjalove\/wp-json\/wp\/v2\/pages\/295","targetHints":{"allow":["GET"]}}],"collection":[{"href":"https:\/\/me.yrittajat.fi\/karjalove\/wp-json\/wp\/v2\/pages"}],"about":[{"href":"https:\/\/me.yrittajat.fi\/karjalove\/wp-json\/wp\/v2\/types\/page"}],"author":[{"embeddable":true,"href":"https:\/\/me.yrittajat.fi\/karjalove\/wp-json\/wp\/v2\/users\/23"}],"replies":[{"embeddable":true,"href":"https:\/\/me.yrittajat.fi\/karjalove\/wp-json\/wp\/v2\/comments?post=295"}],"version-history":[{"count":4,"href":"https:\/\/me.yrittajat.fi\/karjalove\/wp-json\/wp\/v2\/pages\/295\/revisions"}],"predecessor-version":[{"id":2133,"href":"https:\/\/me.yrittajat.fi\/karjalove\/wp-json\/wp\/v2\/pages\/295\/revisions\/2133"}],"wp:attachment":[{"href":"https:\/\/me.yrittajat.fi\/karjalove\/wp-json\/wp\/v2\/media?parent=295"}],"curies":[{"name":"wp","href":"https:\/\/api.w.org\/{rel}","templated":true}]}}