{"id":3,"date":"2023-03-16T17:19:40","date_gmt":"2023-03-16T15:19:40","guid":{"rendered":"https:\/\/me.yrittajat.fi\/karjalove\/etusivu\/"},"modified":"2023-11-02T15:12:59","modified_gmt":"2023-11-02T13:12:59","slug":"etusivu","status":"publish","type":"page","link":"https:\/\/me.yrittajat.fi\/karjalove\/","title":{"rendered":"Karjalove"},"content":{"rendered":"\n\t<div id=\"gb-background-block_049e617a74f93ed639195cd49c1c4508\" class=\"gb-background gb-background-block_049e617a74f93ed639195cd49c1c4508 bg-black\">\n\t\t<div class=\"container\">\n\t\t\t<div class=\"gutenberg-content\">\n\t\t\t\t\t\t\t\t\n\n<p> <\/p>\n\n\n\n<h1 class=\"wp-block-heading\">Ole osa Etel\u00e4-Karjalan tarinaa<\/h1>\n\n\n\n<p><strong>Karjalove<\/strong>&nbsp;ker\u00e4\u00e4 etel\u00e4karjalaisia yrityksi\u00e4 verkostoitumaan toistensa kanssa positiivisessa ja kehitt\u00e4v\u00e4ss\u00e4 hengess\u00e4.<\/p>\n\n\n\n<p><strong>Karjalove<\/strong>-tunnuksen saanut yritys on etel\u00e4karjalaisomisteinen, paikallista osaamista hy\u00f6dynt\u00e4v\u00e4, luotettava tekij\u00e4, joka tunnetaan laadukkaista tuotteista ja hyv\u00e4st\u00e4 palvelusta.<\/p>\n\n\n\n<p><strong>Kuluttajalle<\/strong>&nbsp;Karjalove on tae siit\u00e4, ett\u00e4 asioimalla yrityksess\u00e4, he tukevat paikallista osaamista. Merkin voi l\u00f6yt\u00e4\u00e4 ymp\u00e4ri maakuntaa n\u00e4yteikkunoista, kotisivuilta ja k\u00e4yntikorteista.<\/p>\n\n\n\n<p><strong>Somessa<\/strong>\u00a0hashtag #karjalove #osatarinaa ja #rakastettavanpaikallinen on hyv\u00e4\u00e4 yritt\u00e4jyyden p\u00f6hin\u00e4\u00e4, kotiseuturakkautta, uusia oivalluksia, aitoa rempse\u00e4\u00e4 karjalaisuutta.<\/p>\n\n\n\t\t\t<\/div>\n\t\t<\/div>\n\t<\/div>\n\n\n\n<div class=\"wp-block-image\">\n<figure class=\"aligncenter size-large is-resized\"><img loading=\"lazy\" decoding=\"async\" src=\"https:\/\/me.yrittajat.fi\/karjalove\/app\/uploads\/sites\/65\/2023\/08\/dd4cc63f-a27b-4af9-8134-cb3775151049-1024x238.png\" alt=\"\" class=\"wp-image-1734\" width=\"496\" height=\"115\" srcset=\"https:\/\/me.yrittajat.fi\/app\/uploads\/sites\/65\/2023\/08\/dd4cc63f-a27b-4af9-8134-cb3775151049-1024x238.png 1024w, https:\/\/me.yrittajat.fi\/app\/uploads\/sites\/65\/2023\/08\/dd4cc63f-a27b-4af9-8134-cb3775151049-300x70.png 300w, https:\/\/me.yrittajat.fi\/app\/uploads\/sites\/65\/2023\/08\/dd4cc63f-a27b-4af9-8134-cb3775151049-768x178.png 768w, https:\/\/me.yrittajat.fi\/app\/uploads\/sites\/65\/2023\/08\/dd4cc63f-a27b-4af9-8134-cb3775151049.png 1080w\" sizes=\"auto, (max-width: 496px) 100vw, 496px\" \/><\/figure><\/div>\n\n\n<figure class=\"wp-block-gallery has-nested-images columns-default is-cropped wp-block-gallery-1 is-layout-flex wp-block-gallery-is-layout-flex\">\n<figure class=\"wp-block-image size-large\"><img loading=\"lazy\" decoding=\"async\" width=\"917\" height=\"1024\" data-id=\"1762\" src=\"https:\/\/me.yrittajat.fi\/karjalove\/app\/uploads\/sites\/65\/2023\/08\/nayttokuva-2023-8-1-kello-12.46.12-917x1024.png\" alt=\"\" class=\"wp-image-1762\" srcset=\"https:\/\/me.yrittajat.fi\/app\/uploads\/sites\/65\/2023\/08\/nayttokuva-2023-8-1-kello-12.46.12-917x1024.png 917w, https:\/\/me.yrittajat.fi\/app\/uploads\/sites\/65\/2023\/08\/nayttokuva-2023-8-1-kello-12.46.12-269x300.png 269w, https:\/\/me.yrittajat.fi\/app\/uploads\/sites\/65\/2023\/08\/nayttokuva-2023-8-1-kello-12.46.12-768x858.png 768w, https:\/\/me.yrittajat.fi\/app\/uploads\/sites\/65\/2023\/08\/nayttokuva-2023-8-1-kello-12.46.12.png 1365w\" sizes=\"auto, (max-width: 917px) 100vw, 917px\" \/><\/figure>\n\n\n\n<figure class=\"wp-block-image size-large\"><img loading=\"lazy\" decoding=\"async\" width=\"1024\" height=\"1011\" data-id=\"1763\" src=\"https:\/\/me.yrittajat.fi\/karjalove\/app\/uploads\/sites\/65\/2023\/08\/nayttokuva-2023-8-1-kello-10.01.10-1-1024x1011.png\" alt=\"\" class=\"wp-image-1763\" srcset=\"https:\/\/me.yrittajat.fi\/app\/uploads\/sites\/65\/2023\/08\/nayttokuva-2023-8-1-kello-10.01.10-1-1024x1011.png 1024w, https:\/\/me.yrittajat.fi\/app\/uploads\/sites\/65\/2023\/08\/nayttokuva-2023-8-1-kello-10.01.10-1-300x296.png 300w, https:\/\/me.yrittajat.fi\/app\/uploads\/sites\/65\/2023\/08\/nayttokuva-2023-8-1-kello-10.01.10-1-768x758.png 768w, https:\/\/me.yrittajat.fi\/app\/uploads\/sites\/65\/2023\/08\/nayttokuva-2023-8-1-kello-10.01.10-1.png 1532w\" sizes=\"auto, (max-width: 1024px) 100vw, 1024px\" \/><\/figure>\n\n\n\n<figure class=\"wp-block-image size-large\"><img loading=\"lazy\" decoding=\"async\" width=\"1015\" height=\"1024\" data-id=\"1766\" src=\"https:\/\/me.yrittajat.fi\/karjalove\/app\/uploads\/sites\/65\/2023\/08\/nayttokuva-2023-8-1-kello-12.50.15-1-1015x1024.png\" alt=\"\" class=\"wp-image-1766\" srcset=\"https:\/\/me.yrittajat.fi\/app\/uploads\/sites\/65\/2023\/08\/nayttokuva-2023-8-1-kello-12.50.15-1-1015x1024.png 1015w, https:\/\/me.yrittajat.fi\/app\/uploads\/sites\/65\/2023\/08\/nayttokuva-2023-8-1-kello-12.50.15-1-297x300.png 297w, https:\/\/me.yrittajat.fi\/app\/uploads\/sites\/65\/2023\/08\/nayttokuva-2023-8-1-kello-12.50.15-1-150x150.png 150w, https:\/\/me.yrittajat.fi\/app\/uploads\/sites\/65\/2023\/08\/nayttokuva-2023-8-1-kello-12.50.15-1-768x775.png 768w, https:\/\/me.yrittajat.fi\/app\/uploads\/sites\/65\/2023\/08\/nayttokuva-2023-8-1-kello-12.50.15-1.png 1519w\" sizes=\"auto, (max-width: 1015px) 100vw, 1015px\" \/><\/figure>\n<\/figure>\n\n\n\n\t<section id=\"gb-several-lifts-block_707185076045389c63515dec125501ec\"\n\t         class=\"gb-several-lifts gb-several-lifts-block_707185076045389c63515dec125501ec\">\n\t\t<div class=\"gb-several-lifts__row\">\n\n\t\t\t\t\t\t\t<div class=\"gb-several-lifts__item\">\n\t\t\t\t\t\n<div class=\"b-lift-item\">\n\t<div class=\"b-lift-item__inner\">\n\t\t\n\t\t\n<div class=\"b-metas-title-content\">\n\t\n\t\t\t<h3 class=\"b-metas-title-content__title b-metas-title-content__title--size-m\">\n\t\t\t\t\t\t\tKarjalove-yrityksen kriteerit\t\t\t\t\t\t<\/h3>\n\t\n\t\n\t\t\t<div class=\"b-metas-title-content__content readmore-container\">\n\t\t\t\t\t\t\t\t<p>\n\t\t\t\t\t\t<span class=\"b-metas-title-content__content-first\">-V\u00e4hint\u00e4\u00e4n 50 % yrityksest\u00e4 paikallisessa omistuksessa (omistajat asuvat Etel\u00e4-Karjalassa)<br \/>\r<\/span>\n\t\t\t\t\t\t<span class=\"b-metas-title-content__content-last\">\n-P\u00e4\u00e4toimipaikkana kunta Etel\u00e4-Karjalassa<br \/>\r\n-Merkitty ennakonperint\u00e4- ja kaupparekisteriin<br \/>\r\n-Hoitanut kaikki viranomaisvelvoitteet<br \/>\r\n-Liikevaihtoa v\u00e4hint\u00e4\u00e4n yhdelt\u00e4 tilikaudelta<\/span>\n\t\t\t\t\t<\/p>\n\n\t\t\t\t\t\n\t\t\t\t\t<div class=\"b-metas-title-content__content-readmore\">\n\t\t\t\t\t\t<button class=\"b-readmore-button\" aria-expanded=\"false\">\n\t<span class=\"screen-reader-text\">Lue lis\u00e4\u00e4<\/span>\n<\/button>\n\t\t\t\t\t<\/div>\n\t\t\t\t\t\t<\/div>\n\t<\/div>\n\t<\/div>\n<\/div>\n\t\t\t\t<\/div>\n\t\t\t\t\t\t\t<div class=\"gb-several-lifts__item\">\n\t\t\t\t\t\n<div class=\"b-lift-item\">\n\t<div class=\"b-lift-item__inner\">\n\t\t\n\t\t\n<div class=\"b-metas-title-content\">\n\t\n\t\t\t<h3 class=\"b-metas-title-content__title b-metas-title-content__title--size-m\">\n\t\t\t\t\t\t\tKarjalove-sertifikaatin my\u00f6nt\u00e4minen\t\t\t\t\t\t<\/h3>\n\t\n\t\n\t\t\t<div class=\"b-metas-title-content__content readmore-container\">\n\t\t\t\t\t\t\t\t<p>\n\t\t\t\t\t\t<span class=\"b-metas-title-content__content-first\">-Karjalove-merkkitoimikunta kokoontuu kahden viikon v\u00e4lein k\u00e4sittelem\u00e4\u00e4n hakemukset<br \/>\r<\/span>\n\t\t\t\t\t\t<span class=\"b-metas-title-content__content-last\">\n-Sertifikoidut yritt\u00e4j\u00e4t saavat heti k\u00e4ytt\u00f6\u00f6ns\u00e4 materiaalit<br \/>\r\n-Vuosimaksu on 250 \u20ac \u2013 yritt\u00e4j\u00e4yhdistyksen j\u00e4senille 150 \u20ac. Hinnat koskevat mikro- ja pienyrityksi\u00e4. Keskisuurien ja suuryritysten kanssa neuvottelemme sopimukset erikseen.<br \/>\r\n-Sertifiointimaksua ei ole<br \/>\r\n<br \/>\r\nMik\u00e4li yritys j\u00e4tt\u00e4\u00e4 vuotuisen maksunsa suorittamatta tai poikkeaa kriteereist\u00e4 muutoin, voi merkkitoimikunta erottaa yrityksen Karjalove-verkostosta.<\/span>\n\t\t\t\t\t<\/p>\n\n\t\t\t\t\t\n\t\t\t\t\t<div class=\"b-metas-title-content__content-readmore\">\n\t\t\t\t\t\t<button class=\"b-readmore-button\" aria-expanded=\"false\">\n\t<span class=\"screen-reader-text\">Lue lis\u00e4\u00e4<\/span>\n<\/button>\n\t\t\t\t\t<\/div>\n\t\t\t\t\t\t<\/div>\n\t<\/div>\n\t<\/div>\n<\/div>\n\t\t\t\t<\/div>\n\t\t\t\t\t\t\t<div class=\"gb-several-lifts__item\">\n\t\t\t\t\t\n<div class=\"b-lift-item\">\n\t<div class=\"b-lift-item__inner\">\n\t\t\n\t\t\n<div class=\"b-metas-title-content\">\n\t\n\t\t\t<h3 class=\"b-metas-title-content__title b-metas-title-content__title--size-m\">\n\t\t\t\t\t\t\tKarjalove-verkostoon liittyv\u00e4 yritys saa k\u00e4ytt\u00f6\u00f6ns\u00e4\t\t\t\t\t\t<\/h3>\n\t\n\t\n\t\t\t<div class=\"b-metas-title-content__content readmore-container\">\n\t\t\t\t\t\t\t<p>-Karjalove-materiaalit (logo, teippausmateriaalit, t-paita ja vaihtuvat kampanjamateriaalit)<br \/>\r\n-N\u00e4kyvyyden verkkosivuilla, sosiaalisessa mediassa, sanomalehdiss\u00e4 ja tapahtumissa<br \/>\r\n-Yritt\u00e4j\u00e4yhteis\u00f6n tuen<\/p>\n\n\t\t\t\t\t\t<\/div>\n\t<\/div>\n\t<\/div>\n<\/div>\n\t\t\t\t<\/div>\n\t\t\t\n\t\t<\/div>\n\t<\/section>\n\n\n\n\n<figure class=\"wp-block-image size-full\"><a href=\"https:\/\/www.op.fi\/yritykset\/asiakkuus\/yrittajan-talousvalmennus\" target=\"_blank\" rel=\"noreferrer noopener\"><img loading=\"lazy\" decoding=\"async\" width=\"1024\" height=\"500\" src=\"https:\/\/me.yrittajat.fi\/karjalove\/app\/uploads\/sites\/65\/2023\/09\/karjalove-nettisivulla-banneri-1024-x-500-9_2023.jpg\" alt=\"\" class=\"wp-image-2194\" srcset=\"https:\/\/me.yrittajat.fi\/app\/uploads\/sites\/65\/2023\/09\/karjalove-nettisivulla-banneri-1024-x-500-9_2023.jpg 1024w, https:\/\/me.yrittajat.fi\/app\/uploads\/sites\/65\/2023\/09\/karjalove-nettisivulla-banneri-1024-x-500-9_2023-300x146.jpg 300w, https:\/\/me.yrittajat.fi\/app\/uploads\/sites\/65\/2023\/09\/karjalove-nettisivulla-banneri-1024-x-500-9_2023-768x375.jpg 768w\" sizes=\"auto, (max-width: 1024px) 100vw, 1024px\" \/><\/a><\/figure>\n\n\n\n<h2 class=\"wp-block-heading has-text-align-center\"><\/h2>\n\n\n\n<h3 class=\"wp-block-heading has-text-align-center\"><\/h3>\n\n\n\n\t<div id=\"gb-background-block_049e617a74f93ed639195cd49c1c4508\" class=\"gb-background gb-background-block_049e617a74f93ed639195cd49c1c4508 bg-black\">\n\t\t<div class=\"container\">\n\t\t\t<div class=\"gutenberg-content\">\n\t\t\t\t\t\t\t\t\n\n<h3 class=\"wp-block-heading\">Tule mukaan Karjaloveen!<\/h3>\n\n\n\n<p>Karjalove-tunnuksella ilmaiset etel\u00e4karjalaisuutesi ja erottaudut katukuvassa eduksesi.<\/p>\n\n\n\n<p>Karjalove-j\u00e4senen\u00e4 p\u00e4\u00e4set verkostoitumaan alueen muiden yritt\u00e4jien kanssa.<\/p>\n\n\n\n<p>#karjalove #ekyhdess\u00e4 #uusinajattelijat #osatarinaa #rakastettavanpaikallinen<\/p>\n\n\n\t<div id=\"gb-button-block_a819268c782b789477cf6845cdc4cfec\" class=\"gb-button gb-button-block_a819268c782b789477cf6845cdc4cfec\">\n\t\t\t\t\t\t<a class=\"b-button b-button--color- b-button--style-\"\n\t   href=\"https:\/\/me.yrittajat.fi\/karjalove\/liity\/\"\n\t   target=\"_self\">\n\n\t\t<span class=\"b-button__title\">\n\t\t\tLiity nyt!\t\t<\/span>\n\n\t\t\t\t\t<span class=\"b-button__icon\">\n\t\t\t\t<svg xmlns=\"http:\/\/www.w3.org\/2000\/svg\" viewBox=\"0 0 9 14\"><path d=\"M2.001 13.664a1.333 1.333 0 01-.954-2.272l.007-.008 4.414-4.386-4.24-4.414A1.333 1.333 0 113.12.704l5.147 5.334a1.333 1.333 0 010 1.866l-5.334 5.334a1.333 1.333 0 01-.933.426z\"\/><\/svg>\t\t\t<\/span>\n\t\t\t<\/a>\n\t\t\t<\/div>\n\n\n\t\t\t<\/div>\n\t\t<\/div>\n\t<\/div>\n\n\n\n<div class=\"wp-block-image\">\n<figure class=\"aligncenter size-large is-resized\"><img loading=\"lazy\" decoding=\"async\" src=\"https:\/\/me.yrittajat.fi\/karjalove\/app\/uploads\/sites\/65\/2023\/08\/dd4cc63f-a27b-4af9-8134-cb3775151049-1024x238.png\" alt=\"\" class=\"wp-image-1734\" width=\"487\" height=\"113\" srcset=\"https:\/\/me.yrittajat.fi\/app\/uploads\/sites\/65\/2023\/08\/dd4cc63f-a27b-4af9-8134-cb3775151049-1024x238.png 1024w, https:\/\/me.yrittajat.fi\/app\/uploads\/sites\/65\/2023\/08\/dd4cc63f-a27b-4af9-8134-cb3775151049-300x70.png 300w, https:\/\/me.yrittajat.fi\/app\/uploads\/sites\/65\/2023\/08\/dd4cc63f-a27b-4af9-8134-cb3775151049-768x178.png 768w, https:\/\/me.yrittajat.fi\/app\/uploads\/sites\/65\/2023\/08\/dd4cc63f-a27b-4af9-8134-cb3775151049.png 1080w\" sizes=\"auto, (max-width: 487px) 100vw, 487px\" \/><\/figure><\/div>\n\n\n<figure class=\"wp-block-gallery has-nested-images columns-default is-cropped wp-block-gallery-2 is-layout-flex wp-block-gallery-is-layout-flex\">\n<figure class=\"wp-block-image size-large\"><img loading=\"lazy\" decoding=\"async\" width=\"1013\" height=\"1024\" data-id=\"1735\" src=\"https:\/\/me.yrittajat.fi\/karjalove\/app\/uploads\/sites\/65\/2023\/08\/nayttokuva-2023-8-1-kello-9.56.27-1013x1024.png\" alt=\"\" class=\"wp-image-1735\" srcset=\"https:\/\/me.yrittajat.fi\/app\/uploads\/sites\/65\/2023\/08\/nayttokuva-2023-8-1-kello-9.56.27-1013x1024.png 1013w, https:\/\/me.yrittajat.fi\/app\/uploads\/sites\/65\/2023\/08\/nayttokuva-2023-8-1-kello-9.56.27-297x300.png 297w, https:\/\/me.yrittajat.fi\/app\/uploads\/sites\/65\/2023\/08\/nayttokuva-2023-8-1-kello-9.56.27-768x777.png 768w, https:\/\/me.yrittajat.fi\/app\/uploads\/sites\/65\/2023\/08\/nayttokuva-2023-8-1-kello-9.56.27-1519x1536.png 1519w, https:\/\/me.yrittajat.fi\/app\/uploads\/sites\/65\/2023\/08\/nayttokuva-2023-8-1-kello-9.56.27.png 1532w\" sizes=\"auto, (max-width: 1013px) 100vw, 1013px\" \/><\/figure>\n\n\n\n<figure class=\"wp-block-image size-large\"><img loading=\"lazy\" decoding=\"async\" width=\"1024\" height=\"1024\" data-id=\"1733\" src=\"https:\/\/me.yrittajat.fi\/karjalove\/app\/uploads\/sites\/65\/2023\/08\/karjalove-rakastettavan-paikallinen-4-1024x1024.png\" alt=\"\" class=\"wp-image-1733\" srcset=\"https:\/\/me.yrittajat.fi\/app\/uploads\/sites\/65\/2023\/08\/karjalove-rakastettavan-paikallinen-4-1024x1024.png 1024w, https:\/\/me.yrittajat.fi\/app\/uploads\/sites\/65\/2023\/08\/karjalove-rakastettavan-paikallinen-4-300x300.png 300w, https:\/\/me.yrittajat.fi\/app\/uploads\/sites\/65\/2023\/08\/karjalove-rakastettavan-paikallinen-4-150x150.png 150w, https:\/\/me.yrittajat.fi\/app\/uploads\/sites\/65\/2023\/08\/karjalove-rakastettavan-paikallinen-4-768x768.png 768w, https:\/\/me.yrittajat.fi\/app\/uploads\/sites\/65\/2023\/08\/karjalove-rakastettavan-paikallinen-4.png 1080w\" sizes=\"auto, (max-width: 1024px) 100vw, 1024px\" \/><\/figure>\n\n\n\n<figure class=\"wp-block-image size-large\"><img loading=\"lazy\" decoding=\"async\" width=\"1021\" height=\"1024\" data-id=\"1737\" src=\"https:\/\/me.yrittajat.fi\/karjalove\/app\/uploads\/sites\/65\/2023\/08\/nayttokuva-2023-8-1-kello-9.57.09-1021x1024.png\" alt=\"\" class=\"wp-image-1737\" srcset=\"https:\/\/me.yrittajat.fi\/app\/uploads\/sites\/65\/2023\/08\/nayttokuva-2023-8-1-kello-9.57.09-1021x1024.png 1021w, https:\/\/me.yrittajat.fi\/app\/uploads\/sites\/65\/2023\/08\/nayttokuva-2023-8-1-kello-9.57.09-300x300.png 300w, https:\/\/me.yrittajat.fi\/app\/uploads\/sites\/65\/2023\/08\/nayttokuva-2023-8-1-kello-9.57.09-150x150.png 150w, https:\/\/me.yrittajat.fi\/app\/uploads\/sites\/65\/2023\/08\/nayttokuva-2023-8-1-kello-9.57.09-768x771.png 768w, https:\/\/me.yrittajat.fi\/app\/uploads\/sites\/65\/2023\/08\/nayttokuva-2023-8-1-kello-9.57.09.png 1524w\" sizes=\"auto, (max-width: 1021px) 100vw, 1021px\" \/><\/figure>\n<\/figure>\n\n\n\n<div class=\"wp-block-columns is-layout-flex wp-container-core-columns-is-layout-2 wp-block-columns-is-layout-flex\">\n<div class=\"wp-block-column is-layout-flow wp-block-column-is-layout-flow\" style=\"flex-basis:100%\">\n<div class=\"wp-block-columns is-layout-flex wp-container-core-columns-is-layout-1 wp-block-columns-is-layout-flex\">\n<div class=\"wp-block-column is-layout-flow wp-block-column-is-layout-flow\" style=\"flex-basis:100%\">\n\t<div id=\"gb-background-block_89379285d24e4fe1e885a3047fa7e479\" class=\"gb-background gb-background-block_89379285d24e4fe1e885a3047fa7e479 bg-white\">\n\t\t<div class=\"container\">\n\t\t\t<div class=\"gutenberg-content\">\n\t\t\t\t\t\t\t\t\n\n<blockquote class=\"wp-block-quote is-layout-flow wp-block-quote-is-layout-flow\">\n<h2 class=\"wp-block-heading has-text-align-center\">Seuraa Karjalovea somessa ja ole #osatarinaa<\/h2>\n<\/blockquote>\n\n\n\n<figure class=\"wp-block-gallery has-nested-images columns-default is-cropped wp-block-gallery-3 is-layout-flex wp-block-gallery-is-layout-flex\">\n<figure class=\"wp-block-image size-large is-style-rounded\"><img loading=\"lazy\" decoding=\"async\" width=\"576\" height=\"1024\" src=\"https:\/\/me.yrittajat.fi\/karjalove\/app\/uploads\/sites\/65\/2023\/08\/karjalove-sosiaalinen-media-576x1024.png\" alt=\"\" class=\"wp-image-1927\" srcset=\"https:\/\/me.yrittajat.fi\/app\/uploads\/sites\/65\/2023\/08\/karjalove-sosiaalinen-media-576x1024.png 576w, https:\/\/me.yrittajat.fi\/app\/uploads\/sites\/65\/2023\/08\/karjalove-sosiaalinen-media-169x300.png 169w, https:\/\/me.yrittajat.fi\/app\/uploads\/sites\/65\/2023\/08\/karjalove-sosiaalinen-media-768x1365.png 768w, https:\/\/me.yrittajat.fi\/app\/uploads\/sites\/65\/2023\/08\/karjalove-sosiaalinen-media-864x1536.png 864w, https:\/\/me.yrittajat.fi\/app\/uploads\/sites\/65\/2023\/08\/karjalove-sosiaalinen-media.png 1080w\" sizes=\"auto, (max-width: 576px) 100vw, 576px\" \/><\/figure>\n\n\n\n<figure class=\"wp-block-image size-large is-style-default\"><img loading=\"lazy\" decoding=\"async\" width=\"567\" height=\"805\" src=\"https:\/\/me.yrittajat.fi\/karjalove\/app\/uploads\/sites\/65\/2023\/08\/karjalove-lehtikuva.jpg-.jpg\" alt=\"\" class=\"wp-image-1941\" srcset=\"https:\/\/me.yrittajat.fi\/app\/uploads\/sites\/65\/2023\/08\/karjalove-lehtikuva.jpg-.jpg 567w, https:\/\/me.yrittajat.fi\/app\/uploads\/sites\/65\/2023\/08\/karjalove-lehtikuva.jpg--211x300.jpg 211w\" sizes=\"auto, (max-width: 567px) 100vw, 567px\" \/><\/figure>\n<\/figure>\n\n\n\n\n\t\t\t<\/div>\n\t\t<\/div>\n\t<\/div>\n\n<\/div>\n<\/div>\n<\/div>\n<\/div>\n\n\n\t<section id=\"gb-bg-image-and-text-block_e830548f9769adc69b4c5d8335ebcb47\" class=\"gb-bg-image-and-text gb-bg-image-and-text-block_e830548f9769adc69b4c5d8335ebcb47\">\n\t\t\t\t\t\t\t\t<div class=\"gb-bg-image-and-text__block-content\">\n\t\t\t\t<div class=\"gb-bg-image-and-text__image\"\n\t\t\t\t     style=\"background: url(https:\/\/me.yrittajat.fi\/app\/uploads\/sites\/65\/2023\/08\/karjalove-rakastettavan-paikallinen-4-434x432.png) no-repeat center center; background-size: cover;\">\n\t\t\t\t\t<div class=\"gb-bg-image-and-text__content center text-color-white\">\n\t\t\t\t\t\t\n<div class=\"b-content-lift\">\n\t\t\t<h3 class=\"b-content-lift__title\">\n\t\t\tMukana Karjalovessa\t\t<\/h3>\n\t\t<\/div>\n\t\t\t\t\t\t\t\t\t\t\t\t\t<div class=\"gb-bg-image-and-text__buttons\">\n\t\t\t\t\t\t\t\t\t<a class=\"b-button b-button--color-white b-button--style-\"\n\t   href=\"https:\/\/me.yrittajat.fi\/karjalove\/etusivu\/yritykset\/\"\n\t   target=\"\">\n\n\t\t<span class=\"b-button__title\">\n\t\t\tYritykset\t\t<\/span>\n\n\t\t\t\t\t<span class=\"b-button__icon\">\n\t\t\t\t<svg xmlns=\"http:\/\/www.w3.org\/2000\/svg\" viewBox=\"0 0 9 14\"><path d=\"M2.001 13.664a1.333 1.333 0 01-.954-2.272l.007-.008 4.414-4.386-4.24-4.414A1.333 1.333 0 113.12.704l5.147 5.334a1.333 1.333 0 010 1.866l-5.334 5.334a1.333 1.333 0 01-.933.426z\"\/><\/svg>\t\t\t<\/span>\n\t\t\t<\/a>\n\t\t\t\t\t\t\t<\/div>\n\t\t\t\t\t\t\t\t\t\t\t<\/div>\n\t\t\t\t\t\t\t\t\t\t\t<div class=\"gb-bg-image-and-text__color\"><\/div>\n\t\t\t\t\t\t\t\t\t<\/div>\n\t\t\t<\/div>\n\t\t\t<\/section>\n<!-- You can also use SakkeLib\\Helpers\\get_template_part inside a gutenberg acf block template -->\n\n\n\n<figure class=\"wp-block-gallery has-nested-images columns-default is-cropped wp-block-gallery-4 is-layout-flex wp-block-gallery-is-layout-flex\">\n<figure class=\"wp-block-image size-large\"><img loading=\"lazy\" decoding=\"async\" width=\"1024\" height=\"272\" data-id=\"2012\" src=\"https:\/\/me.yrittajat.fi\/karjalove\/app\/uploads\/sites\/65\/2023\/08\/karjalove-yrityksia-1024x272.png\" alt=\"\" class=\"wp-image-2012\" srcset=\"https:\/\/me.yrittajat.fi\/app\/uploads\/sites\/65\/2023\/08\/karjalove-yrityksia-1024x272.png 1024w, https:\/\/me.yrittajat.fi\/app\/uploads\/sites\/65\/2023\/08\/karjalove-yrityksia-300x80.png 300w, https:\/\/me.yrittajat.fi\/app\/uploads\/sites\/65\/2023\/08\/karjalove-yrityksia-768x204.png 768w, https:\/\/me.yrittajat.fi\/app\/uploads\/sites\/65\/2023\/08\/karjalove-yrityksia-1536x408.png 1536w, https:\/\/me.yrittajat.fi\/app\/uploads\/sites\/65\/2023\/08\/karjalove-yrityksia-2048x543.png 2048w\" sizes=\"auto, (max-width: 1024px) 100vw, 1024px\" \/><\/figure>\n\n\n\n<figure class=\"wp-block-image size-large\"><img loading=\"lazy\" decoding=\"async\" width=\"1024\" height=\"272\" data-id=\"2013\" src=\"https:\/\/me.yrittajat.fi\/karjalove\/app\/uploads\/sites\/65\/2023\/08\/karjalove-yrityksia-2-1024x272.png\" alt=\"\" class=\"wp-image-2013\" srcset=\"https:\/\/me.yrittajat.fi\/app\/uploads\/sites\/65\/2023\/08\/karjalove-yrityksia-2-1024x272.png 1024w, https:\/\/me.yrittajat.fi\/app\/uploads\/sites\/65\/2023\/08\/karjalove-yrityksia-2-300x80.png 300w, https:\/\/me.yrittajat.fi\/app\/uploads\/sites\/65\/2023\/08\/karjalove-yrityksia-2-768x204.png 768w, https:\/\/me.yrittajat.fi\/app\/uploads\/sites\/65\/2023\/08\/karjalove-yrityksia-2-1536x408.png 1536w, https:\/\/me.yrittajat.fi\/app\/uploads\/sites\/65\/2023\/08\/karjalove-yrityksia-2-2048x543.png 2048w\" sizes=\"auto, (max-width: 1024px) 100vw, 1024px\" \/><\/figure>\n<\/figure>\n","protected":false},"excerpt":{"rendered":"","protected":false},"author":23,"featured_media":2152,"parent":0,"menu_order":0,"comment_status":"closed","ping_status":"closed","template":"","meta":{"_acf_changed":false,"footnotes":""},"class_list":["post-3","page","type-page","status-publish","has-post-thumbnail","hentry"],"acf":[],"_links":{"self":[{"href":"https:\/\/me.yrittajat.fi\/karjalove\/wp-json\/wp\/v2\/pages\/3","targetHints":{"allow":["GET"]}}],"collection":[{"href":"https:\/\/me.yrittajat.fi\/karjalove\/wp-json\/wp\/v2\/pages"}],"about":[{"href":"https:\/\/me.yrittajat.fi\/karjalove\/wp-json\/wp\/v2\/types\/page"}],"author":[{"embeddable":true,"href":"https:\/\/me.yrittajat.fi\/karjalove\/wp-json\/wp\/v2\/users\/23"}],"replies":[{"embeddable":true,"href":"https:\/\/me.yrittajat.fi\/karjalove\/wp-json\/wp\/v2\/comments?post=3"}],"version-history":[{"count":103,"href":"https:\/\/me.yrittajat.fi\/karjalove\/wp-json\/wp\/v2\/pages\/3\/revisions"}],"predecessor-version":[{"id":2215,"href":"https:\/\/me.yrittajat.fi\/karjalove\/wp-json\/wp\/v2\/pages\/3\/revisions\/2215"}],"wp:featuredmedia":[{"embeddable":true,"href":"https:\/\/me.yrittajat.fi\/karjalove\/wp-json\/wp\/v2\/media\/2152"}],"wp:attachment":[{"href":"https:\/\/me.yrittajat.fi\/karjalove\/wp-json\/wp\/v2\/media?parent=3"}],"curies":[{"name":"wp","href":"https:\/\/api.w.org\/{rel}","templated":true}]}}