{"id":308,"date":"2023-03-30T14:56:49","date_gmt":"2023-03-30T11:56:49","guid":{"rendered":"https:\/\/me.yrittajat.fi\/karjalove\/?page_id=308"},"modified":"2023-08-18T11:59:52","modified_gmt":"2023-08-18T08:59:52","slug":"kassa-ja-laskukonetarvike","status":"publish","type":"page","link":"https:\/\/me.yrittajat.fi\/karjalove\/kassa-ja-laskukonetarvike\/","title":{"rendered":"Kassa- ja laskukonetarvike"},"content":{"rendered":"\n<p>Kassa- ja laskukonetarvike on toiminut Lappeenrannassa vuodesta 1986 l\u00e4htien. Toimintamme on kehittynyt mekaanisista kassakoneista mittaviin j\u00e4rjestelm\u00e4toimituksiin.<\/p>\n\n\n\n<p>Erikoisosaamistamme ovat Jeemly ja Flowvy-kassaj\u00e4rjestelm\u00e4t \u2013 kokoonpanojen asiakaskohtainen suunnittelu, kassaj\u00e4rjestelmien asennus ja ohjelmistojen yll\u00e4pito. Yhteisty\u00f6 SKJ Systems Ltd:n kanssa on jatkunut vuodesta 1989.<\/p>\n\n\n\n<h3 class=\"wp-block-heading\">Yhteystiedot<\/h3>\n\n\n\n<p>Imatrantie 24<br>53100 Lappeenranta<br>puh. (05) 415 2680<br>myynti@lprkassa.fi<br><a href=\"http:\/\/www.lprkassa.fi\/\" target=\"_blank\" rel=\"noreferrer noopener\">www.lprkassa.fi<\/a><\/p>\n","protected":false},"excerpt":{"rendered":"<p>Kassa- ja laskukonetarvike on toiminut Lappeenrannassa vuodesta 1986 l\u00e4htien. Toimintamme on kehittynyt mekaanisista kassakoneista mittaviin j\u00e4rjestelm\u00e4toimituksiin. Erikoisosaamistamme ovat Jeemly ja Flowvy-kassaj\u00e4rjestelm\u00e4t \u2013 kokoonpanojen asiakaskohtainen suunnittelu, kassaj\u00e4rjestelmien asennus ja ohjelmistojen yll\u00e4pito. Yhteisty\u00f6 SKJ Systems Ltd:n kanssa on jatkunut vuodesta 1989. Yhteystiedot Imatrantie 2453100 Lappeenrantapuh. (05) 415 2680myynti@lprkassa.fiwww.lprkassa.fi<\/p>\n","protected":false},"author":23,"featured_media":0,"parent":0,"menu_order":0,"comment_status":"closed","ping_status":"closed","template":"","meta":{"_acf_changed":false,"footnotes":""},"class_list":["post-308","page","type-page","status-publish","hentry"],"acf":[],"_links":{"self":[{"href":"https:\/\/me.yrittajat.fi\/karjalove\/wp-json\/wp\/v2\/pages\/308","targetHints":{"allow":["GET"]}}],"collection":[{"href":"https:\/\/me.yrittajat.fi\/karjalove\/wp-json\/wp\/v2\/pages"}],"about":[{"href":"https:\/\/me.yrittajat.fi\/karjalove\/wp-json\/wp\/v2\/types\/page"}],"author":[{"embeddable":true,"href":"https:\/\/me.yrittajat.fi\/karjalove\/wp-json\/wp\/v2\/users\/23"}],"replies":[{"embeddable":true,"href":"https:\/\/me.yrittajat.fi\/karjalove\/wp-json\/wp\/v2\/comments?post=308"}],"version-history":[{"count":2,"href":"https:\/\/me.yrittajat.fi\/karjalove\/wp-json\/wp\/v2\/pages\/308\/revisions"}],"predecessor-version":[{"id":2121,"href":"https:\/\/me.yrittajat.fi\/karjalove\/wp-json\/wp\/v2\/pages\/308\/revisions\/2121"}],"wp:attachment":[{"href":"https:\/\/me.yrittajat.fi\/karjalove\/wp-json\/wp\/v2\/media?parent=308"}],"curies":[{"name":"wp","href":"https:\/\/api.w.org\/{rel}","templated":true}]}}