{"id":328,"date":"2023-04-02T14:31:19","date_gmt":"2023-04-02T11:31:19","guid":{"rendered":"https:\/\/me.yrittajat.fi\/karjalove\/?page_id=328"},"modified":"2023-08-18T10:51:05","modified_gmt":"2023-08-18T07:51:05","slug":"konekuutio-oy","status":"publish","type":"page","link":"https:\/\/me.yrittajat.fi\/karjalove\/konekuutio-oy\/","title":{"rendered":"Konekuutio Oy"},"content":{"rendered":"\n<p>Reilumpaa konevuokrausta!<\/p>\n\n\n\n<p>Konekuutio Oy on etel\u00e4karjalainen konevuokraamo, jonka toimipisteet sijaitsevat Imatralla ja Lappeenrannassa.<br>Yksityisen\u00e4 konevuokraamona pystymme palvelemaan asiakkaitamme joustavasti ja monipuolisesti tarjoamalla k\u00e4ytt\u00f6\u00f6nne aina laadukkaat ja hyvin huolletut ammattiluokan koneet ja laitteet viel\u00e4p\u00e4 edulliseen hintaan!<\/p>\n\n\n\n<p>Meill\u00e4 et esimerkiksi maksa kalliimpaa perusvuokraa ensimm\u00e4isest\u00e4 vuokrap\u00e4iv\u00e4st\u00e4!<\/p>\n\n\n\n<p>Uusittujen internetsivujemme kautta voit tehd\u00e4 suoraan tarjouspyynn\u00f6n, kysy\u00e4 tuotteista tai tehd\u00e4 varauksia. Mik\u00e4li suunnittelet remonttia tai rakennusprojektia, voit avata vuokraustilin ja saat parhaat edut ja alennukset k\u00e4ytt\u00f6\u00f6si.<\/p>\n\n\n\n<p>Kaiken toimintamme l\u00e4ht\u00f6kohtana on joustava ja asiakasl\u00e4ht\u00f6inen palvelu.<\/p>\n\n\n\n<h3 class=\"wp-block-heading\">Yhteystiedot<\/h3>\n\n\n\n<p><strong>Lappeenranta<\/strong><br>Lentokent\u00e4ntie 43<br>53600 LAPPEENRANTA<br>puh. 010 271 8030<\/p>\n\n\n\n<p><strong>Imatra<\/strong><br>Retikankuja 6<br>55800 IMATRA<br>puh. 010 271 8040<br>puh. 010 271 8030<\/p>\n\n\n\n<p>asiakaspalvelu@konekuutio.fi<br><a href=\"http:\/\/www.konekuutio.fi\" target=\"_blank\" rel=\"noreferrer noopener\">www.konekuutio.fi<\/a><\/p>\n","protected":false},"excerpt":{"rendered":"<p>Reilumpaa konevuokrausta! Konekuutio Oy on etel\u00e4karjalainen konevuokraamo, jonka toimipisteet sijaitsevat Imatralla ja Lappeenrannassa.Yksityisen\u00e4 konevuokraamona pystymme palvelemaan asiakkaitamme joustavasti ja monipuolisesti tarjoamalla k\u00e4ytt\u00f6\u00f6nne aina laadukkaat ja hyvin huolletut ammattiluokan koneet ja laitteet viel\u00e4p\u00e4 edulliseen hintaan! Meill\u00e4 et esimerkiksi maksa kalliimpaa perusvuokraa ensimm\u00e4isest\u00e4 vuokrap\u00e4iv\u00e4st\u00e4! Uusittujen internetsivujemme kautta voit tehd\u00e4 suoraan tarjouspyynn\u00f6n, kysy\u00e4 tuotteista tai tehd\u00e4 varauksia. Mik\u00e4li &hellip; <a href=\"https:\/\/me.yrittajat.fi\/karjalove\/konekuutio-oy\/\">Lue lis\u00e4\u00e4<\/a><\/p>\n","protected":false},"author":23,"featured_media":0,"parent":0,"menu_order":0,"comment_status":"closed","ping_status":"closed","template":"","meta":{"_acf_changed":false,"footnotes":""},"class_list":["post-328","page","type-page","status-publish","hentry"],"acf":[],"_links":{"self":[{"href":"https:\/\/me.yrittajat.fi\/karjalove\/wp-json\/wp\/v2\/pages\/328","targetHints":{"allow":["GET"]}}],"collection":[{"href":"https:\/\/me.yrittajat.fi\/karjalove\/wp-json\/wp\/v2\/pages"}],"about":[{"href":"https:\/\/me.yrittajat.fi\/karjalove\/wp-json\/wp\/v2\/types\/page"}],"author":[{"embeddable":true,"href":"https:\/\/me.yrittajat.fi\/karjalove\/wp-json\/wp\/v2\/users\/23"}],"replies":[{"embeddable":true,"href":"https:\/\/me.yrittajat.fi\/karjalove\/wp-json\/wp\/v2\/comments?post=328"}],"version-history":[{"count":2,"href":"https:\/\/me.yrittajat.fi\/karjalove\/wp-json\/wp\/v2\/pages\/328\/revisions"}],"predecessor-version":[{"id":2116,"href":"https:\/\/me.yrittajat.fi\/karjalove\/wp-json\/wp\/v2\/pages\/328\/revisions\/2116"}],"wp:attachment":[{"href":"https:\/\/me.yrittajat.fi\/karjalove\/wp-json\/wp\/v2\/media?parent=328"}],"curies":[{"name":"wp","href":"https:\/\/api.w.org\/{rel}","templated":true}]}}