{"id":340,"date":"2023-04-02T14:42:30","date_gmt":"2023-04-02T11:42:30","guid":{"rendered":"https:\/\/me.yrittajat.fi\/karjalove\/?page_id=340"},"modified":"2023-08-17T15:22:34","modified_gmt":"2023-08-17T12:22:34","slug":"hammasarena-lahdemies-oy","status":"publish","type":"page","link":"https:\/\/me.yrittajat.fi\/karjalove\/hammasarena-lahdemies-oy\/","title":{"rendered":"HammasArena \/ L\u00e4hdeMies Oy"},"content":{"rendered":"\n<p>Hammasl\u00e4\u00e4k\u00e4riasemamme HammasArena on toiminut vuodesta 2013 ja se sijaitsee Lappeenrannan keskustassa, Vapaudenaukion puiston vieress\u00e4.<\/p>\n\n\n\n<p>Etel\u00e4karjalaiseen iloiseen tiimiimme kuuluu kaksi hammasl\u00e4\u00e4k\u00e4ri\u00e4, yksi suuhygienisti ja kolme hammashoitajaa. Haluamme panostaa erityisesti laadukkaaseen, ammattitaitoiseen hoitoon sek\u00e4 asiakkaiden yst\u00e4v\u00e4lliseen , rauhalliseen ja hell\u00e4varaiseen kohteluun.<\/p>\n\n\n\n<h3 class=\"wp-block-heading\">Yhteystiedot<\/h3>\n\n\n<div class=\"wp-block-image\">\n<figure class=\"alignright size-large is-resized\"><img loading=\"lazy\" decoding=\"async\" src=\"https:\/\/me.yrittajat.fi\/karjalove\/app\/uploads\/sites\/65\/2023\/08\/hammasarena-henkilosto-1024x698.jpg\" alt=\"\" class=\"wp-image-2113\" width=\"379\" height=\"258\" srcset=\"https:\/\/me.yrittajat.fi\/app\/uploads\/sites\/65\/2023\/08\/hammasarena-henkilosto-1024x698.jpg 1024w, https:\/\/me.yrittajat.fi\/app\/uploads\/sites\/65\/2023\/08\/hammasarena-henkilosto-300x204.jpg 300w, https:\/\/me.yrittajat.fi\/app\/uploads\/sites\/65\/2023\/08\/hammasarena-henkilosto-768x523.jpg 768w, https:\/\/me.yrittajat.fi\/app\/uploads\/sites\/65\/2023\/08\/hammasarena-henkilosto-1536x1047.jpg 1536w, https:\/\/me.yrittajat.fi\/app\/uploads\/sites\/65\/2023\/08\/hammasarena-henkilosto.jpg 1674w\" sizes=\"auto, (max-width: 379px) 100vw, 379px\" \/><\/figure><\/div>\n\n\n<p>Hml Jaana L\u00e4hde<br>Hml Erno Partamies<br>Suuhygienisti Hannele Vesterinen<br>HammasArena\/L\u00e4hdeMies Oy<br>Raatimiehenkatu 20 C 6<br>53100 Lappeenranta<br>puh. 050 343 0341<br>jaana.lahde@pp.inet.fi<br><a href=\"http:\/\/www.hammasarena.fi\" target=\"_blank\" rel=\"noreferrer noopener\">www.hammasarena.fi<\/a><\/p>\n","protected":false},"excerpt":{"rendered":"<p>Hammasl\u00e4\u00e4k\u00e4riasemamme HammasArena on toiminut vuodesta 2013 ja se sijaitsee Lappeenrannan keskustassa, Vapaudenaukion puiston vieress\u00e4. Etel\u00e4karjalaiseen iloiseen tiimiimme kuuluu kaksi hammasl\u00e4\u00e4k\u00e4ri\u00e4, yksi suuhygienisti ja kolme hammashoitajaa. Haluamme panostaa erityisesti laadukkaaseen, ammattitaitoiseen hoitoon sek\u00e4 asiakkaiden yst\u00e4v\u00e4lliseen , rauhalliseen ja hell\u00e4varaiseen kohteluun. Yhteystiedot Hml Jaana L\u00e4hdeHml Erno PartamiesSuuhygienisti Hannele VesterinenHammasArena\/L\u00e4hdeMies OyRaatimiehenkatu 20 C 653100 Lappeenrantapuh. 050 343 0341jaana.lahde@pp.inet.fiwww.hammasarena.fi<\/p>\n","protected":false},"author":23,"featured_media":0,"parent":0,"menu_order":0,"comment_status":"closed","ping_status":"closed","template":"","meta":{"_acf_changed":false,"footnotes":""},"class_list":["post-340","page","type-page","status-publish","hentry"],"acf":[],"_links":{"self":[{"href":"https:\/\/me.yrittajat.fi\/karjalove\/wp-json\/wp\/v2\/pages\/340","targetHints":{"allow":["GET"]}}],"collection":[{"href":"https:\/\/me.yrittajat.fi\/karjalove\/wp-json\/wp\/v2\/pages"}],"about":[{"href":"https:\/\/me.yrittajat.fi\/karjalove\/wp-json\/wp\/v2\/types\/page"}],"author":[{"embeddable":true,"href":"https:\/\/me.yrittajat.fi\/karjalove\/wp-json\/wp\/v2\/users\/23"}],"replies":[{"embeddable":true,"href":"https:\/\/me.yrittajat.fi\/karjalove\/wp-json\/wp\/v2\/comments?post=340"}],"version-history":[{"count":8,"href":"https:\/\/me.yrittajat.fi\/karjalove\/wp-json\/wp\/v2\/pages\/340\/revisions"}],"predecessor-version":[{"id":2115,"href":"https:\/\/me.yrittajat.fi\/karjalove\/wp-json\/wp\/v2\/pages\/340\/revisions\/2115"}],"wp:attachment":[{"href":"https:\/\/me.yrittajat.fi\/karjalove\/wp-json\/wp\/v2\/media?parent=340"}],"curies":[{"name":"wp","href":"https:\/\/api.w.org\/{rel}","templated":true}]}}