{"id":345,"date":"2023-04-02T14:47:29","date_gmt":"2023-04-02T11:47:29","guid":{"rendered":"https:\/\/me.yrittajat.fi\/karjalove\/?page_id=345"},"modified":"2023-08-17T15:11:19","modified_gmt":"2023-08-17T12:11:19","slug":"lappeenrannan-reatek-oy","status":"publish","type":"page","link":"https:\/\/me.yrittajat.fi\/karjalove\/lappeenrannan-reatek-oy\/","title":{"rendered":"Lappeenrannan Reatek Oy"},"content":{"rendered":"\n<p>Lappeenrannan Reatek Oy on kokonaisvaltaiseen palveluun keskittynyt sisustus- ja laattaliike. Maahantuomme ja toimitamme markkinoiden laadukkaimmat italialaiset laatat ja muut kylpyhuonekalusteet. Yrityksemme p\u00e4\u00e4toimipaikka ja myym\u00e4l\u00e4 sijaitsee Lappeenrannassa, Kaakkoiskaari 18 -liiketalossa.<\/p>\n\n\n\n<h3 class=\"wp-block-heading\">Yhteystiedot<\/h3>\n\n\n\n<p>Kaakkoiskaari 18<br>53500 LAPPEENRANTA<br>puh. 050-564 0775<br>info@reatek.fi<br><a rel=\"noreferrer noopener\" href=\"http:\/\/www.reatek.fi\" target=\"_blank\">www.reatek.fi<\/a><\/p>\n","protected":false},"excerpt":{"rendered":"<p>Lappeenrannan Reatek Oy on kokonaisvaltaiseen palveluun keskittynyt sisustus- ja laattaliike. Maahantuomme ja toimitamme markkinoiden laadukkaimmat italialaiset laatat ja muut kylpyhuonekalusteet. Yrityksemme p\u00e4\u00e4toimipaikka ja myym\u00e4l\u00e4 sijaitsee Lappeenrannassa, Kaakkoiskaari 18 -liiketalossa. Yhteystiedot Kaakkoiskaari 1853500 LAPPEENRANTApuh. 050-564 0775info@reatek.fiwww.reatek.fi<\/p>\n","protected":false},"author":23,"featured_media":0,"parent":0,"menu_order":0,"comment_status":"closed","ping_status":"closed","template":"","meta":{"_acf_changed":false,"footnotes":""},"class_list":["post-345","page","type-page","status-publish","hentry"],"acf":[],"_links":{"self":[{"href":"https:\/\/me.yrittajat.fi\/karjalove\/wp-json\/wp\/v2\/pages\/345","targetHints":{"allow":["GET"]}}],"collection":[{"href":"https:\/\/me.yrittajat.fi\/karjalove\/wp-json\/wp\/v2\/pages"}],"about":[{"href":"https:\/\/me.yrittajat.fi\/karjalove\/wp-json\/wp\/v2\/types\/page"}],"author":[{"embeddable":true,"href":"https:\/\/me.yrittajat.fi\/karjalove\/wp-json\/wp\/v2\/users\/23"}],"replies":[{"embeddable":true,"href":"https:\/\/me.yrittajat.fi\/karjalove\/wp-json\/wp\/v2\/comments?post=345"}],"version-history":[{"count":5,"href":"https:\/\/me.yrittajat.fi\/karjalove\/wp-json\/wp\/v2\/pages\/345\/revisions"}],"predecessor-version":[{"id":2105,"href":"https:\/\/me.yrittajat.fi\/karjalove\/wp-json\/wp\/v2\/pages\/345\/revisions\/2105"}],"wp:attachment":[{"href":"https:\/\/me.yrittajat.fi\/karjalove\/wp-json\/wp\/v2\/media?parent=345"}],"curies":[{"name":"wp","href":"https:\/\/api.w.org\/{rel}","templated":true}]}}