{"id":357,"date":"2023-04-02T14:58:32","date_gmt":"2023-04-02T11:58:32","guid":{"rendered":"https:\/\/me.yrittajat.fi\/karjalove\/?page_id=357"},"modified":"2023-08-17T15:07:46","modified_gmt":"2023-08-17T12:07:46","slug":"lappeenrannan-tyokonehuolto","status":"publish","type":"page","link":"https:\/\/me.yrittajat.fi\/karjalove\/lappeenrannan-tyokonehuolto\/","title":{"rendered":"Lappeenrannan Ty\u00f6konehuolto"},"content":{"rendered":"\n<p>Hoidamme vankalla ammattitaidolla maanrakennus- ja maatalouskoneiden, henkil\u00f6nostimien sek\u00e4 kurottajien huollot ja korjaukset alusta loppuun. K\u00e4yt\u00f6ss\u00e4mme on my\u00f6s useampia hyvin varusteltuja huoltoautoja, joilla p\u00e4\u00e4semme korjausta odottavan kohteen luo saattamaan kone nopeasti takaisin tuottavaan ty\u00f6h\u00f6n. Toiminta-alueemme k\u00e4sitt\u00e4\u00e4 koko Etel\u00e4- ja It\u00e4-Suomen alueet.<\/p>\n\n\n\n<p>Meilt\u00e4 my\u00f6s<\/p>\n\n\n\n<ul class=\"wp-block-list\">\n<li>vakuutusyhti\u00f6iden vahinkokorjaukset<\/li>\n\n\n\n<li>s\u00e4hk\u00f6- ja hydrauliikkaty\u00f6t<\/li>\n\n\n\n<li>ilmastointihuollot<\/li>\n\n\n\n<li>hitsaukset ja aarporaukset<\/li>\n\n\n\n<li>hiekkapuhallus- ja muut pintak\u00e4sittelyty\u00f6t<\/li>\n\n\n\n<li>lis\u00e4laitteiden ja -l\u00e4mmittimien huollot ja hankinnat asennettuna<\/li>\n\n\n\n<li>sammutusj\u00e4rjestelm\u00e4t<\/li>\n\n\n\n<li>koneiden pesut sek\u00e4 osien pesut koneellisesti<\/li>\n<\/ul>\n\n\n\n<p>Kauttamme on mahdollista hakea rahoitusta isompiin investointeihin.<\/p>\n\n\n\n<p>Varaosamyym\u00e4l\u00e4mme ja korjaamomme sijaitsee hyvien liikenneyhteyksien p\u00e4\u00e4ss\u00e4 Kes\u00e4m\u00e4en kaupunginosassa Lappeenrannan keskustan tuntumassa, l\u00e4hell\u00e4 VT6 liitynt\u00e4ramppia numero 52.<\/p>\n\n\n\n<p>Laajan yhteisty\u00f6kumppaniverkoston johdosta varaosia kauttamme saa kaikkiin merkkeihin ja usein varsin kilpailukykyiseen hintaan! Postitamme my\u00f6s koko Manner-Suomeen.<\/p>\n\n\n\n<p>Kauttamme saatavilla my\u00f6s Hydroscandin laadukkaat hydraulil- ja ter\u00e4spunosletkut liittimineen mittojen mukaan tehtyn\u00e4.<\/p>\n\n\n<div class=\"wp-block-image\">\n<figure class=\"alignright size-full is-resized\"><img loading=\"lazy\" decoding=\"async\" src=\"https:\/\/me.yrittajat.fi\/karjalove\/app\/uploads\/sites\/65\/2023\/03\/pexels-photomix-company-95687-1024x683-1.jpg\" alt=\"\" class=\"wp-image-109\" width=\"341\" height=\"227\" srcset=\"https:\/\/me.yrittajat.fi\/app\/uploads\/sites\/65\/2023\/03\/pexels-photomix-company-95687-1024x683-1.jpg 1024w, https:\/\/me.yrittajat.fi\/app\/uploads\/sites\/65\/2023\/03\/pexels-photomix-company-95687-1024x683-1-300x200.jpg 300w, https:\/\/me.yrittajat.fi\/app\/uploads\/sites\/65\/2023\/03\/pexels-photomix-company-95687-1024x683-1-768x512.jpg 768w, https:\/\/me.yrittajat.fi\/app\/uploads\/sites\/65\/2023\/03\/pexels-photomix-company-95687-1024x683-1-668x445.jpg 668w\" sizes=\"auto, (max-width: 341px) 100vw, 341px\" \/><\/figure><\/div>\n\n\n<h3 class=\"wp-block-heading\">Yhteystiedot<\/h3>\n\n\n\n<p>L\u00e4mpim\u00e4sti tervetuloa k\u00e4ym\u00e4\u00e4n arkisin klo 8-16 tai ota yhteytt\u00e4 ja kysy lis\u00e4\u00e4:<\/p>\n\n\n\n<p>Ty\u00f6njohto p. 050&nbsp;435 8619 tai <a href=\"mailto:huolto@koneekuntoon.fi\">huolto@koneekuntoon.fi<\/a><\/p>\n\n\n\n<p>Varaosat ja hydrauliikkatarvikkeet p. 050 5688 507 tai <a href=\"mailto:varaosat@koneetkuntoon.fi\">varaosat@koneetkuntoon.fi<\/a><\/p>\n","protected":false},"excerpt":{"rendered":"<p>Hoidamme vankalla ammattitaidolla maanrakennus- ja maatalouskoneiden, henkil\u00f6nostimien sek\u00e4 kurottajien huollot ja korjaukset alusta loppuun. K\u00e4yt\u00f6ss\u00e4mme on my\u00f6s useampia hyvin varusteltuja huoltoautoja, joilla p\u00e4\u00e4semme korjausta odottavan kohteen luo saattamaan kone nopeasti takaisin tuottavaan ty\u00f6h\u00f6n. Toiminta-alueemme k\u00e4sitt\u00e4\u00e4 koko Etel\u00e4- ja It\u00e4-Suomen alueet. Meilt\u00e4 my\u00f6s Kauttamme on mahdollista hakea rahoitusta isompiin investointeihin. Varaosamyym\u00e4l\u00e4mme ja korjaamomme sijaitsee hyvien liikenneyhteyksien &hellip; <a href=\"https:\/\/me.yrittajat.fi\/karjalove\/lappeenrannan-tyokonehuolto\/\">Lue lis\u00e4\u00e4<\/a><\/p>\n","protected":false},"author":23,"featured_media":0,"parent":0,"menu_order":0,"comment_status":"closed","ping_status":"closed","template":"","meta":{"_acf_changed":false,"footnotes":""},"class_list":["post-357","page","type-page","status-publish","hentry"],"acf":[],"_links":{"self":[{"href":"https:\/\/me.yrittajat.fi\/karjalove\/wp-json\/wp\/v2\/pages\/357","targetHints":{"allow":["GET"]}}],"collection":[{"href":"https:\/\/me.yrittajat.fi\/karjalove\/wp-json\/wp\/v2\/pages"}],"about":[{"href":"https:\/\/me.yrittajat.fi\/karjalove\/wp-json\/wp\/v2\/types\/page"}],"author":[{"embeddable":true,"href":"https:\/\/me.yrittajat.fi\/karjalove\/wp-json\/wp\/v2\/users\/23"}],"replies":[{"embeddable":true,"href":"https:\/\/me.yrittajat.fi\/karjalove\/wp-json\/wp\/v2\/comments?post=357"}],"version-history":[{"count":8,"href":"https:\/\/me.yrittajat.fi\/karjalove\/wp-json\/wp\/v2\/pages\/357\/revisions"}],"predecessor-version":[{"id":2104,"href":"https:\/\/me.yrittajat.fi\/karjalove\/wp-json\/wp\/v2\/pages\/357\/revisions\/2104"}],"wp:attachment":[{"href":"https:\/\/me.yrittajat.fi\/karjalove\/wp-json\/wp\/v2\/media?parent=357"}],"curies":[{"name":"wp","href":"https:\/\/api.w.org\/{rel}","templated":true}]}}